{"id":4491,"date":"2025-09-19T14:17:02","date_gmt":"2025-09-19T12:17:02","guid":{"rendered":"https:\/\/antiquewhite-alligator-594470.hostingersite.com\/?post_type=product&#038;p=4491"},"modified":"2025-09-19T14:24:34","modified_gmt":"2025-09-19T12:24:34","slug":"mini-pelle-kubota-u50-5-2022-compacte-et-performante-pour-vos-chantiers","status":"publish","type":"product","link":"https:\/\/samaterielagricole.com\/en\/product\/mini-pelle-kubota-u50-5-2022-compacte-et-performante-pour-vos-chantiers\/","title":{"rendered":"Mini pelle Kubota U50-5 2022 \u2013 Compacte et performante pour vos chantiers"},"content":{"rendered":"<p>Cette mini pelle Kubota U50-5 de 2022 affiche 2 070 heures d&rsquo;utilisation. Avec un poids de 4 965 kg et une puissance moteur de 29,7 kW, elle offre un excellent compromis entre puissance et maniabilit\u00e9. L&rsquo;\u00e9quipement comprend une attache rapide hydraulique, un circuit hydraulique pour BRH, un gyrophare de chantier et une lame de nivellement. Marqu\u00e9e CE, elle est id\u00e9ale pour les travaux urbains ou sur espaces restreints. En tr\u00e8s bon \u00e9tat de fonctionnement, son ch\u00e2ssis et son train de roulement sont bien conserv\u00e9s.<\/p>\n\n    <div class=\"xs_social_share_widget xs_share_url after_content \t\tmain_content  wslu-style-1 wslu-share-box-shaped wslu-fill-colored wslu-none wslu-share-horizontal wslu-theme-font-no wslu-main_content\">\n\n\t\t\n        <ul>\n\t\t\t        <\/ul>\n    <\/div>","protected":false},"excerpt":{"rendered":"<p>Mini pelle Kubota U50-5 de 2022 avec 2 070 heures. Compacte et puissante, \u00e9quip\u00e9e attache rapide, ligne BRH, lame.<\/p>","protected":false},"featured_media":4980,"comment_status":"open","ping_status":"closed","template":"","meta":{"postBodyCss":"","postBodyMargin":[],"postBodyPadding":[],"postBodyBackground":{"backgroundType":"classic","gradient":""}},"product_brand":[],"product_cat":[225],"product_tag":[],"class_list":{"0":"post-4491","1":"product","2":"type-product","3":"status-publish","4":"has-post-thumbnail","6":"product_cat-mini-pelles","8":"first","9":"instock","10":"shipping-taxable","11":"purchasable","12":"product-type-simple"},"_links":{"self":[{"href":"https:\/\/samaterielagricole.com\/en\/wp-json\/wp\/v2\/product\/4491","targetHints":{"allow":["GET"]}}],"collection":[{"href":"https:\/\/samaterielagricole.com\/en\/wp-json\/wp\/v2\/product"}],"about":[{"href":"https:\/\/samaterielagricole.com\/en\/wp-json\/wp\/v2\/types\/product"}],"replies":[{"embeddable":true,"href":"https:\/\/samaterielagricole.com\/en\/wp-json\/wp\/v2\/comments?post=4491"}],"version-history":[{"count":1,"href":"https:\/\/samaterielagricole.com\/en\/wp-json\/wp\/v2\/product\/4491\/revisions"}],"predecessor-version":[{"id":4981,"href":"https:\/\/samaterielagricole.com\/en\/wp-json\/wp\/v2\/product\/4491\/revisions\/4981"}],"wp:featuredmedia":[{"embeddable":true,"href":"https:\/\/samaterielagricole.com\/en\/wp-json\/wp\/v2\/media\/4980"}],"wp:attachment":[{"href":"https:\/\/samaterielagricole.com\/en\/wp-json\/wp\/v2\/media?parent=4491"}],"wp:term":[{"taxonomy":"product_brand","embeddable":true,"href":"https:\/\/samaterielagricole.com\/en\/wp-json\/wp\/v2\/product_brand?post=4491"},{"taxonomy":"product_cat","embeddable":true,"href":"https:\/\/samaterielagricole.com\/en\/wp-json\/wp\/v2\/product_cat?post=4491"},{"taxonomy":"product_tag","embeddable":true,"href":"https:\/\/samaterielagricole.com\/en\/wp-json\/wp\/v2\/product_tag?post=4491"}],"curies":[{"name":"wp","href":"https:\/\/api.w.org\/{rel}","templated":true}]}}