{"id":4460,"date":"2025-09-19T14:16:27","date_gmt":"2025-09-19T12:16:27","guid":{"rendered":"https:\/\/antiquewhite-alligator-594470.hostingersite.com\/?post_type=product&#038;p=4460"},"modified":"2025-09-19T14:24:15","modified_gmt":"2025-09-19T12:24:15","slug":"mini-pelle-kubota-u-27-2017-performante-bien-entretenue-et-prete-a-lemploi","status":"publish","type":"product","link":"https:\/\/samaterielagricole.com\/en\/product\/mini-pelle-kubota-u-27-2017-performante-bien-entretenue-et-prete-a-lemploi\/","title":{"rendered":"Mini pelle Kubota U 27 2017 \u2013 Performante, bien entretenue et pr\u00eate \u00e0 l\u2019emploi"},"content":{"rendered":"<p>La mini pelle Kubota U 27 de 2017, avec seulement 2 972 heures d\u2019utilisation, est une machine robuste et fiable, id\u00e9ale pour des chantiers n\u00e9cessitant pr\u00e9cision et efficacit\u00e9. Equip\u00e9e d\u2019un moteur Kubota diesel de 15,5 kW, elle dispose de chenilles \u00e0 deux vitesses et d\u2019un ch\u00e2ssis solide, avec un sous-ch\u00e2ssis \u00e0 80 % de sa capacit\u00e9. Son syst\u00e8me d\u2019attache rapide hydraulique et son moteur puissant permettent de r\u00e9aliser une grande vari\u00e9t\u00e9 de travaux. Tr\u00e8s propre, elle est \u00e9quip\u00e9e de feux de signalisation verts et ambr\u00e9s, et offre une s\u00e9curit\u00e9 optimale avec son syst\u00e8me d\u2019immobilisation par cl\u00e9 rouge. Elle a \u00e9t\u00e9 utilis\u00e9e par un seul propri\u00e9taire et a \u00e9t\u00e9 soigneusement entretenue avec un historique de maintenance complet. Cette mini pelle est pr\u00eate \u00e0 l\u2019emploi et peut \u00eatre livr\u00e9e avec des options de financement.<\/p>\n\n    <div class=\"xs_social_share_widget xs_share_url after_content \t\tmain_content  wslu-style-1 wslu-share-box-shaped wslu-fill-colored wslu-none wslu-share-horizontal wslu-theme-font-no wslu-main_content\">\n\n\t\t\n        <ul>\n\t\t\t        <\/ul>\n    <\/div>","protected":false},"excerpt":{"rendered":"<p>Mini pelle Kubota U 27 de 2017 avec 2 972 h. Moteur Kubota de 15,5 kW, bonne condition g\u00e9n\u00e9rale, entretenue avec un historique complet. Pr\u00eate pour tous travaux.<\/p>","protected":false},"featured_media":4969,"comment_status":"open","ping_status":"closed","template":"","meta":{"postBodyCss":"","postBodyMargin":[],"postBodyPadding":[],"postBodyBackground":{"backgroundType":"classic","gradient":""}},"product_brand":[],"product_cat":[225],"product_tag":[],"class_list":{"0":"post-4460","1":"product","2":"type-product","3":"status-publish","4":"has-post-thumbnail","6":"product_cat-mini-pelles","8":"first","9":"instock","10":"shipping-taxable","11":"purchasable","12":"product-type-simple"},"_links":{"self":[{"href":"https:\/\/samaterielagricole.com\/en\/wp-json\/wp\/v2\/product\/4460","targetHints":{"allow":["GET"]}}],"collection":[{"href":"https:\/\/samaterielagricole.com\/en\/wp-json\/wp\/v2\/product"}],"about":[{"href":"https:\/\/samaterielagricole.com\/en\/wp-json\/wp\/v2\/types\/product"}],"replies":[{"embeddable":true,"href":"https:\/\/samaterielagricole.com\/en\/wp-json\/wp\/v2\/comments?post=4460"}],"version-history":[{"count":1,"href":"https:\/\/samaterielagricole.com\/en\/wp-json\/wp\/v2\/product\/4460\/revisions"}],"predecessor-version":[{"id":4970,"href":"https:\/\/samaterielagricole.com\/en\/wp-json\/wp\/v2\/product\/4460\/revisions\/4970"}],"wp:featuredmedia":[{"embeddable":true,"href":"https:\/\/samaterielagricole.com\/en\/wp-json\/wp\/v2\/media\/4969"}],"wp:attachment":[{"href":"https:\/\/samaterielagricole.com\/en\/wp-json\/wp\/v2\/media?parent=4460"}],"wp:term":[{"taxonomy":"product_brand","embeddable":true,"href":"https:\/\/samaterielagricole.com\/en\/wp-json\/wp\/v2\/product_brand?post=4460"},{"taxonomy":"product_cat","embeddable":true,"href":"https:\/\/samaterielagricole.com\/en\/wp-json\/wp\/v2\/product_cat?post=4460"},{"taxonomy":"product_tag","embeddable":true,"href":"https:\/\/samaterielagricole.com\/en\/wp-json\/wp\/v2\/product_tag?post=4460"}],"curies":[{"name":"wp","href":"https:\/\/api.w.org\/{rel}","templated":true}]}}