{"id":4429,"date":"2025-09-19T14:16:01","date_gmt":"2025-09-19T12:16:01","guid":{"rendered":"https:\/\/antiquewhite-alligator-594470.hostingersite.com\/?post_type=product&#038;p=4429"},"modified":"2025-09-19T14:23:27","modified_gmt":"2025-09-19T12:23:27","slug":"mini-pelle-jcb-19-c-1-2020-performances-optimales-pour-vos-chantiers","status":"publish","type":"product","link":"https:\/\/samaterielagricole.com\/en\/product\/mini-pelle-jcb-19-c-1-2020-performances-optimales-pour-vos-chantiers\/","title":{"rendered":"Mini pelle JCB 19 C-1 2020 \u2013 Performances optimales pour vos chantiers"},"content":{"rendered":"<p>La mini excavatrice JCB 19 C-1 de 2020 est une machine performante, avec seulement 1 856 heures d\u2019utilisation. Aliment\u00e9e par un moteur Perkins Diesel 3 cylindres de 12,2 kW (16,6 ch), elle est parfaite pour les chantiers n\u00e9cessitant une machine compacte et puissante. Avec une profondeur de creusement maximale de 2 426 mm, elle peut facilement accomplir des travaux de terrassement, d\u2019excavation et d\u2019am\u00e9nagement. Son ch\u00e2ssis extensible et ses chenilles \u00e0 double vitesse assurent une excellente mobilit\u00e9, tandis que l\u2019attelage rapide et le circuit hydraulique auxiliaire facilitent le changement d\u2019accessoires. De plus, elle est \u00e9quip\u00e9e d\u2019une cabine ferm\u00e9e, d\u2019une lame de nivellement et de phares de travail pour plus de confort et de s\u00e9curit\u00e9. Avec un poids de 1 910 kg, elle combine robustesse et maniabilit\u00e9.<\/p>\n\n    <div class=\"xs_social_share_widget xs_share_url after_content \t\tmain_content  wslu-style-1 wslu-share-box-shaped wslu-fill-colored wslu-none wslu-share-horizontal wslu-theme-font-no wslu-main_content\">\n\n\t\t\n        <ul>\n\t\t\t        <\/ul>\n    <\/div>","protected":false},"excerpt":{"rendered":"<p>Mini excavatrice JCB 19 C-1 de 2020, 1 856 heures d\u2019utilisation, id\u00e9ale pour les travaux de terrassement. Compacte, robuste et \u00e9quip\u00e9e d\u2019un moteur Perkins.<\/p>","protected":false},"featured_media":4918,"comment_status":"open","ping_status":"closed","template":"","meta":{"postBodyCss":"","postBodyMargin":[],"postBodyPadding":[],"postBodyBackground":{"backgroundType":"classic","gradient":""}},"product_brand":[],"product_cat":[225],"product_tag":[],"class_list":{"0":"post-4429","1":"product","2":"type-product","3":"status-publish","4":"has-post-thumbnail","6":"product_cat-mini-pelles","8":"first","9":"instock","10":"shipping-taxable","11":"purchasable","12":"product-type-simple"},"_links":{"self":[{"href":"https:\/\/samaterielagricole.com\/en\/wp-json\/wp\/v2\/product\/4429","targetHints":{"allow":["GET"]}}],"collection":[{"href":"https:\/\/samaterielagricole.com\/en\/wp-json\/wp\/v2\/product"}],"about":[{"href":"https:\/\/samaterielagricole.com\/en\/wp-json\/wp\/v2\/types\/product"}],"replies":[{"embeddable":true,"href":"https:\/\/samaterielagricole.com\/en\/wp-json\/wp\/v2\/comments?post=4429"}],"version-history":[{"count":1,"href":"https:\/\/samaterielagricole.com\/en\/wp-json\/wp\/v2\/product\/4429\/revisions"}],"predecessor-version":[{"id":4919,"href":"https:\/\/samaterielagricole.com\/en\/wp-json\/wp\/v2\/product\/4429\/revisions\/4919"}],"wp:featuredmedia":[{"embeddable":true,"href":"https:\/\/samaterielagricole.com\/en\/wp-json\/wp\/v2\/media\/4918"}],"wp:attachment":[{"href":"https:\/\/samaterielagricole.com\/en\/wp-json\/wp\/v2\/media?parent=4429"}],"wp:term":[{"taxonomy":"product_brand","embeddable":true,"href":"https:\/\/samaterielagricole.com\/en\/wp-json\/wp\/v2\/product_brand?post=4429"},{"taxonomy":"product_cat","embeddable":true,"href":"https:\/\/samaterielagricole.com\/en\/wp-json\/wp\/v2\/product_cat?post=4429"},{"taxonomy":"product_tag","embeddable":true,"href":"https:\/\/samaterielagricole.com\/en\/wp-json\/wp\/v2\/product_tag?post=4429"}],"curies":[{"name":"wp","href":"https:\/\/api.w.org\/{rel}","templated":true}]}}