{"id":4428,"date":"2025-09-19T14:16:01","date_gmt":"2025-09-19T12:16:01","guid":{"rendered":"https:\/\/antiquewhite-alligator-594470.hostingersite.com\/?post_type=product&#038;p=4428"},"modified":"2025-09-19T14:23:14","modified_gmt":"2025-09-19T12:23:14","slug":"mini-pelle-jcb-803-plus-1999-machine-pratique-et-en-bon-etat-pour-vos-travaux","status":"publish","type":"product","link":"https:\/\/samaterielagricole.com\/en\/product\/mini-pelle-jcb-803-plus-1999-machine-pratique-et-en-bon-etat-pour-vos-travaux\/","title":{"rendered":"Mini pelle JCB 803 Plus 1999 \u2013 Machine pratique et en bon \u00e9tat pour vos travaux"},"content":{"rendered":"<p>La mini excavatrice JCB 803 Plus de 1999 est une machine robuste et en bon \u00e9tat, pr\u00eate \u00e0 l&#8217;emploi pour des travaux d&rsquo;excavation vari\u00e9s. Avec son poids de 3 000 kg et son moteur diesel, elle offre une excellente performance pour les petits et moyens chantiers. Cette machine est \u00e9quip\u00e9e de trois godets, d\u2019un attelage semi-rapide, et de chenilles en caoutchouc en bon \u00e9tat. Elle pr\u00e9sente une bonne maniabilit\u00e9 et une fiabilit\u00e9 accrue pour vos projets. D\u2019origine britannique, cette mini excavatrice est une option pratique, \u00e9conomique et performante pour les professionnels \u00e0 la recherche d\u2019un \u00e9quipement de qualit\u00e9, fiable et pr\u00eat \u00e0 l\u2019emploi. La livraison peut \u00eatre organis\u00e9e sur demande.<\/p>\n\n    <div class=\"xs_social_share_widget xs_share_url after_content \t\tmain_content  wslu-style-1 wslu-share-box-shaped wslu-fill-colored wslu-none wslu-share-horizontal wslu-theme-font-no wslu-main_content\">\n\n\t\t\n        <ul>\n\t\t\t        <\/ul>\n    <\/div>","protected":false},"excerpt":{"rendered":"<p>Mini excavatrice JCB 803 Plus de 1999, bien entretenue, avec 3 godets, attelage semi-rapide, et bonnes chenilles en caoutchouc. Id\u00e9ale pour les petits chantiers.<\/p>","protected":false},"featured_media":4908,"comment_status":"open","ping_status":"closed","template":"","meta":{"postBodyCss":"","postBodyMargin":[],"postBodyPadding":[],"postBodyBackground":{"backgroundType":"classic","gradient":""}},"product_brand":[],"product_cat":[246],"product_tag":[],"class_list":{"0":"post-4428","1":"product","2":"type-product","3":"status-publish","4":"has-post-thumbnail","6":"product_cat-mini-loaders","8":"first","9":"instock","10":"shipping-taxable","11":"purchasable","12":"product-type-simple"},"_links":{"self":[{"href":"https:\/\/samaterielagricole.com\/en\/wp-json\/wp\/v2\/product\/4428","targetHints":{"allow":["GET"]}}],"collection":[{"href":"https:\/\/samaterielagricole.com\/en\/wp-json\/wp\/v2\/product"}],"about":[{"href":"https:\/\/samaterielagricole.com\/en\/wp-json\/wp\/v2\/types\/product"}],"replies":[{"embeddable":true,"href":"https:\/\/samaterielagricole.com\/en\/wp-json\/wp\/v2\/comments?post=4428"}],"version-history":[{"count":1,"href":"https:\/\/samaterielagricole.com\/en\/wp-json\/wp\/v2\/product\/4428\/revisions"}],"predecessor-version":[{"id":4909,"href":"https:\/\/samaterielagricole.com\/en\/wp-json\/wp\/v2\/product\/4428\/revisions\/4909"}],"wp:featuredmedia":[{"embeddable":true,"href":"https:\/\/samaterielagricole.com\/en\/wp-json\/wp\/v2\/media\/4908"}],"wp:attachment":[{"href":"https:\/\/samaterielagricole.com\/en\/wp-json\/wp\/v2\/media?parent=4428"}],"wp:term":[{"taxonomy":"product_brand","embeddable":true,"href":"https:\/\/samaterielagricole.com\/en\/wp-json\/wp\/v2\/product_brand?post=4428"},{"taxonomy":"product_cat","embeddable":true,"href":"https:\/\/samaterielagricole.com\/en\/wp-json\/wp\/v2\/product_cat?post=4428"},{"taxonomy":"product_tag","embeddable":true,"href":"https:\/\/samaterielagricole.com\/en\/wp-json\/wp\/v2\/product_tag?post=4428"}],"curies":[{"name":"wp","href":"https:\/\/api.w.org\/{rel}","templated":true}]}}