{"id":4341,"date":"2025-09-19T14:15:14","date_gmt":"2025-09-19T12:15:14","guid":{"rendered":"https:\/\/antiquewhite-alligator-594470.hostingersite.com\/?post_type=product&#038;p=4341"},"modified":"2025-09-19T14:22:08","modified_gmt":"2025-09-19T12:22:08","slug":"mini-pelle-kobelco-sk-26-1e-2023-mini-pelle-26-tonnes-avec-attache-rapide-hydraulique","status":"publish","type":"product","link":"https:\/\/samaterielagricole.com\/en\/product\/mini-pelle-kobelco-sk-26-1e-2023-mini-pelle-26-tonnes-avec-attache-rapide-hydraulique\/","title":{"rendered":"Mini pelle Kobelco SK 26 1E 2023 \u2013 Mini pelle 2,6 tonnes avec attache rapide hydraulique"},"content":{"rendered":"<p>Cette mini pelle Kobelco SK26-1E de 2023 affiche seulement 59 heures d&rsquo;utilisation. Dot\u00e9e d\u2019un moteur Yanmar de 17,6 kW (23,9 ch), elle p\u00e8se 2 600 kg et offre des performances fiables pour les travaux de terrassement et de construction. L\u2019\u00e9quipement comprend une attache rapide hydraulique Geith, des godets Strickland, un syst\u00e8me de translation rapide\/lente, un poste de conduite avec radio, ainsi qu\u2019un \u00e9clairage de s\u00e9curit\u00e9 orange et vert. Sa couleur bleue d\u2019origine et son excellent \u00e9tat g\u00e9n\u00e9ral en font une machine op\u00e9rationnelle et bien entretenue, pr\u00eate \u00e0 l\u2019emploi sur tous types de chantiers.<\/p>\n\n    <div class=\"xs_social_share_widget xs_share_url after_content \t\tmain_content  wslu-style-1 wslu-share-box-shaped wslu-fill-colored wslu-none wslu-share-horizontal wslu-theme-font-no wslu-main_content\">\n\n\t\t\n        <ul>\n\t\t\t        <\/ul>\n    <\/div>","protected":false},"excerpt":{"rendered":"<p>Mini pelle Kobelco SK26-1E de 2023 avec seulement 59 h au compteur. Attache rapide hydraulique, godets, radio, feux de s\u00e9curit\u00e9.<\/p>","protected":false},"featured_media":4821,"comment_status":"open","ping_status":"closed","template":"","meta":{"postBodyCss":"","postBodyMargin":[],"postBodyPadding":[],"postBodyBackground":{"backgroundType":"classic","gradient":""}},"product_brand":[],"product_cat":[225],"product_tag":[],"class_list":{"0":"post-4341","1":"product","2":"type-product","3":"status-publish","4":"has-post-thumbnail","6":"product_cat-mini-pelles","8":"first","9":"instock","10":"shipping-taxable","11":"purchasable","12":"product-type-simple"},"_links":{"self":[{"href":"https:\/\/samaterielagricole.com\/en\/wp-json\/wp\/v2\/product\/4341","targetHints":{"allow":["GET"]}}],"collection":[{"href":"https:\/\/samaterielagricole.com\/en\/wp-json\/wp\/v2\/product"}],"about":[{"href":"https:\/\/samaterielagricole.com\/en\/wp-json\/wp\/v2\/types\/product"}],"replies":[{"embeddable":true,"href":"https:\/\/samaterielagricole.com\/en\/wp-json\/wp\/v2\/comments?post=4341"}],"version-history":[{"count":1,"href":"https:\/\/samaterielagricole.com\/en\/wp-json\/wp\/v2\/product\/4341\/revisions"}],"predecessor-version":[{"id":4822,"href":"https:\/\/samaterielagricole.com\/en\/wp-json\/wp\/v2\/product\/4341\/revisions\/4822"}],"wp:featuredmedia":[{"embeddable":true,"href":"https:\/\/samaterielagricole.com\/en\/wp-json\/wp\/v2\/media\/4821"}],"wp:attachment":[{"href":"https:\/\/samaterielagricole.com\/en\/wp-json\/wp\/v2\/media?parent=4341"}],"wp:term":[{"taxonomy":"product_brand","embeddable":true,"href":"https:\/\/samaterielagricole.com\/en\/wp-json\/wp\/v2\/product_brand?post=4341"},{"taxonomy":"product_cat","embeddable":true,"href":"https:\/\/samaterielagricole.com\/en\/wp-json\/wp\/v2\/product_cat?post=4341"},{"taxonomy":"product_tag","embeddable":true,"href":"https:\/\/samaterielagricole.com\/en\/wp-json\/wp\/v2\/product_tag?post=4341"}],"curies":[{"name":"wp","href":"https:\/\/api.w.org\/{rel}","templated":true}]}}