{"id":4340,"date":"2025-09-19T14:15:14","date_gmt":"2025-09-19T12:15:14","guid":{"rendered":"https:\/\/antiquewhite-alligator-594470.hostingersite.com\/?post_type=product&#038;p=4340"},"modified":"2025-09-19T14:21:52","modified_gmt":"2025-09-19T12:21:52","slug":"mini-pelle-jcb-8026-cts-2012-compacte-performante-et-bien-equipee","status":"publish","type":"product","link":"https:\/\/samaterielagricole.com\/en\/product\/mini-pelle-jcb-8026-cts-2012-compacte-performante-et-bien-equipee\/","title":{"rendered":"Mini pelle JCB 8026 CTS 2012 \u2013 Compacte, performante et bien \u00e9quip\u00e9e"},"content":{"rendered":"<p>Cette mini pelle JCB 8026 CTS de 2012 est une machine compacte con\u00e7ue pour les travaux de terrassement pr\u00e9cis. Elle cumule 3 150 heures d\u2019utilisation et fonctionne au diesel. Son \u00e9quipement comprend un coupleur m\u00e9canique JCB d\u2019origine, un bras r\u00e9glable hydrauliquement, un godet c\u00e2ble et un godet de fouille. Des interventions r\u00e9centes incluent le remplacement de la courroie de ventilateur, de l\u2019alternateur et de l\u2019essuie-glace avant. L\u2019ensemble est en bon \u00e9tat de fonctionnement. Le train de roulement affiche une usure estim\u00e9e \u00e0 30 %. Cette machine de fabrication britannique se distingue par sa robustesse et sa fiabilit\u00e9.<\/p>\n\n    <div class=\"xs_social_share_widget xs_share_url after_content \t\tmain_content  wslu-style-1 wslu-share-box-shaped wslu-fill-colored wslu-none wslu-share-horizontal wslu-theme-font-no wslu-main_content\">\n\n\t\t\n        <ul>\n\t\t\t        <\/ul>\n    <\/div>","protected":false},"excerpt":{"rendered":"<p>Mini pelle JCB 8026 CTS de 2012 avec 3 150 h. \u00c9quip\u00e9e d\u2019un coupleur m\u00e9canique, d\u2019un godet c\u00e2ble et d\u2019un bras r\u00e9glable.<\/p>","protected":false},"featured_media":4805,"comment_status":"open","ping_status":"closed","template":"","meta":{"postBodyCss":"","postBodyMargin":[],"postBodyPadding":[],"postBodyBackground":{"backgroundType":"classic","gradient":""}},"product_brand":[],"product_cat":[225],"product_tag":[],"class_list":{"0":"post-4340","1":"product","2":"type-product","3":"status-publish","4":"has-post-thumbnail","6":"product_cat-mini-pelles","8":"first","9":"instock","10":"shipping-taxable","11":"purchasable","12":"product-type-simple"},"_links":{"self":[{"href":"https:\/\/samaterielagricole.com\/en\/wp-json\/wp\/v2\/product\/4340","targetHints":{"allow":["GET"]}}],"collection":[{"href":"https:\/\/samaterielagricole.com\/en\/wp-json\/wp\/v2\/product"}],"about":[{"href":"https:\/\/samaterielagricole.com\/en\/wp-json\/wp\/v2\/types\/product"}],"replies":[{"embeddable":true,"href":"https:\/\/samaterielagricole.com\/en\/wp-json\/wp\/v2\/comments?post=4340"}],"version-history":[{"count":1,"href":"https:\/\/samaterielagricole.com\/en\/wp-json\/wp\/v2\/product\/4340\/revisions"}],"predecessor-version":[{"id":4806,"href":"https:\/\/samaterielagricole.com\/en\/wp-json\/wp\/v2\/product\/4340\/revisions\/4806"}],"wp:featuredmedia":[{"embeddable":true,"href":"https:\/\/samaterielagricole.com\/en\/wp-json\/wp\/v2\/media\/4805"}],"wp:attachment":[{"href":"https:\/\/samaterielagricole.com\/en\/wp-json\/wp\/v2\/media?parent=4340"}],"wp:term":[{"taxonomy":"product_brand","embeddable":true,"href":"https:\/\/samaterielagricole.com\/en\/wp-json\/wp\/v2\/product_brand?post=4340"},{"taxonomy":"product_cat","embeddable":true,"href":"https:\/\/samaterielagricole.com\/en\/wp-json\/wp\/v2\/product_cat?post=4340"},{"taxonomy":"product_tag","embeddable":true,"href":"https:\/\/samaterielagricole.com\/en\/wp-json\/wp\/v2\/product_tag?post=4340"}],"curies":[{"name":"wp","href":"https:\/\/api.w.org\/{rel}","templated":true}]}}