{"id":4256,"date":"2025-09-19T14:14:25","date_gmt":"2025-09-19T12:14:25","guid":{"rendered":"https:\/\/antiquewhite-alligator-594470.hostingersite.com\/?post_type=product&#038;p=4256"},"modified":"2025-09-19T14:19:57","modified_gmt":"2025-09-19T12:19:57","slug":"mini-dumper-xhd-500kg-briggs-stratton-2024","status":"publish","type":"product","link":"https:\/\/samaterielagricole.com\/en\/product\/mini-dumper-xhd-500kg-briggs-stratton-2024\/","title":{"rendered":"Mini Dumper XHD 500kg Briggs &amp; Stratton 2024"},"content":{"rendered":"<p>Le mini dumper XHD 500kg, \u00e9quip\u00e9 d&rsquo;un moteur Briggs &amp; Stratton de 10 HP, est un mod\u00e8le auto-chargeur con\u00e7u pour les chantiers n\u00e9cessitant une grande maniabilit\u00e9. Avec un poids de seulement 520 kg, il peut transporter jusqu&rsquo;\u00e0 500 kg et dispose d&rsquo;une capacit\u00e9 de levage pratique avec un godet auto-chargeur. Ce dumper est \u00e9quip\u00e9 d&rsquo;un moteur Briggs &amp; Stratton 306cc, offrant une puissance de 7.4 kW \u00e0 3600 rpm. Sa vitesse de travail varie entre 1.7 et 3.5 km\/h, avec un rayon de braquage de seulement 0.95 m, id\u00e9al pour les espaces r\u00e9duits. La capacit\u00e9 du r\u00e9servoir de carburant est de 5.3L et il utilise de l&rsquo;huile hydraulique de type 46#. Ce mod\u00e8le, avec une garde au sol de 85 mm et une pente maximale de 20\u00b0, est con\u00e7u pour travailler sur des terrains vari\u00e9s et exigeants.<\/p>\n\n    <div class=\"xs_social_share_widget xs_share_url after_content \t\tmain_content  wslu-style-1 wslu-share-box-shaped wslu-fill-colored wslu-none wslu-share-horizontal wslu-theme-font-no wslu-main_content\">\n\n\t\t\n        <ul>\n\t\t\t        <\/ul>\n    <\/div>","protected":false},"excerpt":{"rendered":"<p>Le mini dumper XHD 500kg avec moteur Briggs &amp; Stratton offre une capacit\u00e9 de charge de 500 kg, id\u00e9al pour les petits chantiers et les espaces confin\u00e9s.<\/p>","protected":false},"featured_media":4649,"comment_status":"open","ping_status":"closed","template":"","meta":{"postBodyCss":"","postBodyMargin":[],"postBodyPadding":[],"postBodyBackground":{"backgroundType":"classic","gradient":""}},"product_brand":[],"product_cat":[226],"product_tag":[],"class_list":{"0":"post-4256","1":"product","2":"type-product","3":"status-publish","4":"has-post-thumbnail","6":"product_cat-mini-dumpers","8":"first","9":"instock","10":"shipping-taxable","11":"purchasable","12":"product-type-simple"},"_links":{"self":[{"href":"https:\/\/samaterielagricole.com\/en\/wp-json\/wp\/v2\/product\/4256","targetHints":{"allow":["GET"]}}],"collection":[{"href":"https:\/\/samaterielagricole.com\/en\/wp-json\/wp\/v2\/product"}],"about":[{"href":"https:\/\/samaterielagricole.com\/en\/wp-json\/wp\/v2\/types\/product"}],"replies":[{"embeddable":true,"href":"https:\/\/samaterielagricole.com\/en\/wp-json\/wp\/v2\/comments?post=4256"}],"version-history":[{"count":1,"href":"https:\/\/samaterielagricole.com\/en\/wp-json\/wp\/v2\/product\/4256\/revisions"}],"predecessor-version":[{"id":4650,"href":"https:\/\/samaterielagricole.com\/en\/wp-json\/wp\/v2\/product\/4256\/revisions\/4650"}],"wp:featuredmedia":[{"embeddable":true,"href":"https:\/\/samaterielagricole.com\/en\/wp-json\/wp\/v2\/media\/4649"}],"wp:attachment":[{"href":"https:\/\/samaterielagricole.com\/en\/wp-json\/wp\/v2\/media?parent=4256"}],"wp:term":[{"taxonomy":"product_brand","embeddable":true,"href":"https:\/\/samaterielagricole.com\/en\/wp-json\/wp\/v2\/product_brand?post=4256"},{"taxonomy":"product_cat","embeddable":true,"href":"https:\/\/samaterielagricole.com\/en\/wp-json\/wp\/v2\/product_cat?post=4256"},{"taxonomy":"product_tag","embeddable":true,"href":"https:\/\/samaterielagricole.com\/en\/wp-json\/wp\/v2\/product_tag?post=4256"}],"curies":[{"name":"wp","href":"https:\/\/api.w.org\/{rel}","templated":true}]}}