{"id":4191,"date":"2025-09-19T14:13:31","date_gmt":"2025-09-19T12:13:31","guid":{"rendered":"https:\/\/antiquewhite-alligator-594470.hostingersite.com\/?post_type=product&#038;p=4191"},"modified":"2025-09-19T14:19:18","modified_gmt":"2025-09-19T12:19:18","slug":"mini-pelle-jcb-86c-2-2024-performance-et-confort-pour-vos-chantiers","status":"publish","type":"product","link":"https:\/\/samaterielagricole.com\/en\/product\/mini-pelle-jcb-86c-2-2024-performance-et-confort-pour-vos-chantiers\/","title":{"rendered":"Mini pelle JCB 86C-2 2024 \u2013 Performance et confort pour vos chantiers"},"content":{"rendered":"<p>La mini excavatrice JCB 86C-2 de 2024 est une machine hautement performante, avec seulement 178 heures d\u2019utilisation. Elle est \u00e9quip\u00e9e d\u2019un moteur puissant et offre des fonctionnalit\u00e9s suppl\u00e9mentaires telles que l&rsquo;air conditionn\u00e9 pour un confort optimal pendant les travaux. L&rsquo;attelage hydraulique rapide, le circuit hydraulique pour marteau et le godet de foss\u00e9 font de cette machine un choix polyvalent pour vos projets de terrassement. De plus, avec son bras de 2 250 mm, elle permet une excellente port\u00e9e. Cette mini excavatrice dispose \u00e9galement d&rsquo;\u00e9quipements de s\u00e9curit\u00e9 comme des phares LED, un phare vert et ambre, ainsi que des r\u00e9troviseurs \u00e0 gauche et \u00e0 droite. Enfin, son syst\u00e8me de pompage pour le ravitaillement permet un rechargement rapide.<\/p>\n\n    <div class=\"xs_social_share_widget xs_share_url after_content \t\tmain_content  wslu-style-1 wslu-share-box-shaped wslu-fill-colored wslu-none wslu-share-horizontal wslu-theme-font-no wslu-main_content\">\n\n\t\t\n        <ul>\n\t\t\t        <\/ul>\n    <\/div>","protected":false},"excerpt":{"rendered":"<p>Mini excavatrice JCB 86C-2 de 2024, 178 heures d\u2019utilisation, id\u00e9ale pour des travaux d&rsquo;excavation et de terrassement. Compacte et bien \u00e9quip\u00e9e.<\/p>","protected":false},"featured_media":4614,"comment_status":"open","ping_status":"closed","template":"","meta":{"postBodyCss":"","postBodyMargin":[],"postBodyPadding":[],"postBodyBackground":{"backgroundType":"classic","gradient":""}},"product_brand":[],"product_cat":[225],"product_tag":[],"class_list":{"0":"post-4191","1":"product","2":"type-product","3":"status-publish","4":"has-post-thumbnail","6":"product_cat-mini-pelles","8":"first","9":"instock","10":"shipping-taxable","11":"purchasable","12":"product-type-simple"},"_links":{"self":[{"href":"https:\/\/samaterielagricole.com\/en\/wp-json\/wp\/v2\/product\/4191","targetHints":{"allow":["GET"]}}],"collection":[{"href":"https:\/\/samaterielagricole.com\/en\/wp-json\/wp\/v2\/product"}],"about":[{"href":"https:\/\/samaterielagricole.com\/en\/wp-json\/wp\/v2\/types\/product"}],"replies":[{"embeddable":true,"href":"https:\/\/samaterielagricole.com\/en\/wp-json\/wp\/v2\/comments?post=4191"}],"version-history":[{"count":1,"href":"https:\/\/samaterielagricole.com\/en\/wp-json\/wp\/v2\/product\/4191\/revisions"}],"predecessor-version":[{"id":4615,"href":"https:\/\/samaterielagricole.com\/en\/wp-json\/wp\/v2\/product\/4191\/revisions\/4615"}],"wp:featuredmedia":[{"embeddable":true,"href":"https:\/\/samaterielagricole.com\/en\/wp-json\/wp\/v2\/media\/4614"}],"wp:attachment":[{"href":"https:\/\/samaterielagricole.com\/en\/wp-json\/wp\/v2\/media?parent=4191"}],"wp:term":[{"taxonomy":"product_brand","embeddable":true,"href":"https:\/\/samaterielagricole.com\/en\/wp-json\/wp\/v2\/product_brand?post=4191"},{"taxonomy":"product_cat","embeddable":true,"href":"https:\/\/samaterielagricole.com\/en\/wp-json\/wp\/v2\/product_cat?post=4191"},{"taxonomy":"product_tag","embeddable":true,"href":"https:\/\/samaterielagricole.com\/en\/wp-json\/wp\/v2\/product_tag?post=4191"}],"curies":[{"name":"wp","href":"https:\/\/api.w.org\/{rel}","templated":true}]}}