{"id":4164,"date":"2025-09-19T14:13:07","date_gmt":"2025-09-19T12:13:07","guid":{"rendered":"https:\/\/antiquewhite-alligator-594470.hostingersite.com\/?post_type=product&#038;p=4164"},"modified":"2025-09-19T14:18:50","modified_gmt":"2025-09-19T12:18:50","slug":"dents-de-seau-de-remplacement-pour-dingo-k93-k94","status":"publish","type":"product","link":"https:\/\/samaterielagricole.com\/en\/product\/dents-de-seau-de-remplacement-pour-dingo-k93-k94\/","title":{"rendered":"Dents de seau de remplacement pour Dingo K93\/K94"},"content":{"rendered":"<p>Ces dents de seau sont sp\u00e9cialement con\u00e7ues pour les chargeuses Dingo K93\/K94. Le lot comprend 6 dents de 100 mm de long et 50 mm de large, avec des mesures int\u00e9rieures de 32 mm x 23 mm. Ces pi\u00e8ces de qualit\u00e9 sont essentielles pour maintenir vos \u00e9quipements en bon \u00e9tat et garantir une performance optimale sur vos chantiers. Avec des frais de livraison \u00e0 travers l\u2019Australie pour seulement $25 plus GST, ces dents de rechange repr\u00e9sentent un excellent rapport qualit\u00e9\/prix pour les professionnels du secteur.<\/p>\n\n    <div class=\"xs_social_share_widget xs_share_url after_content \t\tmain_content  wslu-style-1 wslu-share-box-shaped wslu-fill-colored wslu-none wslu-share-horizontal wslu-theme-font-no wslu-main_content\">\n\n\t\t\n        <ul>\n\t\t\t        <\/ul>\n    <\/div>","protected":false},"excerpt":{"rendered":"<p>Pack de 6 dents de seau de remplacement pour les chargeuses Dingo K93\/K94, id\u00e9ales pour des travaux exigeants.<\/p>","protected":false},"featured_media":4599,"comment_status":"open","ping_status":"closed","template":"","meta":{"postBodyCss":"","postBodyMargin":[],"postBodyPadding":[],"postBodyBackground":{"backgroundType":"classic","gradient":""}},"product_brand":[],"product_cat":[246],"product_tag":[],"class_list":{"0":"post-4164","1":"product","2":"type-product","3":"status-publish","4":"has-post-thumbnail","6":"product_cat-mini-loaders","8":"first","9":"instock","10":"shipping-taxable","11":"purchasable","12":"product-type-simple"},"_links":{"self":[{"href":"https:\/\/samaterielagricole.com\/en\/wp-json\/wp\/v2\/product\/4164","targetHints":{"allow":["GET"]}}],"collection":[{"href":"https:\/\/samaterielagricole.com\/en\/wp-json\/wp\/v2\/product"}],"about":[{"href":"https:\/\/samaterielagricole.com\/en\/wp-json\/wp\/v2\/types\/product"}],"replies":[{"embeddable":true,"href":"https:\/\/samaterielagricole.com\/en\/wp-json\/wp\/v2\/comments?post=4164"}],"version-history":[{"count":1,"href":"https:\/\/samaterielagricole.com\/en\/wp-json\/wp\/v2\/product\/4164\/revisions"}],"predecessor-version":[{"id":4600,"href":"https:\/\/samaterielagricole.com\/en\/wp-json\/wp\/v2\/product\/4164\/revisions\/4600"}],"wp:featuredmedia":[{"embeddable":true,"href":"https:\/\/samaterielagricole.com\/en\/wp-json\/wp\/v2\/media\/4599"}],"wp:attachment":[{"href":"https:\/\/samaterielagricole.com\/en\/wp-json\/wp\/v2\/media?parent=4164"}],"wp:term":[{"taxonomy":"product_brand","embeddable":true,"href":"https:\/\/samaterielagricole.com\/en\/wp-json\/wp\/v2\/product_brand?post=4164"},{"taxonomy":"product_cat","embeddable":true,"href":"https:\/\/samaterielagricole.com\/en\/wp-json\/wp\/v2\/product_cat?post=4164"},{"taxonomy":"product_tag","embeddable":true,"href":"https:\/\/samaterielagricole.com\/en\/wp-json\/wp\/v2\/product_tag?post=4164"}],"curies":[{"name":"wp","href":"https:\/\/api.w.org\/{rel}","templated":true}]}}