{"id":4039,"date":"2025-09-19T14:11:32","date_gmt":"2025-09-19T12:11:32","guid":{"rendered":"https:\/\/antiquewhite-alligator-594470.hostingersite.com\/?post_type=product&#038;p=4039"},"modified":"2025-09-19T14:17:05","modified_gmt":"2025-09-19T12:17:05","slug":"mini-pelle-jcb-8010-ct-2023-compacte-performante-et-prete-a-lemploi","status":"publish","type":"product","link":"https:\/\/samaterielagricole.com\/en\/product\/mini-pelle-jcb-8010-ct-2023-compacte-performante-et-prete-a-lemploi\/","title":{"rendered":"Mini pelle JCB 8010 CT 2023 \u2013 Compacte, performante et pr\u00eate \u00e0 l&#8217;emploi"},"content":{"rendered":"<p>Cette mini pelle JCB 8010 CT de l\u2019ann\u00e9e 2023 affiche seulement 275 heures d\u2019utilisation. Elle est \u00e9quip\u00e9e d\u2019un moteur Perkins d\u00e9veloppant une puissance de 14,7 kW. Compacte et maniable, elle dispose de chenilles en caoutchouc extensibles de 180 mm, d\u2019une lame de remblayage, d\u2019un bras d\u00e9portable \u00e0 180\u00b0, et d\u2019un circuit hydraulique double action adapt\u00e9 pour marteau. Elle est \u00e9galement dot\u00e9e d\u2019une attache rapide manuelle. Elle est vendue avec deux godets d&rsquo;excavation (18&Prime; et 9&Prime;) et pr\u00e9sente des dimensions de broches standard : broche de 25 mm, entraxe de 90 mm, balancier de 100 mm. La machine est marqu\u00e9e CE.<\/p>\n\n    <div class=\"xs_social_share_widget xs_share_url after_content \t\tmain_content  wslu-style-1 wslu-share-box-shaped wslu-fill-colored wslu-none wslu-share-horizontal wslu-theme-font-no wslu-main_content\">\n\n\t\t\n        <ul>\n\t\t\t        <\/ul>\n    <\/div>","protected":false},"excerpt":{"rendered":"<p>Mini pelle JCB 8010 CT de 2023 avec seulement 275 heures. Moteur Perkins 14,7 kW, attache rapide manuelle, circuit marteau, 2 godets inclus.<\/p>","protected":false},"featured_media":4492,"comment_status":"open","ping_status":"closed","template":"","meta":{"postBodyCss":"","postBodyMargin":[],"postBodyPadding":[],"postBodyBackground":{"backgroundType":"classic","gradient":""}},"product_brand":[],"product_cat":[225],"product_tag":[],"class_list":{"0":"post-4039","1":"product","2":"type-product","3":"status-publish","4":"has-post-thumbnail","6":"product_cat-mini-pelles","8":"first","9":"instock","10":"shipping-taxable","11":"purchasable","12":"product-type-simple"},"_links":{"self":[{"href":"https:\/\/samaterielagricole.com\/en\/wp-json\/wp\/v2\/product\/4039","targetHints":{"allow":["GET"]}}],"collection":[{"href":"https:\/\/samaterielagricole.com\/en\/wp-json\/wp\/v2\/product"}],"about":[{"href":"https:\/\/samaterielagricole.com\/en\/wp-json\/wp\/v2\/types\/product"}],"replies":[{"embeddable":true,"href":"https:\/\/samaterielagricole.com\/en\/wp-json\/wp\/v2\/comments?post=4039"}],"version-history":[{"count":1,"href":"https:\/\/samaterielagricole.com\/en\/wp-json\/wp\/v2\/product\/4039\/revisions"}],"predecessor-version":[{"id":4493,"href":"https:\/\/samaterielagricole.com\/en\/wp-json\/wp\/v2\/product\/4039\/revisions\/4493"}],"wp:featuredmedia":[{"embeddable":true,"href":"https:\/\/samaterielagricole.com\/en\/wp-json\/wp\/v2\/media\/4492"}],"wp:attachment":[{"href":"https:\/\/samaterielagricole.com\/en\/wp-json\/wp\/v2\/media?parent=4039"}],"wp:term":[{"taxonomy":"product_brand","embeddable":true,"href":"https:\/\/samaterielagricole.com\/en\/wp-json\/wp\/v2\/product_brand?post=4039"},{"taxonomy":"product_cat","embeddable":true,"href":"https:\/\/samaterielagricole.com\/en\/wp-json\/wp\/v2\/product_cat?post=4039"},{"taxonomy":"product_tag","embeddable":true,"href":"https:\/\/samaterielagricole.com\/en\/wp-json\/wp\/v2\/product_tag?post=4039"}],"curies":[{"name":"wp","href":"https:\/\/api.w.org\/{rel}","templated":true}]}}