{"id":3948,"date":"2025-09-19T14:10:39","date_gmt":"2025-09-19T12:10:39","guid":{"rendered":"https:\/\/antiquewhite-alligator-594470.hostingersite.com\/?post_type=product&#038;p=3948"},"modified":"2025-09-19T14:16:12","modified_gmt":"2025-09-19T12:16:12","slug":"mini-pelle-bobcat-e10-2021","status":"publish","type":"product","link":"https:\/\/samaterielagricole.com\/en\/product\/mini-pelle-bobcat-e10-2021\/","title":{"rendered":"Mini pelle Bobcat E10 2021"},"content":{"rendered":"<p>La mini excavatrice Bobcat E10 de 2021 est une machine compacte et puissante, parfaite pour les chantiers de petite taille. Avec seulement 830 heures d\u2019utilisation, elle est en excellent \u00e9tat. Son faible poids de 1,2 tonne, associ\u00e9 \u00e0 des chenilles en caoutchouc et un large choix de godets, la rend id\u00e9ale pour une vari\u00e9t\u00e9 d&rsquo;applications. Elle est \u00e9quip\u00e9e de deux vitesses de d\u00e9placement et d\u2019un crochet rapide manuel, facilitant son utilisation. La machine est \u00e9galement \u00e9quip\u00e9e pour un brise-roche, avec un moteur et une hydraulique fonctionnant parfaitement, sans fum\u00e9e ni fuites. Cette mini pelle a pass\u00e9 une inspection rigoureuse de 120 points et est livr\u00e9e avec une garantie de 90 jours.<\/p>\n\n    <div class=\"xs_social_share_widget xs_share_url after_content \t\tmain_content  wslu-style-1 wslu-share-box-shaped wslu-fill-colored wslu-none wslu-share-horizontal wslu-theme-font-no wslu-main_content\">\n\n\t\t\n        <ul>\n\t\t\t        <\/ul>\n    <\/div>","protected":false},"excerpt":{"rendered":"<p>Mini excavatrice Bobcat E10 de 2021 avec seulement 830 heures d&rsquo;utilisation. Id\u00e9ale pour des travaux de creusement dans des espaces restreints.<\/p>","protected":false},"featured_media":4432,"comment_status":"open","ping_status":"closed","template":"","meta":{"postBodyCss":"","postBodyMargin":[],"postBodyPadding":[],"postBodyBackground":{"backgroundType":"classic","gradient":""}},"product_brand":[],"product_cat":[225],"product_tag":[],"class_list":{"0":"post-3948","1":"product","2":"type-product","3":"status-publish","4":"has-post-thumbnail","6":"product_cat-mini-pelles","8":"first","9":"instock","10":"shipping-taxable","11":"purchasable","12":"product-type-simple"},"_links":{"self":[{"href":"https:\/\/samaterielagricole.com\/en\/wp-json\/wp\/v2\/product\/3948","targetHints":{"allow":["GET"]}}],"collection":[{"href":"https:\/\/samaterielagricole.com\/en\/wp-json\/wp\/v2\/product"}],"about":[{"href":"https:\/\/samaterielagricole.com\/en\/wp-json\/wp\/v2\/types\/product"}],"replies":[{"embeddable":true,"href":"https:\/\/samaterielagricole.com\/en\/wp-json\/wp\/v2\/comments?post=3948"}],"version-history":[{"count":1,"href":"https:\/\/samaterielagricole.com\/en\/wp-json\/wp\/v2\/product\/3948\/revisions"}],"predecessor-version":[{"id":4433,"href":"https:\/\/samaterielagricole.com\/en\/wp-json\/wp\/v2\/product\/3948\/revisions\/4433"}],"wp:featuredmedia":[{"embeddable":true,"href":"https:\/\/samaterielagricole.com\/en\/wp-json\/wp\/v2\/media\/4432"}],"wp:attachment":[{"href":"https:\/\/samaterielagricole.com\/en\/wp-json\/wp\/v2\/media?parent=3948"}],"wp:term":[{"taxonomy":"product_brand","embeddable":true,"href":"https:\/\/samaterielagricole.com\/en\/wp-json\/wp\/v2\/product_brand?post=3948"},{"taxonomy":"product_cat","embeddable":true,"href":"https:\/\/samaterielagricole.com\/en\/wp-json\/wp\/v2\/product_cat?post=3948"},{"taxonomy":"product_tag","embeddable":true,"href":"https:\/\/samaterielagricole.com\/en\/wp-json\/wp\/v2\/product_tag?post=3948"}],"curies":[{"name":"wp","href":"https:\/\/api.w.org\/{rel}","templated":true}]}}