{"id":3903,"date":"2025-09-19T14:10:10","date_gmt":"2025-09-19T12:10:10","guid":{"rendered":"https:\/\/antiquewhite-alligator-594470.hostingersite.com\/?post_type=product&#038;p=3903"},"modified":"2025-09-19T14:15:24","modified_gmt":"2025-09-19T12:15:24","slug":"chariot-elevateur-crown-cg2-5-capacite-de-25-tonnes-gaz-mat-pour-conteneur-deplacement-lateral-annee-2011","status":"publish","type":"product","link":"https:\/\/samaterielagricole.com\/en\/product\/chariot-elevateur-crown-cg2-5-capacite-de-25-tonnes-gaz-mat-pour-conteneur-deplacement-lateral-annee-2011\/","title":{"rendered":"Chariot \u00e9l\u00e9vateur Crown CG2.5 \u2013 Capacit\u00e9 de 2,5 tonnes \u2013 Gaz \u2013 M\u00e2t pour conteneur \u2013 D\u00e9placement lat\u00e9ral \u2013 Ann\u00e9e 2011."},"content":{"rendered":"<p>Chariot \u00e9l\u00e9vateur Crown CG2.5 2,5 tonnes Gaz \u2013 M\u00e2t pour conteneur \u00e0 3 \u00e9tages \u2013 D\u00e9placement lat\u00e9ral \u2013 Positionnement des fourches \u2013 9564 heures \u2013 Ann\u00e9e 2011.<\/p>\n\n    <div class=\"xs_social_share_widget xs_share_url after_content \t\tmain_content  wslu-style-1 wslu-share-box-shaped wslu-fill-colored wslu-none wslu-share-horizontal wslu-theme-font-no wslu-main_content\">\n\n\t\t\n        <ul>\n\t\t\t        <\/ul>\n    <\/div>","protected":false},"excerpt":{"rendered":"<p>Chariot \u00e9l\u00e9vateur Crown CG2.5 2,5 tonnes Gaz \u2013 M\u00e2t pour conteneur \u00e0 3 \u00e9tages \u2013 D\u00e9placement lat\u00e9ral \u2013 Positionnement des fourches \u2013 9564 heures \u2013 Ann\u00e9e 2011.<\/p>","protected":false},"featured_media":4352,"comment_status":"open","ping_status":"closed","template":"","meta":{"postBodyCss":"","postBodyMargin":[],"postBodyPadding":[],"postBodyBackground":{"backgroundType":"classic","gradient":""}},"product_brand":[],"product_cat":[245],"product_tag":[],"class_list":{"0":"post-3903","1":"product","2":"type-product","3":"status-publish","4":"has-post-thumbnail","6":"product_cat-chariot-elevateur","8":"first","9":"instock","10":"shipping-taxable","11":"purchasable","12":"product-type-simple"},"_links":{"self":[{"href":"https:\/\/samaterielagricole.com\/en\/wp-json\/wp\/v2\/product\/3903","targetHints":{"allow":["GET"]}}],"collection":[{"href":"https:\/\/samaterielagricole.com\/en\/wp-json\/wp\/v2\/product"}],"about":[{"href":"https:\/\/samaterielagricole.com\/en\/wp-json\/wp\/v2\/types\/product"}],"replies":[{"embeddable":true,"href":"https:\/\/samaterielagricole.com\/en\/wp-json\/wp\/v2\/comments?post=3903"}],"version-history":[{"count":1,"href":"https:\/\/samaterielagricole.com\/en\/wp-json\/wp\/v2\/product\/3903\/revisions"}],"predecessor-version":[{"id":4353,"href":"https:\/\/samaterielagricole.com\/en\/wp-json\/wp\/v2\/product\/3903\/revisions\/4353"}],"wp:featuredmedia":[{"embeddable":true,"href":"https:\/\/samaterielagricole.com\/en\/wp-json\/wp\/v2\/media\/4352"}],"wp:attachment":[{"href":"https:\/\/samaterielagricole.com\/en\/wp-json\/wp\/v2\/media?parent=3903"}],"wp:term":[{"taxonomy":"product_brand","embeddable":true,"href":"https:\/\/samaterielagricole.com\/en\/wp-json\/wp\/v2\/product_brand?post=3903"},{"taxonomy":"product_cat","embeddable":true,"href":"https:\/\/samaterielagricole.com\/en\/wp-json\/wp\/v2\/product_cat?post=3903"},{"taxonomy":"product_tag","embeddable":true,"href":"https:\/\/samaterielagricole.com\/en\/wp-json\/wp\/v2\/product_tag?post=3903"}],"curies":[{"name":"wp","href":"https:\/\/api.w.org\/{rel}","templated":true}]}}