{"id":3901,"date":"2025-09-19T14:10:10","date_gmt":"2025-09-19T12:10:10","guid":{"rendered":"https:\/\/antiquewhite-alligator-594470.hostingersite.com\/?post_type=product&#038;p=3901"},"modified":"2025-09-19T14:15:13","modified_gmt":"2025-09-19T12:15:13","slug":"mini-pelle-kubota-u17-3-de-2019","status":"publish","type":"product","link":"https:\/\/samaterielagricole.com\/en\/product\/mini-pelle-kubota-u17-3-de-2019\/","title":{"rendered":"Mini pelle Kubota U17-3 de 2019"},"content":{"rendered":"<p>Mini pelle Kubota U17-3 de 2019 \u2013 15750 \u20ac<br \/>\n&#8211; Moteur diesel 3 cylindres<br \/>\n&#8211; Chenilles en caoutchouc r\u00e9tractables<br \/>\n&#8211; 3 godets \u2013 900 mm, 450 mm et 300 mm<br \/>\n&#8211; Conduites auxiliaires pour tari\u00e8re, etc.<br \/>\n&#8211; Rotation arri\u00e8re compacte sans d\u00e9port<\/p>\n\n    <div class=\"xs_social_share_widget xs_share_url after_content \t\tmain_content  wslu-style-1 wslu-share-box-shaped wslu-fill-colored wslu-none wslu-share-horizontal wslu-theme-font-no wslu-main_content\">\n\n\t\t\n        <ul>\n\t\t\t        <\/ul>\n    <\/div>","protected":false},"excerpt":{"rendered":"<p>Mini pelle Kubota U17-3 de 2019 \u2013 15750 \u20ac &#8211; Moteur diesel 3 cylindres &#8211; Chenilles en caoutchouc r\u00e9tractables &#8211; 3 godets \u2013 900 mm, 450 mm et 300 mm &#8211; Conduites auxiliaires pour tari\u00e8re, etc. &#8211; Rotation arri\u00e8re compacte sans d\u00e9port<\/p>","protected":false},"featured_media":4331,"comment_status":"open","ping_status":"closed","template":"","meta":{"postBodyCss":"","postBodyMargin":[],"postBodyPadding":[],"postBodyBackground":{"backgroundType":"classic","gradient":""}},"product_brand":[],"product_cat":[237],"product_tag":[],"class_list":{"0":"post-3901","1":"product","2":"type-product","3":"status-publish","4":"has-post-thumbnail","6":"product_cat-mini-pelle","8":"first","9":"instock","10":"shipping-taxable","11":"purchasable","12":"product-type-simple"},"_links":{"self":[{"href":"https:\/\/samaterielagricole.com\/en\/wp-json\/wp\/v2\/product\/3901","targetHints":{"allow":["GET"]}}],"collection":[{"href":"https:\/\/samaterielagricole.com\/en\/wp-json\/wp\/v2\/product"}],"about":[{"href":"https:\/\/samaterielagricole.com\/en\/wp-json\/wp\/v2\/types\/product"}],"replies":[{"embeddable":true,"href":"https:\/\/samaterielagricole.com\/en\/wp-json\/wp\/v2\/comments?post=3901"}],"version-history":[{"count":1,"href":"https:\/\/samaterielagricole.com\/en\/wp-json\/wp\/v2\/product\/3901\/revisions"}],"predecessor-version":[{"id":4332,"href":"https:\/\/samaterielagricole.com\/en\/wp-json\/wp\/v2\/product\/3901\/revisions\/4332"}],"wp:featuredmedia":[{"embeddable":true,"href":"https:\/\/samaterielagricole.com\/en\/wp-json\/wp\/v2\/media\/4331"}],"wp:attachment":[{"href":"https:\/\/samaterielagricole.com\/en\/wp-json\/wp\/v2\/media?parent=3901"}],"wp:term":[{"taxonomy":"product_brand","embeddable":true,"href":"https:\/\/samaterielagricole.com\/en\/wp-json\/wp\/v2\/product_brand?post=3901"},{"taxonomy":"product_cat","embeddable":true,"href":"https:\/\/samaterielagricole.com\/en\/wp-json\/wp\/v2\/product_cat?post=3901"},{"taxonomy":"product_tag","embeddable":true,"href":"https:\/\/samaterielagricole.com\/en\/wp-json\/wp\/v2\/product_tag?post=3901"}],"curies":[{"name":"wp","href":"https:\/\/api.w.org\/{rel}","templated":true}]}}