{"id":3898,"date":"2025-09-19T14:10:10","date_gmt":"2025-09-19T12:10:10","guid":{"rendered":"https:\/\/antiquewhite-alligator-594470.hostingersite.com\/?post_type=product&#038;p=3898"},"modified":"2025-09-19T14:14:53","modified_gmt":"2025-09-19T12:14:53","slug":"mini-pelle-2019-kubota-u27-4","status":"publish","type":"product","link":"https:\/\/samaterielagricole.com\/en\/product\/mini-pelle-2019-kubota-u27-4\/","title":{"rendered":"Mini pelle 2019 Kubota U27-4"},"content":{"rendered":"<p>2019 Kubota U27-4 \u2013 Bon \u00e9tat<br \/>\nAttache inclinable \u00e0 verrouillage automatique et godets standards inclus.<br \/>\n**Caract\u00e9ristiques techniques :**<br \/>\n&#8211; **Poids \u00e0 vide :** 2 495 kg \/ 2,5 tonnes<br \/>\n&#8211; **Poids en ordre de marche :** 2 570 kg \/ 2,57 tonnes<br \/>\n&#8211; **Largeur :** 1,500 m<br \/>\n&#8211; **Hauteur :** 2,420 m<br \/>\n&#8211; **Longueur :** 4,100 m<br \/>\n&#8211; **Puissance moteur :** 20,8 HP<br \/>\n&#8211; **Type de carburant :** Diesel<br \/>\n&#8211; **ROPS :** Arceau de s\u00e9curit\u00e9 avec capot<br \/>\n&#8211; **Largeur des chenilles :** 300 mm<br \/>\n&#8211; **Accessoires :**<br \/>\n  &#8211; Ripper<br \/>\n  &#8211; Lame niveleuse hydraulique<br \/>\n  &#8211; Godets de 300 mm, 450 mm, 1000 mm<br \/>\nSouhaitez-vous que je traduise d&rsquo;autres fiches\u202f?<\/p>\n\n    <div class=\"xs_social_share_widget xs_share_url after_content \t\tmain_content  wslu-style-1 wslu-share-box-shaped wslu-fill-colored wslu-none wslu-share-horizontal wslu-theme-font-no wslu-main_content\">\n\n\t\t\n        <ul>\n\t\t\t        <\/ul>\n    <\/div>","protected":false},"excerpt":{"rendered":"<p>2019 Kubota U27-4 \u2013 Bon \u00e9tat Attache inclinable \u00e0 verrouillage automatique et godets standards inclus. **Caract\u00e9ristiques techniques :** &#8211; **Poids \u00e0 vide :** 2 495 kg \/ 2,5 tonnes &#8211; **Poids en ordre de marche :** 2 570 kg \/ 2,57 tonnes &#8211; **Largeur :** 1,500 m &#8211; **Hauteur :** 2,420 m &#8211; **Longueur :**&#8230;<\/p>","protected":false},"featured_media":4304,"comment_status":"open","ping_status":"closed","template":"","meta":{"postBodyCss":"","postBodyMargin":[],"postBodyPadding":[],"postBodyBackground":{"backgroundType":"classic","gradient":""}},"product_brand":[],"product_cat":[237],"product_tag":[],"class_list":{"0":"post-3898","1":"product","2":"type-product","3":"status-publish","4":"has-post-thumbnail","6":"product_cat-mini-pelle","8":"first","9":"instock","10":"shipping-taxable","11":"purchasable","12":"product-type-simple"},"_links":{"self":[{"href":"https:\/\/samaterielagricole.com\/en\/wp-json\/wp\/v2\/product\/3898","targetHints":{"allow":["GET"]}}],"collection":[{"href":"https:\/\/samaterielagricole.com\/en\/wp-json\/wp\/v2\/product"}],"about":[{"href":"https:\/\/samaterielagricole.com\/en\/wp-json\/wp\/v2\/types\/product"}],"replies":[{"embeddable":true,"href":"https:\/\/samaterielagricole.com\/en\/wp-json\/wp\/v2\/comments?post=3898"}],"version-history":[{"count":1,"href":"https:\/\/samaterielagricole.com\/en\/wp-json\/wp\/v2\/product\/3898\/revisions"}],"predecessor-version":[{"id":4305,"href":"https:\/\/samaterielagricole.com\/en\/wp-json\/wp\/v2\/product\/3898\/revisions\/4305"}],"wp:featuredmedia":[{"embeddable":true,"href":"https:\/\/samaterielagricole.com\/en\/wp-json\/wp\/v2\/media\/4304"}],"wp:attachment":[{"href":"https:\/\/samaterielagricole.com\/en\/wp-json\/wp\/v2\/media?parent=3898"}],"wp:term":[{"taxonomy":"product_brand","embeddable":true,"href":"https:\/\/samaterielagricole.com\/en\/wp-json\/wp\/v2\/product_brand?post=3898"},{"taxonomy":"product_cat","embeddable":true,"href":"https:\/\/samaterielagricole.com\/en\/wp-json\/wp\/v2\/product_cat?post=3898"},{"taxonomy":"product_tag","embeddable":true,"href":"https:\/\/samaterielagricole.com\/en\/wp-json\/wp\/v2\/product_tag?post=3898"}],"curies":[{"name":"wp","href":"https:\/\/api.w.org\/{rel}","templated":true}]}}