{"id":3896,"date":"2025-09-19T14:10:10","date_gmt":"2025-09-19T12:10:10","guid":{"rendered":"https:\/\/antiquewhite-alligator-594470.hostingersite.com\/?post_type=product&#038;p=3896"},"modified":"2025-09-19T14:14:41","modified_gmt":"2025-09-19T12:14:41","slug":"2018-kubota-kx018-4hg","status":"publish","type":"product","link":"https:\/\/samaterielagricole.com\/en\/product\/2018-kubota-kx018-4hg\/","title":{"rendered":"2018 Kubota kx018-4HG"},"content":{"rendered":"<p>Mini-pelles Kubota KX018 \u2013 Faible nombre d\u2019heures, bon \u00e9tat !<br \/>\nNe manquez pas cette occasion rare de poss\u00e9der une mini-pelles Kubota KX018 en excellent \u00e9tat !<br \/>\nCes machines sont parfaites pour vos besoins en construction et am\u00e9nagement paysager, offrant fiabilit\u00e9 et efficacit\u00e9.<br \/>\n1710 heures<br \/>\nAnn\u00e9e : 2019<br \/>\n21315 \u20ac<br \/>\n**Caract\u00e9ristiques principales :**<br \/>\n**Performance moteur :**<br \/>\nMoteurs diesel Kubota fiables de 17 kW<br \/>\n**Faible nombre d\u2019heures :**<br \/>\nLes deux unit\u00e9s affichent peu d\u2019heures de fonctionnement, assurant une longue dur\u00e9e de vie restante<br \/>\n**\u00c9tat :**<br \/>\nBien entretenues et en excellent \u00e9tat de fonctionnement.<br \/>\nLes chenilles sont \u00e9galement en bon \u00e9tat<br \/>\n**Pack de godets :**<br \/>\nChaque machine est vendue avec le m\u00eame jeu de godets \u2013 GP 300\/450 mm, godet orientable 900 mm et ripper<br \/>\n**Polyvalence :**<br \/>\nId\u00e9al pour les espaces restreints et divers types de projets. Transportable derri\u00e8re un utilitaire (demandez-nous une remorque adapt\u00e9e)<br \/>\nCes mini-pelles Kubota KX018 sont un excellent ajout \u00e0 toute flotte, offrant la puissance et la pr\u00e9cision n\u00e9cessaires pour accomplir vos travaux efficacement. Que vous cherchiez \u00e0 agrandir votre entreprise ou \u00e0 moderniser votre mat\u00e9riel, ces machines sont pr\u00eates \u00e0 travailler pour vous.<\/p>\n\n    <div class=\"xs_social_share_widget xs_share_url after_content \t\tmain_content  wslu-style-1 wslu-share-box-shaped wslu-fill-colored wslu-none wslu-share-horizontal wslu-theme-font-no wslu-main_content\">\n\n\t\t\n        <ul>\n\t\t\t        <\/ul>\n    <\/div>","protected":false},"excerpt":{"rendered":"<p>Mini-pelles Kubota KX018 \u2013 Faible nombre d\u2019heures, bon \u00e9tat ! Ne manquez pas cette occasion rare de poss\u00e9der une mini-pelles Kubota KX018 en excellent \u00e9tat ! Ces machines sont parfaites pour vos besoins en construction et am\u00e9nagement paysager, offrant fiabilit\u00e9 et efficacit\u00e9. 1710 heures Ann\u00e9e : 2019 21315 \u20ac **Caract\u00e9ristiques principales :** **Performance moteur :**&#8230;<\/p>","protected":false},"featured_media":4270,"comment_status":"open","ping_status":"closed","template":"","meta":{"postBodyCss":"","postBodyMargin":[],"postBodyPadding":[],"postBodyBackground":{"backgroundType":"classic","gradient":""}},"product_brand":[],"product_cat":[237],"product_tag":[],"class_list":{"0":"post-3896","1":"product","2":"type-product","3":"status-publish","4":"has-post-thumbnail","6":"product_cat-mini-pelle","8":"first","9":"instock","10":"shipping-taxable","11":"purchasable","12":"product-type-simple"},"_links":{"self":[{"href":"https:\/\/samaterielagricole.com\/en\/wp-json\/wp\/v2\/product\/3896","targetHints":{"allow":["GET"]}}],"collection":[{"href":"https:\/\/samaterielagricole.com\/en\/wp-json\/wp\/v2\/product"}],"about":[{"href":"https:\/\/samaterielagricole.com\/en\/wp-json\/wp\/v2\/types\/product"}],"replies":[{"embeddable":true,"href":"https:\/\/samaterielagricole.com\/en\/wp-json\/wp\/v2\/comments?post=3896"}],"version-history":[{"count":1,"href":"https:\/\/samaterielagricole.com\/en\/wp-json\/wp\/v2\/product\/3896\/revisions"}],"predecessor-version":[{"id":4271,"href":"https:\/\/samaterielagricole.com\/en\/wp-json\/wp\/v2\/product\/3896\/revisions\/4271"}],"wp:featuredmedia":[{"embeddable":true,"href":"https:\/\/samaterielagricole.com\/en\/wp-json\/wp\/v2\/media\/4270"}],"wp:attachment":[{"href":"https:\/\/samaterielagricole.com\/en\/wp-json\/wp\/v2\/media?parent=3896"}],"wp:term":[{"taxonomy":"product_brand","embeddable":true,"href":"https:\/\/samaterielagricole.com\/en\/wp-json\/wp\/v2\/product_brand?post=3896"},{"taxonomy":"product_cat","embeddable":true,"href":"https:\/\/samaterielagricole.com\/en\/wp-json\/wp\/v2\/product_cat?post=3896"},{"taxonomy":"product_tag","embeddable":true,"href":"https:\/\/samaterielagricole.com\/en\/wp-json\/wp\/v2\/product_tag?post=3896"}],"curies":[{"name":"wp","href":"https:\/\/api.w.org\/{rel}","templated":true}]}}