{"id":3892,"date":"2025-09-19T14:10:10","date_gmt":"2025-09-19T12:10:10","guid":{"rendered":"https:\/\/antiquewhite-alligator-594470.hostingersite.com\/?post_type=product&#038;p=3892"},"modified":"2025-09-19T14:13:52","modified_gmt":"2025-09-19T12:13:52","slug":"jlg-3509-manipulateur-telescopique-35t-9m-grue-chariot-elevateur-chargeuse-jcb-merlo-dieci-manitou","status":"publish","type":"product","link":"https:\/\/samaterielagricole.com\/en\/product\/jlg-3509-manipulateur-telescopique-35t-9m-grue-chariot-elevateur-chargeuse-jcb-merlo-dieci-manitou\/","title":{"rendered":"Jlg 3509 manipulateur t\u00e9lescopique 3,5t 9m grue chariot \u00e9l\u00e9vateur chargeuse jcb merlo dieci manitou"},"content":{"rendered":"<p>JLG 3509 T\u00c9LESCOPIQUE<br \/>\nMOTEUR DIESEL PERKINS 85CH\/62KW<br \/>\nCAPACIT\u00c9 DE 3,5 TONNES \u2013 9 M\u00c8TRES<br \/>\nDIRECTION \u00c0 4 ROUES AVEC 3 MODES DE DIRECTION<br \/>\nCABINE FERM\u00c9E AVEC CLIMATISATION ET ROPS<br \/>\nUNE SEULE PROPRI\u00c9T\u00c9, MACHINE DE FLOTTE<br \/>\nPRIX : 36945 \u20ac<br \/>\n____________________________<br \/>\n-JLG 3509 T\u00e9lescopique<br \/>\n-Faible kilom\u00e9trage : 3590 heures<br \/>\n-Achet\u00e9e neuve en 2007<br \/>\n-Machine propre et bien entretenue, une seule propri\u00e9t\u00e9<br \/>\n-Capacit\u00e9 de levage de 3500 kg<br \/>\n-Hauteur de levage du bras : 9 m\u00e8tres<br \/>\n-Moteur diesel turbo Perkins 85ch\/62kw<br \/>\n-Cabine ferm\u00e9e ROPS avec climatisation<br \/>\n-Accessoire fourche robuste<br \/>\n-Transmission int\u00e9grale<br \/>\n-Pneus tout-terrain<br \/>\n-3 modes de direction (roues avant, 4 roues, direction en crabe)<br \/>\n-\u00c9clairage routier homologu\u00e9<br \/>\n-Interrupteur d\u2019isolement de batterie et de d\u00e9marreur<br \/>\n-Garde-boue tout autour<br \/>\n-Points de levage\/arrimage<br \/>\n-Extincteur<br \/>\n-\u00c9clairage OHS<br \/>\n-R\u00e9troviseurs<br \/>\n-Bouton d\u2019arr\u00eat d\u2019urgence<br \/>\n-Radio bidirectionnelle GME<br \/>\n-Indicateur de charge (non test\u00e9)<\/p>\n\n    <div class=\"xs_social_share_widget xs_share_url after_content \t\tmain_content  wslu-style-1 wslu-share-box-shaped wslu-fill-colored wslu-none wslu-share-horizontal wslu-theme-font-no wslu-main_content\">\n\n\t\t\n        <ul>\n\t\t\t        <\/ul>\n    <\/div>","protected":false},"excerpt":{"rendered":"<p>JLG 3509 T\u00c9LESCOPIQUE MOTEUR DIESEL PERKINS 85CH\/62KW CAPACIT\u00c9 DE 3,5 TONNES \u2013 9 M\u00c8TRES DIRECTION \u00c0 4 ROUES AVEC 3 MODES DE DIRECTION CABINE FERM\u00c9E AVEC CLIMATISATION ET ROPS UNE SEULE PROPRI\u00c9T\u00c9, MACHINE DE FLOTTE PRIX : 36945 \u20ac ____________________________ -JLG 3509 T\u00e9lescopique -Faible kilom\u00e9trage : 3590 heures -Achet\u00e9e neuve en 2007 -Machine propre et&#8230;<\/p>","protected":false},"featured_media":4192,"comment_status":"open","ping_status":"closed","template":"","meta":{"postBodyCss":"","postBodyMargin":[],"postBodyPadding":[],"postBodyBackground":{"backgroundType":"classic","gradient":""}},"product_brand":[],"product_cat":[242],"product_tag":[],"class_list":{"0":"post-3892","1":"product","2":"type-product","3":"status-publish","4":"has-post-thumbnail","6":"product_cat-chariot-telescopique","8":"first","9":"instock","10":"shipping-taxable","11":"purchasable","12":"product-type-simple"},"_links":{"self":[{"href":"https:\/\/samaterielagricole.com\/en\/wp-json\/wp\/v2\/product\/3892","targetHints":{"allow":["GET"]}}],"collection":[{"href":"https:\/\/samaterielagricole.com\/en\/wp-json\/wp\/v2\/product"}],"about":[{"href":"https:\/\/samaterielagricole.com\/en\/wp-json\/wp\/v2\/types\/product"}],"replies":[{"embeddable":true,"href":"https:\/\/samaterielagricole.com\/en\/wp-json\/wp\/v2\/comments?post=3892"}],"version-history":[{"count":1,"href":"https:\/\/samaterielagricole.com\/en\/wp-json\/wp\/v2\/product\/3892\/revisions"}],"predecessor-version":[{"id":4193,"href":"https:\/\/samaterielagricole.com\/en\/wp-json\/wp\/v2\/product\/3892\/revisions\/4193"}],"wp:featuredmedia":[{"embeddable":true,"href":"https:\/\/samaterielagricole.com\/en\/wp-json\/wp\/v2\/media\/4192"}],"wp:attachment":[{"href":"https:\/\/samaterielagricole.com\/en\/wp-json\/wp\/v2\/media?parent=3892"}],"wp:term":[{"taxonomy":"product_brand","embeddable":true,"href":"https:\/\/samaterielagricole.com\/en\/wp-json\/wp\/v2\/product_brand?post=3892"},{"taxonomy":"product_cat","embeddable":true,"href":"https:\/\/samaterielagricole.com\/en\/wp-json\/wp\/v2\/product_cat?post=3892"},{"taxonomy":"product_tag","embeddable":true,"href":"https:\/\/samaterielagricole.com\/en\/wp-json\/wp\/v2\/product_tag?post=3892"}],"curies":[{"name":"wp","href":"https:\/\/api.w.org\/{rel}","templated":true}]}}