{"id":3891,"date":"2025-09-19T14:10:10","date_gmt":"2025-09-19T12:10:10","guid":{"rendered":"https:\/\/antiquewhite-alligator-594470.hostingersite.com\/?post_type=product&#038;p=3891"},"modified":"2025-09-19T14:13:29","modified_gmt":"2025-09-19T12:13:29","slug":"ingersoll-rand-sd45-rouleau-compacteur-a-tambour-lisse-articule-de-48-tonnes","status":"publish","type":"product","link":"https:\/\/samaterielagricole.com\/en\/product\/ingersoll-rand-sd45-rouleau-compacteur-a-tambour-lisse-articule-de-48-tonnes\/","title":{"rendered":"Ingersoll rand sd45 rouleau compacteur \u00e0 tambour lisse articul\u00e9 de 4,8 tonnes"},"content":{"rendered":"<p>**INGERSOLL RAND SD45 ROULOTTE \u00c0 TAMBOUR LISSE**<br \/>\nSeulement 1710 heures<br \/>\nPoids op\u00e9rationnel : 4800 kg<br \/>\nJeu complet de coquilles \u00e0 pieds dameurs boulonn\u00e9es<br \/>\nPrix : 26470 \u20ac<br \/>\n&#8211; Ingersoll Rand SD45<br \/>\n&#8211; Tr\u00e8s faible nombre d\u2019heures : 1710<br \/>\n&#8211; \u00c9tat tr\u00e8s propre<br \/>\n&#8211; Rouleau articul\u00e9 \u00e0 pieds dameurs de 4800 kg<br \/>\n&#8211; Coquilles \u00e0 pieds dameurs boulonn\u00e9es<br \/>\n&#8211; Moteur diesel Cummins 80 ch \/ 60 kW<br \/>\n&#8211; Interrupteur d\u2019isolation de la batterie<br \/>\n&#8211; Design articul\u00e9<br \/>\n&#8211; Structure ROPS \u00e0 2 montants avec auvent<br \/>\n&#8211; Achet\u00e9 neuf en 2008<br \/>\n&#8211; Arr\u00eat d\u2019urgence<br \/>\n&#8211; Phares de travail<br \/>\n&#8211; \u00c9clairage routier homologu\u00e9<br \/>\n&#8211; Points de levage \/ attache<br \/>\n&#8211; R\u00e9troviseurs arri\u00e8re<\/p>\n\n    <div class=\"xs_social_share_widget xs_share_url after_content \t\tmain_content  wslu-style-1 wslu-share-box-shaped wslu-fill-colored wslu-none wslu-share-horizontal wslu-theme-font-no wslu-main_content\">\n\n\t\t\n        <ul>\n\t\t\t        <\/ul>\n    <\/div>","protected":false},"excerpt":{"rendered":"<p>**INGERSOLL RAND SD45 ROULOTTE \u00c0 TAMBOUR LISSE** Seulement 1710 heures Poids op\u00e9rationnel : 4800 kg Jeu complet de coquilles \u00e0 pieds dameurs boulonn\u00e9es Prix : 26470 \u20ac &#8211; Ingersoll Rand SD45 &#8211; Tr\u00e8s faible nombre d\u2019heures : 1710 &#8211; \u00c9tat tr\u00e8s propre &#8211; Rouleau articul\u00e9 \u00e0 pieds dameurs de 4800 kg &#8211; Coquilles \u00e0 pieds&#8230;<\/p>","protected":false},"featured_media":4166,"comment_status":"open","ping_status":"closed","template":"","meta":{"postBodyCss":"","postBodyMargin":[],"postBodyPadding":[],"postBodyBackground":{"backgroundType":"classic","gradient":""}},"product_brand":[],"product_cat":[225],"product_tag":[],"class_list":{"0":"post-3891","1":"product","2":"type-product","3":"status-publish","4":"has-post-thumbnail","6":"product_cat-mini-pelles","8":"first","9":"instock","10":"shipping-taxable","11":"purchasable","12":"product-type-simple"},"_links":{"self":[{"href":"https:\/\/samaterielagricole.com\/en\/wp-json\/wp\/v2\/product\/3891","targetHints":{"allow":["GET"]}}],"collection":[{"href":"https:\/\/samaterielagricole.com\/en\/wp-json\/wp\/v2\/product"}],"about":[{"href":"https:\/\/samaterielagricole.com\/en\/wp-json\/wp\/v2\/types\/product"}],"replies":[{"embeddable":true,"href":"https:\/\/samaterielagricole.com\/en\/wp-json\/wp\/v2\/comments?post=3891"}],"version-history":[{"count":1,"href":"https:\/\/samaterielagricole.com\/en\/wp-json\/wp\/v2\/product\/3891\/revisions"}],"predecessor-version":[{"id":4167,"href":"https:\/\/samaterielagricole.com\/en\/wp-json\/wp\/v2\/product\/3891\/revisions\/4167"}],"wp:featuredmedia":[{"embeddable":true,"href":"https:\/\/samaterielagricole.com\/en\/wp-json\/wp\/v2\/media\/4166"}],"wp:attachment":[{"href":"https:\/\/samaterielagricole.com\/en\/wp-json\/wp\/v2\/media?parent=3891"}],"wp:term":[{"taxonomy":"product_brand","embeddable":true,"href":"https:\/\/samaterielagricole.com\/en\/wp-json\/wp\/v2\/product_brand?post=3891"},{"taxonomy":"product_cat","embeddable":true,"href":"https:\/\/samaterielagricole.com\/en\/wp-json\/wp\/v2\/product_cat?post=3891"},{"taxonomy":"product_tag","embeddable":true,"href":"https:\/\/samaterielagricole.com\/en\/wp-json\/wp\/v2\/product_tag?post=3891"}],"curies":[{"name":"wp","href":"https:\/\/api.w.org\/{rel}","templated":true}]}}