{"id":3889,"date":"2025-09-19T14:10:10","date_gmt":"2025-09-19T12:10:10","guid":{"rendered":"https:\/\/antiquewhite-alligator-594470.hostingersite.com\/?post_type=product&#038;p=3889"},"modified":"2025-09-19T14:12:50","modified_gmt":"2025-09-19T12:12:50","slug":"chargeuse-compacte-sur-chenilles-jcb-260t-porte-outils-terex-asv-bobcat-caterpillar","status":"publish","type":"product","link":"https:\/\/samaterielagricole.com\/en\/product\/chargeuse-compacte-sur-chenilles-jcb-260t-porte-outils-terex-asv-bobcat-caterpillar\/","title":{"rendered":"Chargeuse compacte sur chenilles jcb 260t porte-outils terex asv bobcat caterpillar"},"content":{"rendered":"<p>**CHARGEUSE COMPACTE SUR CHENILLES JCB 260T**<br \/>\nMOTEUR DIESEL PERKINS 85HP\/63KW<br \/>\nGODET 4 EN 1 NEUF DE 1800MM<br \/>\nFAIBLES HEURES : 1360<br \/>\n____________________________<br \/>\n\u2013 Chargeuse compacte JCB 260T<br \/>\n\u2013 Moteur diesel Perkins 85ch\/63kw<br \/>\n\u2013 Machine bien entretenue, un seul propri\u00e9taire, provenant directement d\u2019un conseil municipal<br \/>\n\u2013 Achet\u00e9e neuve en 2016<br \/>\n\u2013 Faibles heures : 1360<br \/>\n\u2013 Godet 4 en 1 neuf de 1800mm<br \/>\n\u2013 Technologie Powerboom<br \/>\n\u2013 Poids op\u00e9rationnel \u00e9lev\u00e9 de 4630kg \u2013 l\u2019un des plus gros mod\u00e8les de sa cat\u00e9gorie<br \/>\n\u2013 Cabine enti\u00e8rement ferm\u00e9e avec climatisation et ROPS<br \/>\n\u2013 Entretien effectu\u00e9 r\u00e9cemment \u00e0 1250 heures, prochain entretien mineur \u00e0 1500h, majeur \u00e0 2000h<br \/>\n\u2013 Raccords hydrauliques auxiliaires<br \/>\n\u2013 \u00c9clairage homologu\u00e9 pour route<br \/>\n\u2013 Extincteur<br \/>\n\u2013 Radio et haut-parleurs Jansen renforc\u00e9s<\/p>\n\n    <div class=\"xs_social_share_widget xs_share_url after_content \t\tmain_content  wslu-style-1 wslu-share-box-shaped wslu-fill-colored wslu-none wslu-share-horizontal wslu-theme-font-no wslu-main_content\">\n\n\t\t\n        <ul>\n\t\t\t        <\/ul>\n    <\/div>","protected":false},"excerpt":{"rendered":"<p>**CHARGEUSE COMPACTE SUR CHENILLES JCB 260T** MOTEUR DIESEL PERKINS 85HP\/63KW GODET 4 EN 1 NEUF DE 1800MM FAIBLES HEURES : 1360 ____________________________ \u2013 Chargeuse compacte JCB 260T \u2013 Moteur diesel Perkins 85ch\/63kw \u2013 Machine bien entretenue, un seul propri\u00e9taire, provenant directement d\u2019un conseil municipal \u2013 Achet\u00e9e neuve en 2016 \u2013 Faibles heures : 1360 \u2013&#8230;<\/p>","protected":false},"featured_media":4123,"comment_status":"open","ping_status":"closed","template":"","meta":{"postBodyCss":"","postBodyMargin":[],"postBodyPadding":[],"postBodyBackground":{"backgroundType":"classic","gradient":""}},"product_brand":[],"product_cat":[238],"product_tag":[],"class_list":{"0":"post-3889","1":"product","2":"type-product","3":"status-publish","4":"has-post-thumbnail","6":"product_cat-chargeuse-compacte","8":"first","9":"instock","10":"shipping-taxable","11":"purchasable","12":"product-type-simple"},"_links":{"self":[{"href":"https:\/\/samaterielagricole.com\/en\/wp-json\/wp\/v2\/product\/3889","targetHints":{"allow":["GET"]}}],"collection":[{"href":"https:\/\/samaterielagricole.com\/en\/wp-json\/wp\/v2\/product"}],"about":[{"href":"https:\/\/samaterielagricole.com\/en\/wp-json\/wp\/v2\/types\/product"}],"replies":[{"embeddable":true,"href":"https:\/\/samaterielagricole.com\/en\/wp-json\/wp\/v2\/comments?post=3889"}],"version-history":[{"count":1,"href":"https:\/\/samaterielagricole.com\/en\/wp-json\/wp\/v2\/product\/3889\/revisions"}],"predecessor-version":[{"id":4124,"href":"https:\/\/samaterielagricole.com\/en\/wp-json\/wp\/v2\/product\/3889\/revisions\/4124"}],"wp:featuredmedia":[{"embeddable":true,"href":"https:\/\/samaterielagricole.com\/en\/wp-json\/wp\/v2\/media\/4123"}],"wp:attachment":[{"href":"https:\/\/samaterielagricole.com\/en\/wp-json\/wp\/v2\/media?parent=3889"}],"wp:term":[{"taxonomy":"product_brand","embeddable":true,"href":"https:\/\/samaterielagricole.com\/en\/wp-json\/wp\/v2\/product_brand?post=3889"},{"taxonomy":"product_cat","embeddable":true,"href":"https:\/\/samaterielagricole.com\/en\/wp-json\/wp\/v2\/product_cat?post=3889"},{"taxonomy":"product_tag","embeddable":true,"href":"https:\/\/samaterielagricole.com\/en\/wp-json\/wp\/v2\/product_tag?post=3889"}],"curies":[{"name":"wp","href":"https:\/\/api.w.org\/{rel}","templated":true}]}}