{"id":3888,"date":"2025-09-19T14:10:10","date_gmt":"2025-09-19T12:10:10","guid":{"rendered":"https:\/\/antiquewhite-alligator-594470.hostingersite.com\/?post_type=product&#038;p=3888"},"modified":"2025-09-19T14:12:29","modified_gmt":"2025-09-19T12:12:29","slug":"jcb-3cx-retro-chargeuse","status":"publish","type":"product","link":"https:\/\/samaterielagricole.com\/en\/product\/jcb-3cx-retro-chargeuse\/","title":{"rendered":"Jcb 3cx \u2013 retro-chargeuse"},"content":{"rendered":"<p>**CHARGEUSE-PELLE JCB 3CX**<br \/>\n**Provenance : conseil municipal \u2013 Propri\u00e9taire unique**<br \/>\n**Palett\u00e9e de pi\u00e8ces et filtres de rechange incluse (valeur de plus de 3 000 $)**<br \/>\n**Faible kilom\u00e9trage : seulement 3235 heures**<br \/>\n**Cabine climatis\u00e9e ferm\u00e9e**<br \/>\n**Fl\u00e8che extensible**<br \/>\n&#8212;<br \/>\n**Caract\u00e9ristiques :**<br \/>\n&#8211; Mod\u00e8le achet\u00e9 neuf en 2015<br \/>\n&#8211; Moteur diesel JCB 100 ch \/ 75 kW<br \/>\n&#8211; Cabine ferm\u00e9e climatis\u00e9e avec protection ROPS<br \/>\n&#8211; Transmission int\u00e9grale (4&#215;4)<br \/>\n&#8211; Garde-boue<br \/>\n&#8211; Coupe-batterie<br \/>\n&#8211; V\u00e9rins hydrauliques stabilisateurs \u00e0 l\u2019arri\u00e8re<br \/>\n&#8211; Fl\u00e8che extensible<br \/>\n&#8211; Godet 4-en-1 de 2200 mm et godet de creusage de 450 mm<br \/>\n&#8211; \u00c9clairage routier homologu\u00e9<br \/>\n&#8211; Feux de travail et gyrophare de s\u00e9curit\u00e9<br \/>\n&#8211; R\u00e9troviseurs<br \/>\n&#8211; Pneus tout-terrain<br \/>\n&#8211; Radio JCB avec haut-parleurs<br \/>\n&#8211; Extincteur<br \/>\n&#8211; Fl\u00e8che arri\u00e8re pivotante<br \/>\n&#8211; Si\u00e8ge confort<\/p>\n\n    <div class=\"xs_social_share_widget xs_share_url after_content \t\tmain_content  wslu-style-1 wslu-share-box-shaped wslu-fill-colored wslu-none wslu-share-horizontal wslu-theme-font-no wslu-main_content\">\n\n\t\t\n        <ul>\n\t\t\t        <\/ul>\n    <\/div>","protected":false},"excerpt":{"rendered":"<p>**CHARGEUSE-PELLE JCB 3CX** **Provenance : conseil municipal \u2013 Propri\u00e9taire unique** **Palett\u00e9e de pi\u00e8ces et filtres de rechange incluse (valeur de plus de 3 000 $)** **Faible kilom\u00e9trage : seulement 3235 heures** **Cabine climatis\u00e9e ferm\u00e9e** **Fl\u00e8che extensible** &#8212; **Caract\u00e9ristiques :** &#8211; Mod\u00e8le achet\u00e9 neuf en 2015 &#8211; Moteur diesel JCB 100 ch \/ 75 kW &#8211;&#8230;<\/p>","protected":false},"featured_media":4105,"comment_status":"open","ping_status":"closed","template":"","meta":{"postBodyCss":"","postBodyMargin":[],"postBodyPadding":[],"postBodyBackground":{"backgroundType":"classic","gradient":""}},"product_brand":[],"product_cat":[241],"product_tag":[],"class_list":{"0":"post-3888","1":"product","2":"type-product","3":"status-publish","4":"has-post-thumbnail","6":"product_cat-tractopelle","8":"first","9":"instock","10":"shipping-taxable","11":"purchasable","12":"product-type-simple"},"_links":{"self":[{"href":"https:\/\/samaterielagricole.com\/en\/wp-json\/wp\/v2\/product\/3888","targetHints":{"allow":["GET"]}}],"collection":[{"href":"https:\/\/samaterielagricole.com\/en\/wp-json\/wp\/v2\/product"}],"about":[{"href":"https:\/\/samaterielagricole.com\/en\/wp-json\/wp\/v2\/types\/product"}],"replies":[{"embeddable":true,"href":"https:\/\/samaterielagricole.com\/en\/wp-json\/wp\/v2\/comments?post=3888"}],"version-history":[{"count":1,"href":"https:\/\/samaterielagricole.com\/en\/wp-json\/wp\/v2\/product\/3888\/revisions"}],"predecessor-version":[{"id":4106,"href":"https:\/\/samaterielagricole.com\/en\/wp-json\/wp\/v2\/product\/3888\/revisions\/4106"}],"wp:featuredmedia":[{"embeddable":true,"href":"https:\/\/samaterielagricole.com\/en\/wp-json\/wp\/v2\/media\/4105"}],"wp:attachment":[{"href":"https:\/\/samaterielagricole.com\/en\/wp-json\/wp\/v2\/media?parent=3888"}],"wp:term":[{"taxonomy":"product_brand","embeddable":true,"href":"https:\/\/samaterielagricole.com\/en\/wp-json\/wp\/v2\/product_brand?post=3888"},{"taxonomy":"product_cat","embeddable":true,"href":"https:\/\/samaterielagricole.com\/en\/wp-json\/wp\/v2\/product_cat?post=3888"},{"taxonomy":"product_tag","embeddable":true,"href":"https:\/\/samaterielagricole.com\/en\/wp-json\/wp\/v2\/product_tag?post=3888"}],"curies":[{"name":"wp","href":"https:\/\/api.w.org\/{rel}","templated":true}]}}