{"id":3887,"date":"2025-09-19T14:10:09","date_gmt":"2025-09-19T12:10:09","guid":{"rendered":"https:\/\/antiquewhite-alligator-594470.hostingersite.com\/?post_type=product&#038;p=3887"},"modified":"2025-09-19T14:12:15","modified_gmt":"2025-09-19T12:12:15","slug":"john-deere-855e-gator-diesel","status":"publish","type":"product","link":"https:\/\/samaterielagricole.com\/en\/product\/john-deere-855e-gator-diesel\/","title":{"rendered":"John deere 855e gator \u2013 Diesel"},"content":{"rendered":"<p>**BUGGY JOHN DEERE GATOR 855E**<br \/>\n**Achet\u00e9 neuf en 2018**<br \/>\nTr\u00e8s propre et bien entretenu<br \/>\nBarres de protection tout autour<br \/>\n&#8212;<br \/>\n**D\u00e9tails du v\u00e9hicule** :<br \/>\n&#8211; John Deere Gator 855D<br \/>\n&#8211; Seulement 3150 heures<br \/>\n&#8211; Moteur diesel John Deere 19 kW \/ 25 CV<br \/>\n&#8211; Benne arri\u00e8re basculante (manuelle)<br \/>\n&#8211; 4&#215;4 avec modes 2&#215;4 et 4&#215;4 s\u00e9lectionnables<br \/>\n&#8211; Arceau de s\u00e9curit\u00e9 4 montants (ROPS) avec toit<br \/>\n&#8211; Barres de protection compl\u00e8tes<br \/>\n&#8211; \u00c9clairage homologu\u00e9 pour la route<br \/>\n&#8211; Pare-buffle avant<br \/>\n&#8211; Attelage arri\u00e8re<br \/>\n&#8211; Si\u00e8ges confort doubles<br \/>\n&#8211; Extincteur<br \/>\n&#8211; Isolateur de batterie<br \/>\n&#8211; Radio CB GME<\/p>\n\n    <div class=\"xs_social_share_widget xs_share_url after_content \t\tmain_content  wslu-style-1 wslu-share-box-shaped wslu-fill-colored wslu-none wslu-share-horizontal wslu-theme-font-no wslu-main_content\">\n\n\t\t\n        <ul>\n\t\t\t        <\/ul>\n    <\/div>","protected":false},"excerpt":{"rendered":"<p>**BUGGY JOHN DEERE GATOR 855E** **Achet\u00e9 neuf en 2018** Tr\u00e8s propre et bien entretenu Barres de protection tout autour &#8212; **D\u00e9tails du v\u00e9hicule** : &#8211; John Deere Gator 855D &#8211; Seulement 3150 heures &#8211; Moteur diesel John Deere 19 kW \/ 25 CV &#8211; Benne arri\u00e8re basculante (manuelle) &#8211; 4&#215;4 avec modes 2&#215;4 et 4&#215;4&#8230;<\/p>","protected":false},"featured_media":4086,"comment_status":"open","ping_status":"closed","template":"","meta":{"postBodyCss":"","postBodyMargin":[],"postBodyPadding":[],"postBodyBackground":{"backgroundType":"classic","gradient":""}},"product_brand":[],"product_cat":[225],"product_tag":[],"class_list":{"0":"post-3887","1":"product","2":"type-product","3":"status-publish","4":"has-post-thumbnail","6":"product_cat-mini-pelles","8":"first","9":"instock","10":"shipping-taxable","11":"purchasable","12":"product-type-simple"},"_links":{"self":[{"href":"https:\/\/samaterielagricole.com\/en\/wp-json\/wp\/v2\/product\/3887","targetHints":{"allow":["GET"]}}],"collection":[{"href":"https:\/\/samaterielagricole.com\/en\/wp-json\/wp\/v2\/product"}],"about":[{"href":"https:\/\/samaterielagricole.com\/en\/wp-json\/wp\/v2\/types\/product"}],"replies":[{"embeddable":true,"href":"https:\/\/samaterielagricole.com\/en\/wp-json\/wp\/v2\/comments?post=3887"}],"version-history":[{"count":1,"href":"https:\/\/samaterielagricole.com\/en\/wp-json\/wp\/v2\/product\/3887\/revisions"}],"predecessor-version":[{"id":4087,"href":"https:\/\/samaterielagricole.com\/en\/wp-json\/wp\/v2\/product\/3887\/revisions\/4087"}],"wp:featuredmedia":[{"embeddable":true,"href":"https:\/\/samaterielagricole.com\/en\/wp-json\/wp\/v2\/media\/4086"}],"wp:attachment":[{"href":"https:\/\/samaterielagricole.com\/en\/wp-json\/wp\/v2\/media?parent=3887"}],"wp:term":[{"taxonomy":"product_brand","embeddable":true,"href":"https:\/\/samaterielagricole.com\/en\/wp-json\/wp\/v2\/product_brand?post=3887"},{"taxonomy":"product_cat","embeddable":true,"href":"https:\/\/samaterielagricole.com\/en\/wp-json\/wp\/v2\/product_cat?post=3887"},{"taxonomy":"product_tag","embeddable":true,"href":"https:\/\/samaterielagricole.com\/en\/wp-json\/wp\/v2\/product_tag?post=3887"}],"curies":[{"name":"wp","href":"https:\/\/api.w.org\/{rel}","templated":true}]}}