{"id":3883,"date":"2025-09-19T14:10:09","date_gmt":"2025-09-19T12:10:09","guid":{"rendered":"https:\/\/antiquewhite-alligator-594470.hostingersite.com\/?post_type=product&#038;p=3883"},"modified":"2025-09-19T14:11:18","modified_gmt":"2025-09-19T12:11:18","slug":"toyota-sdk4-2018","status":"publish","type":"product","link":"https:\/\/samaterielagricole.com\/en\/product\/toyota-sdk4-2018\/","title":{"rendered":"Toyota sdK4 \u2013 2018"},"content":{"rendered":"<p>Chargeuse compacte Toyota SDK4<br \/>\nMod\u00e8le 2018 (livr\u00e9e en 2019), 1677 heures, machine de 1100 kg, capacit\u00e9 de levage de 320 kg, godet Norm 4-en-1 de 920 mm de large, hauteur de d\u00e9versement de 1835 mm, 20 CV.<\/p>\n\n    <div class=\"xs_social_share_widget xs_share_url after_content \t\tmain_content  wslu-style-1 wslu-share-box-shaped wslu-fill-colored wslu-none wslu-share-horizontal wslu-theme-font-no wslu-main_content\">\n\n\t\t\n        <ul>\n\t\t\t        <\/ul>\n    <\/div>","protected":false},"excerpt":{"rendered":"<p>Chargeuse compacte Toyota SDK4 Mod\u00e8le 2018 (livr\u00e9e en 2019), 1677 heures, machine de 1100 kg, capacit\u00e9 de levage de 320 kg, godet Norm 4-en-1 de 920 mm de large, hauteur de d\u00e9versement de 1835 mm, 20 CV.<\/p>","protected":false},"featured_media":3995,"comment_status":"open","ping_status":"closed","template":"","meta":{"postBodyCss":"","postBodyMargin":[],"postBodyPadding":[],"postBodyBackground":{"backgroundType":"classic","gradient":""}},"product_brand":[],"product_cat":[238],"product_tag":[],"class_list":{"0":"post-3883","1":"product","2":"type-product","3":"status-publish","4":"has-post-thumbnail","6":"product_cat-chargeuse-compacte","8":"first","9":"instock","10":"shipping-taxable","11":"purchasable","12":"product-type-simple"},"_links":{"self":[{"href":"https:\/\/samaterielagricole.com\/en\/wp-json\/wp\/v2\/product\/3883","targetHints":{"allow":["GET"]}}],"collection":[{"href":"https:\/\/samaterielagricole.com\/en\/wp-json\/wp\/v2\/product"}],"about":[{"href":"https:\/\/samaterielagricole.com\/en\/wp-json\/wp\/v2\/types\/product"}],"replies":[{"embeddable":true,"href":"https:\/\/samaterielagricole.com\/en\/wp-json\/wp\/v2\/comments?post=3883"}],"version-history":[{"count":1,"href":"https:\/\/samaterielagricole.com\/en\/wp-json\/wp\/v2\/product\/3883\/revisions"}],"predecessor-version":[{"id":3996,"href":"https:\/\/samaterielagricole.com\/en\/wp-json\/wp\/v2\/product\/3883\/revisions\/3996"}],"wp:featuredmedia":[{"embeddable":true,"href":"https:\/\/samaterielagricole.com\/en\/wp-json\/wp\/v2\/media\/3995"}],"wp:attachment":[{"href":"https:\/\/samaterielagricole.com\/en\/wp-json\/wp\/v2\/media?parent=3883"}],"wp:term":[{"taxonomy":"product_brand","embeddable":true,"href":"https:\/\/samaterielagricole.com\/en\/wp-json\/wp\/v2\/product_brand?post=3883"},{"taxonomy":"product_cat","embeddable":true,"href":"https:\/\/samaterielagricole.com\/en\/wp-json\/wp\/v2\/product_cat?post=3883"},{"taxonomy":"product_tag","embeddable":true,"href":"https:\/\/samaterielagricole.com\/en\/wp-json\/wp\/v2\/product_tag?post=3883"}],"curies":[{"name":"wp","href":"https:\/\/api.w.org\/{rel}","templated":true}]}}