{"id":3880,"date":"2025-09-19T14:10:09","date_gmt":"2025-09-19T12:10:09","guid":{"rendered":"https:\/\/antiquewhite-alligator-594470.hostingersite.com\/?post_type=product&#038;p=3880"},"modified":"2025-09-19T14:10:37","modified_gmt":"2025-09-19T12:10:37","slug":"chargeuse-compacte-kb25-2023","status":"publish","type":"product","link":"https:\/\/samaterielagricole.com\/en\/product\/chargeuse-compacte-kb25-2023\/","title":{"rendered":"Chargeuse Compacte KB25 2023"},"content":{"rendered":"<p>\u00cates-vous pr\u00eat \u00e0 faire passer vos projets de construction, d&rsquo;am\u00e9nagement paysager ou d\u2019agriculture au niveau sup\u00e9rieur ? Ne cherchez plus ! La chargeuse compacte Kobolt K25 Mini red\u00e9finit votre exp\u00e9rience de travail gr\u00e2ce \u00e0 des performances et une pr\u00e9cision in\u00e9gal\u00e9es.<br \/>\n\ud83d\udd39 **Capacit\u00e9 de charge impressionnante** : Avec une capacit\u00e9 de charge de 380 kg, la Kobolt K25 soul\u00e8ve les charges lourdes sans effort, vous permettant d\u2019en faire plus en moins de temps.<br \/>\n\ud83d\udd39 **Compacte et agile** : Avec des dimensions de 2330 mm (L) x 930 mm (l) x 1380 mm (H), cette machine puissante se faufile facilement dans les espaces restreints, ce qui en fait le choix id\u00e9al pour vos projets.<br \/>\n\ud83d\udd39 **Godet polyvalent 4-en-1** : Le godet de 910 mm de large est un v\u00e9ritable outil multifonction, vous permettant de creuser, d\u00e9verser, niveler et saisir les mat\u00e9riaux en toute simplicit\u00e9, pour une productivit\u00e9 accrue.<br \/>\n\ud83d\udd39 **Moteur Honda fiable** : \u00c9quip\u00e9e d\u2019un moteur Honda \u00e0 essence d\u00e9veloppant 27 ch (16,5 kW), la Kobolt K25 offre une puissance robuste et constante.<br \/>\n\ud83d\udd39 **Syst\u00e8me hydraulique performant** : Dot\u00e9e du syst\u00e8me hydraulique WanYe avec pompe CBTL-F410\/F410 et joystick Hydra Control (italien), pour un contr\u00f4le pr\u00e9cis et une pression maximale de 20 Mpa.<br \/>\n\ud83d\udd39 **Refroidissement avanc\u00e9** : Le radiateur en alliage permet \u00e0 la Kobolt K25 de rester performante, m\u00eame lors de longues sessions de travail intensif.<br \/>\n\ud83d\udd39 **Syst\u00e8me d&rsquo;entra\u00eenement durable** : \u00c9quip\u00e9e de moteurs Danfoss (Danemark) avec une cylindr\u00e9e de 200 cc\/tour (530 375T*2), la Kobolt K25 est con\u00e7ue pour durer.<br \/>\n\ud83d\udd39 **Circuit auxiliaire (AUX)** : Raccords plats avec d\u00e9bits variables (KZE-03SF \u00e0 23 L\/min et KZE-04SF \u00e0 45,5 L\/min), pour une compatibilit\u00e9 maximale avec tous vos accessoires.<br \/>\n\ud83d\udd39 **Capacit\u00e9s de fluide g\u00e9n\u00e9reuses** : Avec un r\u00e9servoir de carburant de 18 L et une capacit\u00e9 hydraulique de 35 L, travaillez plus longtemps avec moins d\u2019interruptions.<\/p>\n\n    <div class=\"xs_social_share_widget xs_share_url after_content \t\tmain_content  wslu-style-1 wslu-share-box-shaped wslu-fill-colored wslu-none wslu-share-horizontal wslu-theme-font-no wslu-main_content\">\n\n\t\t\n        <ul>\n\t\t\t        <\/ul>\n    <\/div>","protected":false},"excerpt":{"rendered":"<p>\u00cates-vous pr\u00eat \u00e0 faire passer vos projets de construction, d&rsquo;am\u00e9nagement paysager ou d\u2019agriculture au niveau sup\u00e9rieur ? Ne cherchez plus ! La chargeuse compacte Kobolt K25 Mini red\u00e9finit votre exp\u00e9rience de travail gr\u00e2ce \u00e0 des performances et une pr\u00e9cision in\u00e9gal\u00e9es. \ud83d\udd39 **Capacit\u00e9 de charge impressionnante** : Avec une capacit\u00e9 de charge de 380 kg, la&#8230;<\/p>","protected":false},"featured_media":3926,"comment_status":"open","ping_status":"closed","template":"","meta":{"postBodyCss":"","postBodyMargin":[],"postBodyPadding":[],"postBodyBackground":{"backgroundType":"classic","gradient":""}},"product_brand":[],"product_cat":[238],"product_tag":[],"class_list":{"0":"post-3880","1":"product","2":"type-product","3":"status-publish","4":"has-post-thumbnail","6":"product_cat-chargeuse-compacte","8":"first","9":"instock","10":"shipping-taxable","11":"purchasable","12":"product-type-simple"},"_links":{"self":[{"href":"https:\/\/samaterielagricole.com\/en\/wp-json\/wp\/v2\/product\/3880","targetHints":{"allow":["GET"]}}],"collection":[{"href":"https:\/\/samaterielagricole.com\/en\/wp-json\/wp\/v2\/product"}],"about":[{"href":"https:\/\/samaterielagricole.com\/en\/wp-json\/wp\/v2\/types\/product"}],"replies":[{"embeddable":true,"href":"https:\/\/samaterielagricole.com\/en\/wp-json\/wp\/v2\/comments?post=3880"}],"version-history":[{"count":1,"href":"https:\/\/samaterielagricole.com\/en\/wp-json\/wp\/v2\/product\/3880\/revisions"}],"predecessor-version":[{"id":3927,"href":"https:\/\/samaterielagricole.com\/en\/wp-json\/wp\/v2\/product\/3880\/revisions\/3927"}],"wp:featuredmedia":[{"embeddable":true,"href":"https:\/\/samaterielagricole.com\/en\/wp-json\/wp\/v2\/media\/3926"}],"wp:attachment":[{"href":"https:\/\/samaterielagricole.com\/en\/wp-json\/wp\/v2\/media?parent=3880"}],"wp:term":[{"taxonomy":"product_brand","embeddable":true,"href":"https:\/\/samaterielagricole.com\/en\/wp-json\/wp\/v2\/product_brand?post=3880"},{"taxonomy":"product_cat","embeddable":true,"href":"https:\/\/samaterielagricole.com\/en\/wp-json\/wp\/v2\/product_cat?post=3880"},{"taxonomy":"product_tag","embeddable":true,"href":"https:\/\/samaterielagricole.com\/en\/wp-json\/wp\/v2\/product_tag?post=3880"}],"curies":[{"name":"wp","href":"https:\/\/api.w.org\/{rel}","templated":true}]}}