{"id":3879,"date":"2025-09-19T14:10:09","date_gmt":"2025-09-19T12:10:09","guid":{"rendered":"https:\/\/antiquewhite-alligator-594470.hostingersite.com\/?post_type=product&#038;p=3879"},"modified":"2025-09-19T14:10:27","modified_gmt":"2025-09-19T12:10:27","slug":"mini-pelle-kx11","status":"publish","type":"product","link":"https:\/\/samaterielagricole.com\/en\/product\/mini-pelle-kx11\/","title":{"rendered":"Mini pelle KX11"},"content":{"rendered":"<p>Poids op\u00e9rationnel : 1000 kg<br \/>\nChenilles en caoutchouc<br \/>\nMoteur diesel<br \/>\nIsolateur de batterie<br \/>\nLame de remblayage \/ de nivellement<br \/>\nAccessoires inclus :<br \/>\nGodet GP de 400 mm<br \/>\nGodet GP de 250 mm<br \/>\nGodet \u00e0 boue de 800 mm<br \/>\nTari\u00e8re hydraulique<br \/>\nGrappin \u00e0 cinq doigts<br \/>\nDent d\u00e9fonceuse<br \/>\nR\u00e2teau<\/p>\n\n    <div class=\"xs_social_share_widget xs_share_url after_content \t\tmain_content  wslu-style-1 wslu-share-box-shaped wslu-fill-colored wslu-none wslu-share-horizontal wslu-theme-font-no wslu-main_content\">\n\n\t\t\n        <ul>\n\t\t\t        <\/ul>\n    <\/div>","protected":false},"excerpt":{"rendered":"<p>Poids op\u00e9rationnel : 1000 kg Chenilles en caoutchouc Moteur diesel Isolateur de batterie Lame de remblayage \/ de nivellement Accessoires inclus : Godet GP de 400 mm Godet GP de 250 mm Godet \u00e0 boue de 800 mm Tari\u00e8re hydraulique Grappin \u00e0 cinq doigts Dent d\u00e9fonceuse R\u00e2teau<\/p>","protected":false},"featured_media":3917,"comment_status":"open","ping_status":"closed","template":"","meta":{"postBodyCss":"","postBodyMargin":[],"postBodyPadding":[],"postBodyBackground":{"backgroundType":"classic","gradient":""}},"product_brand":[],"product_cat":[237],"product_tag":[],"class_list":{"0":"post-3879","1":"product","2":"type-product","3":"status-publish","4":"has-post-thumbnail","6":"product_cat-mini-pelle","8":"first","9":"instock","10":"shipping-taxable","11":"purchasable","12":"product-type-simple"},"_links":{"self":[{"href":"https:\/\/samaterielagricole.com\/en\/wp-json\/wp\/v2\/product\/3879","targetHints":{"allow":["GET"]}}],"collection":[{"href":"https:\/\/samaterielagricole.com\/en\/wp-json\/wp\/v2\/product"}],"about":[{"href":"https:\/\/samaterielagricole.com\/en\/wp-json\/wp\/v2\/types\/product"}],"replies":[{"embeddable":true,"href":"https:\/\/samaterielagricole.com\/en\/wp-json\/wp\/v2\/comments?post=3879"}],"version-history":[{"count":1,"href":"https:\/\/samaterielagricole.com\/en\/wp-json\/wp\/v2\/product\/3879\/revisions"}],"predecessor-version":[{"id":3918,"href":"https:\/\/samaterielagricole.com\/en\/wp-json\/wp\/v2\/product\/3879\/revisions\/3918"}],"wp:featuredmedia":[{"embeddable":true,"href":"https:\/\/samaterielagricole.com\/en\/wp-json\/wp\/v2\/media\/3917"}],"wp:attachment":[{"href":"https:\/\/samaterielagricole.com\/en\/wp-json\/wp\/v2\/media?parent=3879"}],"wp:term":[{"taxonomy":"product_brand","embeddable":true,"href":"https:\/\/samaterielagricole.com\/en\/wp-json\/wp\/v2\/product_brand?post=3879"},{"taxonomy":"product_cat","embeddable":true,"href":"https:\/\/samaterielagricole.com\/en\/wp-json\/wp\/v2\/product_cat?post=3879"},{"taxonomy":"product_tag","embeddable":true,"href":"https:\/\/samaterielagricole.com\/en\/wp-json\/wp\/v2\/product_tag?post=3879"}],"curies":[{"name":"wp","href":"https:\/\/api.w.org\/{rel}","templated":true}]}}