{"id":3830,"date":"2025-09-19T14:09:44","date_gmt":"2025-09-19T12:09:44","guid":{"rendered":"https:\/\/antiquewhite-alligator-594470.hostingersite.com\/?post_type=product&#038;p=3830"},"modified":"2025-09-19T14:10:17","modified_gmt":"2025-09-19T12:10:17","slug":"rider-husqvarna-r420tsx-4x4","status":"publish","type":"product","link":"https:\/\/samaterielagricole.com\/en\/product\/rider-husqvarna-r420tsx-4x4\/","title":{"rendered":"Rider HUSQVARNA R420TSX 4X4"},"content":{"rendered":"<p>Ce Rider de s\u00e9rie 400 est id\u00e9al pour les jardins de moyennes et grandes surfaces complexes. Le train arri\u00e8re articul\u00e9 apporte une manoeuvrabilit\u00e9 hors pair . Les commandes sont ergonomiquement dispos\u00e9es \u00e0 port\u00e9e de main. Deux carters Combi sont disponibles en option 103 \/ 112 et 122 cm qui permettent le choix entre l\u2019\u00e9jection arri\u00e8re ou le mulching. 4 roues motrices pour plus d\u2019adh\u00e9rence dans les pentes ou sur les terrains glissants. Direction assist\u00e9e et relevage hydraulique du plateau de coupe et\/ou des accessoires pour encore plus de confort.<\/p>\n\n    <div class=\"xs_social_share_widget xs_share_url after_content \t\tmain_content  wslu-style-1 wslu-share-box-shaped wslu-fill-colored wslu-none wslu-share-horizontal wslu-theme-font-no wslu-main_content\">\n\n\t\t\n        <ul>\n\t\t\t        <\/ul>\n    <\/div>","protected":false},"excerpt":{"rendered":"<p>Ce Rider de s\u00e9rie 400 est id\u00e9al pour les jardins de moyennes et grandes surfaces complexes. Le train arri\u00e8re articul\u00e9 apporte une manoeuvrabilit\u00e9 hors pair . Les commandes sont ergonomiquement dispos\u00e9es \u00e0 port\u00e9e de main. Deux carters Combi sont disponibles en option 103 \/ 112 et 122 cm qui permettent le choix entre l\u2019\u00e9jection arri\u00e8re&#8230;<\/p>","protected":false},"featured_media":3911,"comment_status":"open","ping_status":"closed","template":"","meta":{"postBodyCss":"","postBodyMargin":[],"postBodyPadding":[],"postBodyBackground":{"backgroundType":"classic","gradient":""}},"product_brand":[],"product_cat":[235],"product_tag":[],"class_list":{"0":"post-3830","1":"product","2":"type-product","3":"status-publish","4":"has-post-thumbnail","6":"product_cat-tondeuse-autoportee-a-coupe-frontale-rider-2","8":"first","9":"instock","10":"shipping-taxable","11":"purchasable","12":"product-type-simple"},"_links":{"self":[{"href":"https:\/\/samaterielagricole.com\/en\/wp-json\/wp\/v2\/product\/3830","targetHints":{"allow":["GET"]}}],"collection":[{"href":"https:\/\/samaterielagricole.com\/en\/wp-json\/wp\/v2\/product"}],"about":[{"href":"https:\/\/samaterielagricole.com\/en\/wp-json\/wp\/v2\/types\/product"}],"replies":[{"embeddable":true,"href":"https:\/\/samaterielagricole.com\/en\/wp-json\/wp\/v2\/comments?post=3830"}],"version-history":[{"count":1,"href":"https:\/\/samaterielagricole.com\/en\/wp-json\/wp\/v2\/product\/3830\/revisions"}],"predecessor-version":[{"id":3912,"href":"https:\/\/samaterielagricole.com\/en\/wp-json\/wp\/v2\/product\/3830\/revisions\/3912"}],"wp:featuredmedia":[{"embeddable":true,"href":"https:\/\/samaterielagricole.com\/en\/wp-json\/wp\/v2\/media\/3911"}],"wp:attachment":[{"href":"https:\/\/samaterielagricole.com\/en\/wp-json\/wp\/v2\/media?parent=3830"}],"wp:term":[{"taxonomy":"product_brand","embeddable":true,"href":"https:\/\/samaterielagricole.com\/en\/wp-json\/wp\/v2\/product_brand?post=3830"},{"taxonomy":"product_cat","embeddable":true,"href":"https:\/\/samaterielagricole.com\/en\/wp-json\/wp\/v2\/product_cat?post=3830"},{"taxonomy":"product_tag","embeddable":true,"href":"https:\/\/samaterielagricole.com\/en\/wp-json\/wp\/v2\/product_tag?post=3830"}],"curies":[{"name":"wp","href":"https:\/\/api.w.org\/{rel}","templated":true}]}}