{"id":3828,"date":"2025-09-19T14:09:44","date_gmt":"2025-09-19T12:09:44","guid":{"rendered":"https:\/\/antiquewhite-alligator-594470.hostingersite.com\/?post_type=product&#038;p=3828"},"modified":"2025-09-19T14:10:08","modified_gmt":"2025-09-19T12:10:08","slug":"rider-husqvarna-avec-bac-rc320ts-4x4-sans-plateau-de-coupe","status":"publish","type":"product","link":"https:\/\/samaterielagricole.com\/en\/product\/rider-husqvarna-avec-bac-rc320ts-4x4-sans-plateau-de-coupe\/","title":{"rendered":"Rider HUSQVARNA avec bac RC320Ts 4X4 (sans plateau de coupe)"},"content":{"rendered":"<p>Rider coupe-frontale \u00e0 ramassage. Vous retrouvez dans ce mod\u00e8le tout l\u2019ADN des Riders comme le carter positionn\u00e9 \u00e0 l\u2019avant, la position de service, les 4 rouesde m\u00eame dimension, les commandes group\u00e9es \u00e0 port\u00e9e de main et la direction arri\u00e8re articul\u00e9e pour une manoeuvrabilit\u00e9 hors pair. Le RC 318T est \u00e9quip\u00e9 d\u2019un carter decoupe de 112 cm avec 3 lames : une petite lame centrale et deux lames contre-rotatives qui projettent l\u2019herbe dans une vis sans fin. La vis sans fin achemine l\u2019herbejusque dans le bac de 300 L. Les deux grandes qualit\u00e9 de la vis sans fin : un ramassage sans aucun bourrage et un compactage de l\u2019herbe qui permet donc de tondre pluslongtemps car l\u2019herbe est compact\u00e9e. Le bac se vide par simple pression sur un interrupteur. Le plateau de coupe est relevable \u00e0 90\u00b0 pour l\u2019entretien et la maintenance.Mod\u00e8le \u00e9quip\u00e9 de la direction assist\u00e9e pour un confort de conduite sup\u00e9rieur et de 4 roues motrices pour plus de motricit\u00e9 et une utilisation sur terrains pentus ouglissants.<\/p>\n\n    <div class=\"xs_social_share_widget xs_share_url after_content \t\tmain_content  wslu-style-1 wslu-share-box-shaped wslu-fill-colored wslu-none wslu-share-horizontal wslu-theme-font-no wslu-main_content\">\n\n\t\t\n        <ul>\n\t\t\t        <\/ul>\n    <\/div>","protected":false},"excerpt":{"rendered":"<p>Rider coupe-frontale \u00e0 ramassage. Vous retrouvez dans ce mod\u00e8le tout l\u2019ADN des Riders comme le carter positionn\u00e9 \u00e0 l\u2019avant, la position de service, les 4 rouesde m\u00eame dimension, les commandes group\u00e9es \u00e0 port\u00e9e de main et la direction arri\u00e8re articul\u00e9e pour une manoeuvrabilit\u00e9 hors pair. Le RC 318T est \u00e9quip\u00e9 d\u2019un carter decoupe de 112&#8230;<\/p>","protected":false},"featured_media":3874,"comment_status":"open","ping_status":"closed","template":"","meta":{"postBodyCss":"","postBodyMargin":[],"postBodyPadding":[],"postBodyBackground":{"backgroundType":"classic","gradient":""}},"product_brand":[],"product_cat":[235],"product_tag":[],"class_list":{"0":"post-3828","1":"product","2":"type-product","3":"status-publish","4":"has-post-thumbnail","6":"product_cat-tondeuse-autoportee-a-coupe-frontale-rider-2","8":"first","9":"instock","10":"shipping-taxable","11":"purchasable","12":"product-type-simple"},"_links":{"self":[{"href":"https:\/\/samaterielagricole.com\/en\/wp-json\/wp\/v2\/product\/3828","targetHints":{"allow":["GET"]}}],"collection":[{"href":"https:\/\/samaterielagricole.com\/en\/wp-json\/wp\/v2\/product"}],"about":[{"href":"https:\/\/samaterielagricole.com\/en\/wp-json\/wp\/v2\/types\/product"}],"replies":[{"embeddable":true,"href":"https:\/\/samaterielagricole.com\/en\/wp-json\/wp\/v2\/comments?post=3828"}],"version-history":[{"count":1,"href":"https:\/\/samaterielagricole.com\/en\/wp-json\/wp\/v2\/product\/3828\/revisions"}],"predecessor-version":[{"id":3875,"href":"https:\/\/samaterielagricole.com\/en\/wp-json\/wp\/v2\/product\/3828\/revisions\/3875"}],"wp:featuredmedia":[{"embeddable":true,"href":"https:\/\/samaterielagricole.com\/en\/wp-json\/wp\/v2\/media\/3874"}],"wp:attachment":[{"href":"https:\/\/samaterielagricole.com\/en\/wp-json\/wp\/v2\/media?parent=3828"}],"wp:term":[{"taxonomy":"product_brand","embeddable":true,"href":"https:\/\/samaterielagricole.com\/en\/wp-json\/wp\/v2\/product_brand?post=3828"},{"taxonomy":"product_cat","embeddable":true,"href":"https:\/\/samaterielagricole.com\/en\/wp-json\/wp\/v2\/product_cat?post=3828"},{"taxonomy":"product_tag","embeddable":true,"href":"https:\/\/samaterielagricole.com\/en\/wp-json\/wp\/v2\/product_tag?post=3828"}],"curies":[{"name":"wp","href":"https:\/\/api.w.org\/{rel}","templated":true}]}}