{"id":3827,"date":"2025-09-19T14:09:44","date_gmt":"2025-09-19T12:09:44","guid":{"rendered":"https:\/\/antiquewhite-alligator-594470.hostingersite.com\/?post_type=product&#038;p=3827"},"modified":"2025-09-19T14:10:03","modified_gmt":"2025-09-19T12:10:03","slug":"rider-husqvarna-r419tsx-4x4","status":"publish","type":"product","link":"https:\/\/samaterielagricole.com\/en\/product\/rider-husqvarna-r419tsx-4x4\/","title":{"rendered":"Rider HUSQVARNA R419TSX 4X4"},"content":{"rendered":"<p>Rider alliant compaticit\u00e9 et hautes performances, id\u00e9al pour les surfaces grandes et complexes. Il est dot\u00e9, entre autres, de la direction assist\u00e9e, du relevage hydraulique de la coupe et\/ou des accessoires, de phares et d\u2019un syst\u00e8me rapide et facile de connexion pour la coupe ou les accessoires. Ce mod\u00e8le peut \u00eatre \u00e9quip\u00e9 d\u2019un tondo-broyeur \u00e0 fl\u00e9aux, d\u2019une brosse rotative, d\u2019une fraise \u00e0 neige, d\u2019une lame \u00e0 neige et plus encore. Un excellent produit pour les propri\u00e9taires de domaines, les copropri\u00e9t\u00e9s, les terrains de sport et h\u00f4tels b\u00e9n\u00e9ficiant de beaucoup de terrains \u00e0 entretenir tout au long de l\u2019ann\u00e9e. Le R418Ts AWD est livr\u00e9 sans la coupe et peut recevoir 3 carters de coupe en 103 \/ 112 ou 122 cm de type Combi : mulching ou \u00e9jection arri\u00e8re.<\/p>\n\n    <div class=\"xs_social_share_widget xs_share_url after_content \t\tmain_content  wslu-style-1 wslu-share-box-shaped wslu-fill-colored wslu-none wslu-share-horizontal wslu-theme-font-no wslu-main_content\">\n\n\t\t\n        <ul>\n\t\t\t        <\/ul>\n    <\/div>","protected":false},"excerpt":{"rendered":"<p>Rider alliant compaticit\u00e9 et hautes performances, id\u00e9al pour les surfaces grandes et complexes. Il est dot\u00e9, entre autres, de la direction assist\u00e9e, du relevage hydraulique de la coupe et\/ou des accessoires, de phares et d\u2019un syst\u00e8me rapide et facile de connexion pour la coupe ou les accessoires. Ce mod\u00e8le peut \u00eatre \u00e9quip\u00e9 d\u2019un tondo-broyeur \u00e0&#8230;<\/p>","protected":false},"featured_media":3872,"comment_status":"open","ping_status":"closed","template":"","meta":{"postBodyCss":"","postBodyMargin":[],"postBodyPadding":[],"postBodyBackground":{"backgroundType":"classic","gradient":""}},"product_brand":[],"product_cat":[234],"product_tag":[],"class_list":{"0":"post-3827","1":"product","2":"type-product","3":"status-publish","4":"has-post-thumbnail","6":"product_cat-tondeuse-autoportee-a-coupe-frontale-rider","8":"first","9":"instock","10":"shipping-taxable","11":"purchasable","12":"product-type-simple"},"_links":{"self":[{"href":"https:\/\/samaterielagricole.com\/en\/wp-json\/wp\/v2\/product\/3827","targetHints":{"allow":["GET"]}}],"collection":[{"href":"https:\/\/samaterielagricole.com\/en\/wp-json\/wp\/v2\/product"}],"about":[{"href":"https:\/\/samaterielagricole.com\/en\/wp-json\/wp\/v2\/types\/product"}],"replies":[{"embeddable":true,"href":"https:\/\/samaterielagricole.com\/en\/wp-json\/wp\/v2\/comments?post=3827"}],"version-history":[{"count":1,"href":"https:\/\/samaterielagricole.com\/en\/wp-json\/wp\/v2\/product\/3827\/revisions"}],"predecessor-version":[{"id":3873,"href":"https:\/\/samaterielagricole.com\/en\/wp-json\/wp\/v2\/product\/3827\/revisions\/3873"}],"wp:featuredmedia":[{"embeddable":true,"href":"https:\/\/samaterielagricole.com\/en\/wp-json\/wp\/v2\/media\/3872"}],"wp:attachment":[{"href":"https:\/\/samaterielagricole.com\/en\/wp-json\/wp\/v2\/media?parent=3827"}],"wp:term":[{"taxonomy":"product_brand","embeddable":true,"href":"https:\/\/samaterielagricole.com\/en\/wp-json\/wp\/v2\/product_brand?post=3827"},{"taxonomy":"product_cat","embeddable":true,"href":"https:\/\/samaterielagricole.com\/en\/wp-json\/wp\/v2\/product_cat?post=3827"},{"taxonomy":"product_tag","embeddable":true,"href":"https:\/\/samaterielagricole.com\/en\/wp-json\/wp\/v2\/product_tag?post=3827"}],"curies":[{"name":"wp","href":"https:\/\/api.w.org\/{rel}","templated":true}]}}