{"id":3826,"date":"2025-09-19T14:09:44","date_gmt":"2025-09-19T12:09:44","guid":{"rendered":"https:\/\/antiquewhite-alligator-594470.hostingersite.com\/?post_type=product&#038;p=3826"},"modified":"2025-09-19T14:10:02","modified_gmt":"2025-09-19T12:10:02","slug":"robot-tondeuse-husqvarna-automower-435x-awd","status":"publish","type":"product","link":"https:\/\/samaterielagricole.com\/en\/product\/robot-tondeuse-husqvarna-automower-435x-awd\/","title":{"rendered":"Robot Tondeuse HUSQVARNA Automower 435X AWD"},"content":{"rendered":"<p>Le mod\u00e8le automower 435X AWD est le 1er robot 4 roues motrices offrant performance et design unique !<br \/>\nsp\u00e9cialement d\u00e9velopp\u00e9 pour g\u00e9rer les terrains complexes, meubles et pentus (gestion des pentes jusqu\u2019\u00e0 70% en milieu de terrain, 50% en bordures); il permet de tondre sur des pelouses complexes jusqu\u2019\u00e0 3500 m2.<br \/>\nEquip\u00e9 d\u2019Automower Connect pour une meilleure gestion et un suivi \u00e0 distance<br \/>\nInterface utilisateur 2.0 : joystick rotatif pour une interaction optimale<br \/>\nMinuterie adaptative, navigation assist\u00e9e par GPS, d\u00e9tection automatique des passages \u00e9troits<br \/>\nKIT D\u2019INSTALLATION CONSEILLE : KIT LARGE \u2013 SE REPORTER A LA RUBRIQUE ACCESSOIRES ROBOT POUR LE CHOIX DU KIT D\u2019INSTALLATION<\/p>\n\n    <div class=\"xs_social_share_widget xs_share_url after_content \t\tmain_content  wslu-style-1 wslu-share-box-shaped wslu-fill-colored wslu-none wslu-share-horizontal wslu-theme-font-no wslu-main_content\">\n\n\t\t\n        <ul>\n\t\t\t        <\/ul>\n    <\/div>","protected":false},"excerpt":{"rendered":"<p>Le mod\u00e8le automower 435X AWD est le 1er robot 4 roues motrices offrant performance et design unique ! sp\u00e9cialement d\u00e9velopp\u00e9 pour g\u00e9rer les terrains complexes, meubles et pentus (gestion des pentes jusqu\u2019\u00e0 70% en milieu de terrain, 50% en bordures); il permet de tondre sur des pelouses complexes jusqu\u2019\u00e0 3500 m2. Equip\u00e9 d\u2019Automower Connect pour&#8230;<\/p>","protected":false},"featured_media":3870,"comment_status":"open","ping_status":"closed","template":"","meta":{"postBodyCss":"","postBodyMargin":[],"postBodyPadding":[],"postBodyBackground":{"backgroundType":"classic","gradient":""}},"product_brand":[],"product_cat":[227],"product_tag":[],"class_list":{"0":"post-3826","1":"product","2":"type-product","3":"status-publish","4":"has-post-thumbnail","6":"product_cat-tondeuses-robots","8":"first","9":"instock","10":"shipping-taxable","11":"purchasable","12":"product-type-simple"},"_links":{"self":[{"href":"https:\/\/samaterielagricole.com\/en\/wp-json\/wp\/v2\/product\/3826","targetHints":{"allow":["GET"]}}],"collection":[{"href":"https:\/\/samaterielagricole.com\/en\/wp-json\/wp\/v2\/product"}],"about":[{"href":"https:\/\/samaterielagricole.com\/en\/wp-json\/wp\/v2\/types\/product"}],"replies":[{"embeddable":true,"href":"https:\/\/samaterielagricole.com\/en\/wp-json\/wp\/v2\/comments?post=3826"}],"version-history":[{"count":1,"href":"https:\/\/samaterielagricole.com\/en\/wp-json\/wp\/v2\/product\/3826\/revisions"}],"predecessor-version":[{"id":3871,"href":"https:\/\/samaterielagricole.com\/en\/wp-json\/wp\/v2\/product\/3826\/revisions\/3871"}],"wp:featuredmedia":[{"embeddable":true,"href":"https:\/\/samaterielagricole.com\/en\/wp-json\/wp\/v2\/media\/3870"}],"wp:attachment":[{"href":"https:\/\/samaterielagricole.com\/en\/wp-json\/wp\/v2\/media?parent=3826"}],"wp:term":[{"taxonomy":"product_brand","embeddable":true,"href":"https:\/\/samaterielagricole.com\/en\/wp-json\/wp\/v2\/product_brand?post=3826"},{"taxonomy":"product_cat","embeddable":true,"href":"https:\/\/samaterielagricole.com\/en\/wp-json\/wp\/v2\/product_cat?post=3826"},{"taxonomy":"product_tag","embeddable":true,"href":"https:\/\/samaterielagricole.com\/en\/wp-json\/wp\/v2\/product_tag?post=3826"}],"curies":[{"name":"wp","href":"https:\/\/api.w.org\/{rel}","templated":true}]}}