{"id":3825,"date":"2025-09-19T14:09:44","date_gmt":"2025-09-19T12:09:44","guid":{"rendered":"https:\/\/antiquewhite-alligator-594470.hostingersite.com\/?post_type=product&#038;p=3825"},"modified":"2025-09-19T14:10:00","modified_gmt":"2025-09-19T12:10:00","slug":"robot-tondeuse-husqvarna-automower-415x","status":"publish","type":"product","link":"https:\/\/samaterielagricole.com\/en\/product\/robot-tondeuse-husqvarna-automower-415x\/","title":{"rendered":"Robot Tondeuse HUSQVARNA Automower 415X"},"content":{"rendered":"<p>Le Robot Tondeuse Automower\u00ae 415X est le robot le plus performant pour les jardins de taille moyenne.<br \/>\nDernier n\u00e9 de la gamme HUSQVARNA, le robot Automower 415X assure une tonte parfaite sur tous les types de terrain jusqu\u2019\u00e0 1500 m2<br \/>\nEncore plus intelligent, intuitif, il dispose de la tonte adaptative, de la tonte dans les passages \u00e9troits \u00e0 partir de 60cm; il est ultra silencieux et dispose de s\u00e9rie de l\u2019AUTOMOWER\u00ae Connect et des phares<br \/>\nL AUTOMOWER 415X peut \u00eatre nettoy\u00e9 au jet d\u2019eau<\/p>\n\n    <div class=\"xs_social_share_widget xs_share_url after_content \t\tmain_content  wslu-style-1 wslu-share-box-shaped wslu-fill-colored wslu-none wslu-share-horizontal wslu-theme-font-no wslu-main_content\">\n\n\t\t\n        <ul>\n\t\t\t        <\/ul>\n    <\/div>","protected":false},"excerpt":{"rendered":"<p>Le Robot Tondeuse Automower\u00ae 415X est le robot le plus performant pour les jardins de taille moyenne. Dernier n\u00e9 de la gamme HUSQVARNA, le robot Automower 415X assure une tonte parfaite sur tous les types de terrain jusqu\u2019\u00e0 1500 m2 Encore plus intelligent, intuitif, il dispose de la tonte adaptative, de la tonte dans les&#8230;<\/p>","protected":false},"featured_media":3868,"comment_status":"open","ping_status":"closed","template":"","meta":{"postBodyCss":"","postBodyMargin":[],"postBodyPadding":[],"postBodyBackground":{"backgroundType":"classic","gradient":""}},"product_brand":[],"product_cat":[227],"product_tag":[],"class_list":{"0":"post-3825","1":"product","2":"type-product","3":"status-publish","4":"has-post-thumbnail","6":"product_cat-tondeuses-robots","8":"first","9":"instock","10":"shipping-taxable","11":"purchasable","12":"product-type-simple"},"_links":{"self":[{"href":"https:\/\/samaterielagricole.com\/en\/wp-json\/wp\/v2\/product\/3825","targetHints":{"allow":["GET"]}}],"collection":[{"href":"https:\/\/samaterielagricole.com\/en\/wp-json\/wp\/v2\/product"}],"about":[{"href":"https:\/\/samaterielagricole.com\/en\/wp-json\/wp\/v2\/types\/product"}],"replies":[{"embeddable":true,"href":"https:\/\/samaterielagricole.com\/en\/wp-json\/wp\/v2\/comments?post=3825"}],"version-history":[{"count":1,"href":"https:\/\/samaterielagricole.com\/en\/wp-json\/wp\/v2\/product\/3825\/revisions"}],"predecessor-version":[{"id":3869,"href":"https:\/\/samaterielagricole.com\/en\/wp-json\/wp\/v2\/product\/3825\/revisions\/3869"}],"wp:featuredmedia":[{"embeddable":true,"href":"https:\/\/samaterielagricole.com\/en\/wp-json\/wp\/v2\/media\/3868"}],"wp:attachment":[{"href":"https:\/\/samaterielagricole.com\/en\/wp-json\/wp\/v2\/media?parent=3825"}],"wp:term":[{"taxonomy":"product_brand","embeddable":true,"href":"https:\/\/samaterielagricole.com\/en\/wp-json\/wp\/v2\/product_brand?post=3825"},{"taxonomy":"product_cat","embeddable":true,"href":"https:\/\/samaterielagricole.com\/en\/wp-json\/wp\/v2\/product_cat?post=3825"},{"taxonomy":"product_tag","embeddable":true,"href":"https:\/\/samaterielagricole.com\/en\/wp-json\/wp\/v2\/product_tag?post=3825"}],"curies":[{"name":"wp","href":"https:\/\/api.w.org\/{rel}","templated":true}]}}