{"id":3821,"date":"2025-09-19T14:09:44","date_gmt":"2025-09-19T12:09:44","guid":{"rendered":"https:\/\/antiquewhite-alligator-594470.hostingersite.com\/?post_type=product&#038;p=3821"},"modified":"2025-09-19T14:09:56","modified_gmt":"2025-09-19T12:09:56","slug":"rider-husqvarna-r316tx","status":"publish","type":"product","link":"https:\/\/samaterielagricole.com\/en\/product\/rider-husqvarna-r316tx\/","title":{"rendered":"Rider HUSQVARNA R316TX"},"content":{"rendered":"<p>Le Rider Husqvarna 316TX est une machine polyvalente qui peut \u00eatre utilis\u00e9e toute l\u2019ann\u00e9e gr\u00e2ce \u00e0 la vaste gamme d\u2019accessoires propos\u00e9e. Vous avez \u00e9galement la possibilit\u00e9 de rajouter en option trois tailles d\u2019unit\u00e9s de coupe Combi (94, 103 ou 112 cm). Ainsi, si vous disposez d\u2019une large surface \u00e0 tondre qui exige une grande efficacit\u00e9, et une man\u0153uvrabilit\u00e9 hors pair, optez pour le Rider s\u00e9rie 300.<br \/>\ncompatible Husqvarna Connect et nouveaux phares LED double position<\/p>\n\n    <div class=\"xs_social_share_widget xs_share_url after_content \t\tmain_content  wslu-style-1 wslu-share-box-shaped wslu-fill-colored wslu-none wslu-share-horizontal wslu-theme-font-no wslu-main_content\">\n\n\t\t\n        <ul>\n\t\t\t        <\/ul>\n    <\/div>","protected":false},"excerpt":{"rendered":"<p>Le Rider Husqvarna 316TX est une machine polyvalente qui peut \u00eatre utilis\u00e9e toute l\u2019ann\u00e9e gr\u00e2ce \u00e0 la vaste gamme d\u2019accessoires propos\u00e9e. Vous avez \u00e9galement la possibilit\u00e9 de rajouter en option trois tailles d\u2019unit\u00e9s de coupe Combi (94, 103 ou 112 cm). Ainsi, si vous disposez d\u2019une large surface \u00e0 tondre qui exige une grande efficacit\u00e9,&#8230;<\/p>","protected":false},"featured_media":3861,"comment_status":"open","ping_status":"closed","template":"","meta":{"postBodyCss":"","postBodyMargin":[],"postBodyPadding":[],"postBodyBackground":{"backgroundType":"classic","gradient":""}},"product_brand":[],"product_cat":[234],"product_tag":[],"class_list":{"0":"post-3821","1":"product","2":"type-product","3":"status-publish","4":"has-post-thumbnail","6":"product_cat-tondeuse-autoportee-a-coupe-frontale-rider","8":"first","9":"instock","10":"shipping-taxable","11":"purchasable","12":"product-type-simple"},"_links":{"self":[{"href":"https:\/\/samaterielagricole.com\/en\/wp-json\/wp\/v2\/product\/3821","targetHints":{"allow":["GET"]}}],"collection":[{"href":"https:\/\/samaterielagricole.com\/en\/wp-json\/wp\/v2\/product"}],"about":[{"href":"https:\/\/samaterielagricole.com\/en\/wp-json\/wp\/v2\/types\/product"}],"replies":[{"embeddable":true,"href":"https:\/\/samaterielagricole.com\/en\/wp-json\/wp\/v2\/comments?post=3821"}],"version-history":[{"count":1,"href":"https:\/\/samaterielagricole.com\/en\/wp-json\/wp\/v2\/product\/3821\/revisions"}],"predecessor-version":[{"id":3862,"href":"https:\/\/samaterielagricole.com\/en\/wp-json\/wp\/v2\/product\/3821\/revisions\/3862"}],"wp:featuredmedia":[{"embeddable":true,"href":"https:\/\/samaterielagricole.com\/en\/wp-json\/wp\/v2\/media\/3861"}],"wp:attachment":[{"href":"https:\/\/samaterielagricole.com\/en\/wp-json\/wp\/v2\/media?parent=3821"}],"wp:term":[{"taxonomy":"product_brand","embeddable":true,"href":"https:\/\/samaterielagricole.com\/en\/wp-json\/wp\/v2\/product_brand?post=3821"},{"taxonomy":"product_cat","embeddable":true,"href":"https:\/\/samaterielagricole.com\/en\/wp-json\/wp\/v2\/product_cat?post=3821"},{"taxonomy":"product_tag","embeddable":true,"href":"https:\/\/samaterielagricole.com\/en\/wp-json\/wp\/v2\/product_tag?post=3821"}],"curies":[{"name":"wp","href":"https:\/\/api.w.org\/{rel}","templated":true}]}}