{"id":3819,"date":"2025-09-19T14:09:44","date_gmt":"2025-09-19T12:09:44","guid":{"rendered":"https:\/\/antiquewhite-alligator-594470.hostingersite.com\/?post_type=product&#038;p=3819"},"modified":"2025-09-19T14:09:54","modified_gmt":"2025-09-19T12:09:54","slug":"rider-husqvarna-r214t","status":"publish","type":"product","link":"https:\/\/samaterielagricole.com\/en\/product\/rider-husqvarna-r214t\/","title":{"rendered":"Rider HUSQVARNA R214T"},"content":{"rendered":"<p>Ce mod\u00e8le de rider s\u00e9rie 200 est id\u00e9al pour les jardins de petites et moyennes surfaces complexes. Le train arri\u00e8re articul\u00e9 apporte une<br \/>\nmanoeuvrabilit\u00e9 hors pair ; les roues disparaissent sous la machine pour ne laisser qu\u2019un cercle d\u2019herbe non tondue de 95 cm. Les commandes sont<br \/>\nergonomiquement dispos\u00e9es \u00e0 port\u00e9e de main. Les deux carters de coupe de 94 ou 103 cm permet le choix entre l\u2019\u00e9jection arri\u00e8re ou le mulching. Le carter est<br \/>\nrelevable \u00e0 90\u00b0 pour son entretien. Son puissant moteur bicylindre assure une puissance constante.<\/p>\n\n    <div class=\"xs_social_share_widget xs_share_url after_content \t\tmain_content  wslu-style-1 wslu-share-box-shaped wslu-fill-colored wslu-none wslu-share-horizontal wslu-theme-font-no wslu-main_content\">\n\n\t\t\n        <ul>\n\t\t\t        <\/ul>\n    <\/div>","protected":false},"excerpt":{"rendered":"<p>Ce mod\u00e8le de rider s\u00e9rie 200 est id\u00e9al pour les jardins de petites et moyennes surfaces complexes. Le train arri\u00e8re articul\u00e9 apporte une manoeuvrabilit\u00e9 hors pair ; les roues disparaissent sous la machine pour ne laisser qu\u2019un cercle d\u2019herbe non tondue de 95 cm. Les commandes sont ergonomiquement dispos\u00e9es \u00e0 port\u00e9e de main. Les deux&#8230;<\/p>","protected":false},"featured_media":3857,"comment_status":"open","ping_status":"closed","template":"","meta":{"postBodyCss":"","postBodyMargin":[],"postBodyPadding":[],"postBodyBackground":{"backgroundType":"classic","gradient":""}},"product_brand":[],"product_cat":[234],"product_tag":[],"class_list":{"0":"post-3819","1":"product","2":"type-product","3":"status-publish","4":"has-post-thumbnail","6":"product_cat-tondeuse-autoportee-a-coupe-frontale-rider","8":"first","9":"instock","10":"shipping-taxable","11":"purchasable","12":"product-type-simple"},"_links":{"self":[{"href":"https:\/\/samaterielagricole.com\/en\/wp-json\/wp\/v2\/product\/3819","targetHints":{"allow":["GET"]}}],"collection":[{"href":"https:\/\/samaterielagricole.com\/en\/wp-json\/wp\/v2\/product"}],"about":[{"href":"https:\/\/samaterielagricole.com\/en\/wp-json\/wp\/v2\/types\/product"}],"replies":[{"embeddable":true,"href":"https:\/\/samaterielagricole.com\/en\/wp-json\/wp\/v2\/comments?post=3819"}],"version-history":[{"count":1,"href":"https:\/\/samaterielagricole.com\/en\/wp-json\/wp\/v2\/product\/3819\/revisions"}],"predecessor-version":[{"id":3858,"href":"https:\/\/samaterielagricole.com\/en\/wp-json\/wp\/v2\/product\/3819\/revisions\/3858"}],"wp:featuredmedia":[{"embeddable":true,"href":"https:\/\/samaterielagricole.com\/en\/wp-json\/wp\/v2\/media\/3857"}],"wp:attachment":[{"href":"https:\/\/samaterielagricole.com\/en\/wp-json\/wp\/v2\/media?parent=3819"}],"wp:term":[{"taxonomy":"product_brand","embeddable":true,"href":"https:\/\/samaterielagricole.com\/en\/wp-json\/wp\/v2\/product_brand?post=3819"},{"taxonomy":"product_cat","embeddable":true,"href":"https:\/\/samaterielagricole.com\/en\/wp-json\/wp\/v2\/product_cat?post=3819"},{"taxonomy":"product_tag","embeddable":true,"href":"https:\/\/samaterielagricole.com\/en\/wp-json\/wp\/v2\/product_tag?post=3819"}],"curies":[{"name":"wp","href":"https:\/\/api.w.org\/{rel}","templated":true}]}}