{"id":3817,"date":"2025-09-19T14:09:44","date_gmt":"2025-09-19T12:09:44","guid":{"rendered":"https:\/\/antiquewhite-alligator-594470.hostingersite.com\/?post_type=product&#038;p=3817"},"modified":"2025-09-19T14:09:51","modified_gmt":"2025-09-19T12:09:51","slug":"rider-husqvarna-r115c","status":"publish","type":"product","link":"https:\/\/samaterielagricole.com\/en\/product\/rider-husqvarna-r115c\/","title":{"rendered":"Rider HUSQVARNA R115C"},"content":{"rendered":"<p>Cette coupe-frontale de s\u00e9rie 100 est id\u00e9ale pour les jardins de petites et moyennes surfaces. Le train arri\u00e8re articul\u00e9 apporte une manoeuvrabilit\u00e9 hors pair; les roues disparaissent sous la machine pour ne laisser qu\u2019un cercle d\u2019herbe non tondue de 65cm. Les commandes sont ergonomiquement dispos\u00e9es \u00e0 port\u00e9e de main.<br \/>\nLe carter BioClip de 95 cm permet le choix entre l\u2019\u00e9jection arri\u00e8re ou le mulching. Les lames s\u2019embrayent automatiquement.<\/p>\n\n    <div class=\"xs_social_share_widget xs_share_url after_content \t\tmain_content  wslu-style-1 wslu-share-box-shaped wslu-fill-colored wslu-none wslu-share-horizontal wslu-theme-font-no wslu-main_content\">\n\n\t\t\n        <ul>\n\t\t\t        <\/ul>\n    <\/div>","protected":false},"excerpt":{"rendered":"<p>Cette coupe-frontale de s\u00e9rie 100 est id\u00e9ale pour les jardins de petites et moyennes surfaces. Le train arri\u00e8re articul\u00e9 apporte une manoeuvrabilit\u00e9 hors pair; les roues disparaissent sous la machine pour ne laisser qu\u2019un cercle d\u2019herbe non tondue de 65cm. Les commandes sont ergonomiquement dispos\u00e9es \u00e0 port\u00e9e de main. Le carter BioClip de 95 cm&#8230;<\/p>","protected":false},"featured_media":3853,"comment_status":"open","ping_status":"closed","template":"","meta":{"postBodyCss":"","postBodyMargin":[],"postBodyPadding":[],"postBodyBackground":{"backgroundType":"classic","gradient":""}},"product_brand":[],"product_cat":[234],"product_tag":[],"class_list":{"0":"post-3817","1":"product","2":"type-product","3":"status-publish","4":"has-post-thumbnail","6":"product_cat-tondeuse-autoportee-a-coupe-frontale-rider","8":"first","9":"instock","10":"shipping-taxable","11":"purchasable","12":"product-type-simple"},"_links":{"self":[{"href":"https:\/\/samaterielagricole.com\/en\/wp-json\/wp\/v2\/product\/3817","targetHints":{"allow":["GET"]}}],"collection":[{"href":"https:\/\/samaterielagricole.com\/en\/wp-json\/wp\/v2\/product"}],"about":[{"href":"https:\/\/samaterielagricole.com\/en\/wp-json\/wp\/v2\/types\/product"}],"replies":[{"embeddable":true,"href":"https:\/\/samaterielagricole.com\/en\/wp-json\/wp\/v2\/comments?post=3817"}],"version-history":[{"count":1,"href":"https:\/\/samaterielagricole.com\/en\/wp-json\/wp\/v2\/product\/3817\/revisions"}],"predecessor-version":[{"id":3854,"href":"https:\/\/samaterielagricole.com\/en\/wp-json\/wp\/v2\/product\/3817\/revisions\/3854"}],"wp:featuredmedia":[{"embeddable":true,"href":"https:\/\/samaterielagricole.com\/en\/wp-json\/wp\/v2\/media\/3853"}],"wp:attachment":[{"href":"https:\/\/samaterielagricole.com\/en\/wp-json\/wp\/v2\/media?parent=3817"}],"wp:term":[{"taxonomy":"product_brand","embeddable":true,"href":"https:\/\/samaterielagricole.com\/en\/wp-json\/wp\/v2\/product_brand?post=3817"},{"taxonomy":"product_cat","embeddable":true,"href":"https:\/\/samaterielagricole.com\/en\/wp-json\/wp\/v2\/product_cat?post=3817"},{"taxonomy":"product_tag","embeddable":true,"href":"https:\/\/samaterielagricole.com\/en\/wp-json\/wp\/v2\/product_tag?post=3817"}],"curies":[{"name":"wp","href":"https:\/\/api.w.org\/{rel}","templated":true}]}}