{"id":3779,"date":"2025-09-19T14:09:22","date_gmt":"2025-09-19T12:09:22","guid":{"rendered":"https:\/\/antiquewhite-alligator-594470.hostingersite.com\/?post_type=product&#038;p=3779"},"modified":"2025-09-19T14:09:47","modified_gmt":"2025-09-19T12:09:47","slug":"plateau-de-coupe-combi-94-cm-pour-rider-serie-300","status":"publish","type":"product","link":"https:\/\/samaterielagricole.com\/en\/product\/plateau-de-coupe-combi-94-cm-pour-rider-serie-300\/","title":{"rendered":"PLATEAU DE COUPE COMBI 94 cm Pour Rider s\u00e9rie 300"},"content":{"rendered":"<p>Plateau de coupe mulching et \u00e9jection arri\u00e8re pour Rider s\u00e9rie 300<br \/>\nLes roues avant de plateau de coupe sont pivotantes<br \/>\nphoto non contractuelle<br \/>\nLargeur de coupe 94 cm<\/p>\n\n    <div class=\"xs_social_share_widget xs_share_url after_content \t\tmain_content  wslu-style-1 wslu-share-box-shaped wslu-fill-colored wslu-none wslu-share-horizontal wslu-theme-font-no wslu-main_content\">\n\n\t\t\n        <ul>\n\t\t\t        <\/ul>\n    <\/div>","protected":false},"excerpt":{"rendered":"<p>Plateau de coupe mulching et \u00e9jection arri\u00e8re pour Rider s\u00e9rie 300 Les roues avant de plateau de coupe sont pivotantes photo non contractuelle Largeur de coupe 94 cm<\/p>","protected":false},"featured_media":3835,"comment_status":"open","ping_status":"closed","template":"","meta":{"postBodyCss":"","postBodyMargin":[],"postBodyPadding":[],"postBodyBackground":{"backgroundType":"classic","gradient":""}},"product_brand":[],"product_cat":[233],"product_tag":[],"class_list":{"0":"post-3779","1":"product","2":"type-product","3":"status-publish","4":"has-post-thumbnail","6":"product_cat-accessoires-husqvarna","8":"first","9":"instock","10":"shipping-taxable","11":"purchasable","12":"product-type-simple"},"_links":{"self":[{"href":"https:\/\/samaterielagricole.com\/en\/wp-json\/wp\/v2\/product\/3779","targetHints":{"allow":["GET"]}}],"collection":[{"href":"https:\/\/samaterielagricole.com\/en\/wp-json\/wp\/v2\/product"}],"about":[{"href":"https:\/\/samaterielagricole.com\/en\/wp-json\/wp\/v2\/types\/product"}],"replies":[{"embeddable":true,"href":"https:\/\/samaterielagricole.com\/en\/wp-json\/wp\/v2\/comments?post=3779"}],"version-history":[{"count":1,"href":"https:\/\/samaterielagricole.com\/en\/wp-json\/wp\/v2\/product\/3779\/revisions"}],"predecessor-version":[{"id":3843,"href":"https:\/\/samaterielagricole.com\/en\/wp-json\/wp\/v2\/product\/3779\/revisions\/3843"}],"wp:featuredmedia":[{"embeddable":true,"href":"https:\/\/samaterielagricole.com\/en\/wp-json\/wp\/v2\/media\/3835"}],"wp:attachment":[{"href":"https:\/\/samaterielagricole.com\/en\/wp-json\/wp\/v2\/media?parent=3779"}],"wp:term":[{"taxonomy":"product_brand","embeddable":true,"href":"https:\/\/samaterielagricole.com\/en\/wp-json\/wp\/v2\/product_brand?post=3779"},{"taxonomy":"product_cat","embeddable":true,"href":"https:\/\/samaterielagricole.com\/en\/wp-json\/wp\/v2\/product_cat?post=3779"},{"taxonomy":"product_tag","embeddable":true,"href":"https:\/\/samaterielagricole.com\/en\/wp-json\/wp\/v2\/product_tag?post=3779"}],"curies":[{"name":"wp","href":"https:\/\/api.w.org\/{rel}","templated":true}]}}