{"id":3770,"date":"2025-09-19T14:09:21","date_gmt":"2025-09-19T12:09:21","guid":{"rendered":"https:\/\/antiquewhite-alligator-594470.hostingersite.com\/?post_type=product&#038;p=3770"},"modified":"2025-09-19T14:09:45","modified_gmt":"2025-09-19T12:09:45","slug":"tracteur-de-pelouse-tornado-3098h-stiga","status":"publish","type":"product","link":"https:\/\/samaterielagricole.com\/en\/product\/tracteur-de-pelouse-tornado-3098h-stiga\/","title":{"rendered":"Tracteur de pelouse tornado 3098H STIGA"},"content":{"rendered":"<p>Les caract\u00e9ristiques du&nbsp;tracteur de pelouse TORNADO 3098H&nbsp;de chez STIGA :Moteur Briggs s\u00e9rie 4165 AVSCylindr\u00e9e : 500 cm3Coupe \u00e0 \u00e9jection lat\u00e9raleLargeur de coupe 98 cmEnclechement des lames \u00e9lectrique<\/p>\n\n    <div class=\"xs_social_share_widget xs_share_url after_content \t\tmain_content  wslu-style-1 wslu-share-box-shaped wslu-fill-colored wslu-none wslu-share-horizontal wslu-theme-font-no wslu-main_content\">\n\n\t\t\n        <ul>\n\t\t\t        <\/ul>\n    <\/div>","protected":false},"excerpt":{"rendered":"<p>Le&nbsp;tracteur de pelouse TORNADO 3098H&nbsp;de chez Stiga est \u00e9quip\u00e9 d&rsquo;un moteur Briggs &amp; Stratton de 500&nbsp;cm\u00b3 et d&rsquo;un carter de 98&nbsp;cm \u00e0 deux lames, id\u00e9al pour les surfaces de 3500 \u00e0 5000 m\u00b2<\/p>","protected":false},"featured_media":3831,"comment_status":"open","ping_status":"closed","template":"","meta":{"postBodyCss":"","postBodyMargin":[],"postBodyPadding":[],"postBodyBackground":{"backgroundType":"classic","gradient":""}},"product_brand":[],"product_cat":[228],"product_tag":[],"class_list":{"0":"post-3770","1":"product","2":"type-product","3":"status-publish","4":"has-post-thumbnail","6":"product_cat-tondeuses-autoportees","8":"first","9":"instock","10":"shipping-taxable","11":"purchasable","12":"product-type-simple"},"_links":{"self":[{"href":"https:\/\/samaterielagricole.com\/en\/wp-json\/wp\/v2\/product\/3770","targetHints":{"allow":["GET"]}}],"collection":[{"href":"https:\/\/samaterielagricole.com\/en\/wp-json\/wp\/v2\/product"}],"about":[{"href":"https:\/\/samaterielagricole.com\/en\/wp-json\/wp\/v2\/types\/product"}],"replies":[{"embeddable":true,"href":"https:\/\/samaterielagricole.com\/en\/wp-json\/wp\/v2\/comments?post=3770"}],"version-history":[{"count":1,"href":"https:\/\/samaterielagricole.com\/en\/wp-json\/wp\/v2\/product\/3770\/revisions"}],"predecessor-version":[{"id":3832,"href":"https:\/\/samaterielagricole.com\/en\/wp-json\/wp\/v2\/product\/3770\/revisions\/3832"}],"wp:featuredmedia":[{"embeddable":true,"href":"https:\/\/samaterielagricole.com\/en\/wp-json\/wp\/v2\/media\/3831"}],"wp:attachment":[{"href":"https:\/\/samaterielagricole.com\/en\/wp-json\/wp\/v2\/media?parent=3770"}],"wp:term":[{"taxonomy":"product_brand","embeddable":true,"href":"https:\/\/samaterielagricole.com\/en\/wp-json\/wp\/v2\/product_brand?post=3770"},{"taxonomy":"product_cat","embeddable":true,"href":"https:\/\/samaterielagricole.com\/en\/wp-json\/wp\/v2\/product_cat?post=3770"},{"taxonomy":"product_tag","embeddable":true,"href":"https:\/\/samaterielagricole.com\/en\/wp-json\/wp\/v2\/product_tag?post=3770"}],"curies":[{"name":"wp","href":"https:\/\/api.w.org\/{rel}","templated":true}]}}