{"id":3769,"date":"2025-09-19T14:09:21","date_gmt":"2025-09-19T12:09:21","guid":{"rendered":"https:\/\/antiquewhite-alligator-594470.hostingersite.com\/?post_type=product&#038;p=3769"},"modified":"2025-09-19T14:09:42","modified_gmt":"2025-09-19T12:09:42","slug":"tracteur-de-pelouse-stiga-estate-3084h","status":"publish","type":"product","link":"https:\/\/samaterielagricole.com\/en\/product\/tracteur-de-pelouse-stiga-estate-3084h\/","title":{"rendered":"Tracteur de pelouse stiga estate 3084H"},"content":{"rendered":"<p>Ce tracteur de jardin STIGA ESTATE 3084H b\u00e9n\u00e9ficie :<br \/>\nMoteur Briggs s\u00e9ries 3130 AVS &#8211; 344ccLargeur de coupe 84 cmTransmission hydrostatiqueHauteur de coupe 7 positions (25-80mm)Bac 240 litresEmbrayage de lame \u00e9lectromagn\u00e9tiqueEjection arri\u00e8reMulching inclus<\/p>\n\n    <div class=\"xs_social_share_widget xs_share_url after_content \t\tmain_content  wslu-style-1 wslu-share-box-shaped wslu-fill-colored wslu-none wslu-share-horizontal wslu-theme-font-no wslu-main_content\">\n\n\t\t\n        <ul>\n\t\t\t        <\/ul>\n    <\/div>","protected":false},"excerpt":{"rendered":"<p>Le&nbsp;tracteur de jardin&nbsp;de chez STIGA, ESTATE 3084H est id\u00e9al pour les pelouses de 2000 \u00e0 3500m\u00b2.<br \/>\nLes + produit du ESTATE 3084H :<br \/>\nMoteur Briggs 3130 344 cccoupe 84 cmMULCHING INCLUS<\/p>","protected":false},"featured_media":3813,"comment_status":"open","ping_status":"closed","template":"","meta":{"postBodyCss":"","postBodyMargin":[],"postBodyPadding":[],"postBodyBackground":{"backgroundType":"classic","gradient":""}},"product_brand":[],"product_cat":[228],"product_tag":[],"class_list":{"0":"post-3769","1":"product","2":"type-product","3":"status-publish","4":"has-post-thumbnail","6":"product_cat-tondeuses-autoportees","8":"first","9":"instock","10":"shipping-taxable","11":"purchasable","12":"product-type-simple"},"_links":{"self":[{"href":"https:\/\/samaterielagricole.com\/en\/wp-json\/wp\/v2\/product\/3769","targetHints":{"allow":["GET"]}}],"collection":[{"href":"https:\/\/samaterielagricole.com\/en\/wp-json\/wp\/v2\/product"}],"about":[{"href":"https:\/\/samaterielagricole.com\/en\/wp-json\/wp\/v2\/types\/product"}],"replies":[{"embeddable":true,"href":"https:\/\/samaterielagricole.com\/en\/wp-json\/wp\/v2\/comments?post=3769"}],"version-history":[{"count":1,"href":"https:\/\/samaterielagricole.com\/en\/wp-json\/wp\/v2\/product\/3769\/revisions"}],"predecessor-version":[{"id":3814,"href":"https:\/\/samaterielagricole.com\/en\/wp-json\/wp\/v2\/product\/3769\/revisions\/3814"}],"wp:featuredmedia":[{"embeddable":true,"href":"https:\/\/samaterielagricole.com\/en\/wp-json\/wp\/v2\/media\/3813"}],"wp:attachment":[{"href":"https:\/\/samaterielagricole.com\/en\/wp-json\/wp\/v2\/media?parent=3769"}],"wp:term":[{"taxonomy":"product_brand","embeddable":true,"href":"https:\/\/samaterielagricole.com\/en\/wp-json\/wp\/v2\/product_brand?post=3769"},{"taxonomy":"product_cat","embeddable":true,"href":"https:\/\/samaterielagricole.com\/en\/wp-json\/wp\/v2\/product_cat?post=3769"},{"taxonomy":"product_tag","embeddable":true,"href":"https:\/\/samaterielagricole.com\/en\/wp-json\/wp\/v2\/product_tag?post=3769"}],"curies":[{"name":"wp","href":"https:\/\/api.w.org\/{rel}","templated":true}]}}