{"id":3767,"date":"2025-09-19T14:09:21","date_gmt":"2025-09-19T12:09:21","guid":{"rendered":"https:\/\/antiquewhite-alligator-594470.hostingersite.com\/?post_type=product&#038;p=3767"},"modified":"2025-09-19T14:09:40","modified_gmt":"2025-09-19T12:09:40","slug":"tracteur-de-pelouse-honda-hf-1211-hf","status":"publish","type":"product","link":"https:\/\/samaterielagricole.com\/en\/product\/tracteur-de-pelouse-honda-hf-1211-hf\/","title":{"rendered":"Tracteur de pelouse HONDA HF 1211 HF"},"content":{"rendered":"<p>CARACT\u00c9RISTIQUES DU&nbsp;TRACTEUR DE PELOUSE HONDA HF 1211 HF&nbsp;:<br \/>\nMoteur GXV 340, monocylindre 340 cm3Puissance nette 6,6 kW \u00e0 3600 tr\/minTransmission hydrostatiqueEmbrayage de lame m\u00e9caniqueLargeur de coupe 71 cmR\u00e9glage de la hauteur de coupe de 29 \u00e0 80 mmBac 170 litres, vidage manuelMulching en optionNiveau sonore 85 dB(A)<\/p>\n\n    <div class=\"xs_social_share_widget xs_share_url after_content \t\tmain_content  wslu-style-1 wslu-share-box-shaped wslu-fill-colored wslu-none wslu-share-horizontal wslu-theme-font-no wslu-main_content\">\n\n\t\t\n        <ul>\n\t\t\t        <\/ul>\n    <\/div>","protected":false},"excerpt":{"rendered":"<p>Ce&nbsp;tracteur de pelouse HONDA HF 1211 HF&nbsp;est facile et agr\u00e9able \u00e0 utiliser. Id\u00e9al pour les terrains de 3000m\u00b2 envion.<\/p>","protected":false},"featured_media":3809,"comment_status":"open","ping_status":"closed","template":"","meta":{"postBodyCss":"","postBodyMargin":[],"postBodyPadding":[],"postBodyBackground":{"backgroundType":"classic","gradient":""}},"product_brand":[],"product_cat":[228],"product_tag":[],"class_list":{"0":"post-3767","1":"product","2":"type-product","3":"status-publish","4":"has-post-thumbnail","6":"product_cat-tondeuses-autoportees","8":"first","9":"instock","10":"shipping-taxable","11":"purchasable","12":"product-type-simple"},"_links":{"self":[{"href":"https:\/\/samaterielagricole.com\/en\/wp-json\/wp\/v2\/product\/3767","targetHints":{"allow":["GET"]}}],"collection":[{"href":"https:\/\/samaterielagricole.com\/en\/wp-json\/wp\/v2\/product"}],"about":[{"href":"https:\/\/samaterielagricole.com\/en\/wp-json\/wp\/v2\/types\/product"}],"replies":[{"embeddable":true,"href":"https:\/\/samaterielagricole.com\/en\/wp-json\/wp\/v2\/comments?post=3767"}],"version-history":[{"count":1,"href":"https:\/\/samaterielagricole.com\/en\/wp-json\/wp\/v2\/product\/3767\/revisions"}],"predecessor-version":[{"id":3810,"href":"https:\/\/samaterielagricole.com\/en\/wp-json\/wp\/v2\/product\/3767\/revisions\/3810"}],"wp:featuredmedia":[{"embeddable":true,"href":"https:\/\/samaterielagricole.com\/en\/wp-json\/wp\/v2\/media\/3809"}],"wp:attachment":[{"href":"https:\/\/samaterielagricole.com\/en\/wp-json\/wp\/v2\/media?parent=3767"}],"wp:term":[{"taxonomy":"product_brand","embeddable":true,"href":"https:\/\/samaterielagricole.com\/en\/wp-json\/wp\/v2\/product_brand?post=3767"},{"taxonomy":"product_cat","embeddable":true,"href":"https:\/\/samaterielagricole.com\/en\/wp-json\/wp\/v2\/product_cat?post=3767"},{"taxonomy":"product_tag","embeddable":true,"href":"https:\/\/samaterielagricole.com\/en\/wp-json\/wp\/v2\/product_tag?post=3767"}],"curies":[{"name":"wp","href":"https:\/\/api.w.org\/{rel}","templated":true}]}}