{"id":3736,"date":"2025-09-19T14:09:00","date_gmt":"2025-09-19T12:09:00","guid":{"rendered":"https:\/\/antiquewhite-alligator-594470.hostingersite.com\/?post_type=product&#038;p=3736"},"modified":"2025-09-19T14:09:39","modified_gmt":"2025-09-19T12:09:39","slug":"tracteur-de-pelouse-john-deere-x117r","status":"publish","type":"product","link":"https:\/\/samaterielagricole.com\/en\/product\/tracteur-de-pelouse-john-deere-x117r\/","title":{"rendered":"Tracteur de pelouse JOHN DEERE X117R"},"content":{"rendered":"<p>Les caract\u00e9ristiques techniques du&nbsp;tracteur de tonte X117R John Deere :Moteur Briggs &amp; StrattonPuissance nominale 14.5 \u00e0 3100 tr\/min.Cylindre\u00e9e: 500 cm3Direction: 2 roues motricesVitesse AV \/ AR: 8.9 \/ 3.2 km\/hRayon de braquge 68.6 cmLargeur de coupe : 92 cmHauteur de coupe: 25 -90 mmBac de ramassage de s\u00e9rie: 300 litres<\/p>\n\n    <div class=\"xs_social_share_widget xs_share_url after_content \t\tmain_content  wslu-style-1 wslu-share-box-shaped wslu-fill-colored wslu-none wslu-share-horizontal wslu-theme-font-no wslu-main_content\">\n\n\t\t\n        <ul>\n\t\t\t        <\/ul>\n    <\/div>","protected":false},"excerpt":{"rendered":"<p>Ce tracteur de pelouse John Deere X117R&nbsp;est con\u00e7u pour les clients qui souhaitent b\u00e9n\u00e9ficier d&rsquo;un produits de la plus haute qualit\u00e9 pour leurs travaux de tonte et de ramassage.<\/p>","protected":false},"featured_media":3807,"comment_status":"open","ping_status":"closed","template":"","meta":{"postBodyCss":"","postBodyMargin":[],"postBodyPadding":[],"postBodyBackground":{"backgroundType":"classic","gradient":""}},"product_brand":[],"product_cat":[228],"product_tag":[],"class_list":{"0":"post-3736","1":"product","2":"type-product","3":"status-publish","4":"has-post-thumbnail","6":"product_cat-tondeuses-autoportees","8":"first","9":"instock","10":"shipping-taxable","11":"purchasable","12":"product-type-simple"},"_links":{"self":[{"href":"https:\/\/samaterielagricole.com\/en\/wp-json\/wp\/v2\/product\/3736","targetHints":{"allow":["GET"]}}],"collection":[{"href":"https:\/\/samaterielagricole.com\/en\/wp-json\/wp\/v2\/product"}],"about":[{"href":"https:\/\/samaterielagricole.com\/en\/wp-json\/wp\/v2\/types\/product"}],"replies":[{"embeddable":true,"href":"https:\/\/samaterielagricole.com\/en\/wp-json\/wp\/v2\/comments?post=3736"}],"version-history":[{"count":1,"href":"https:\/\/samaterielagricole.com\/en\/wp-json\/wp\/v2\/product\/3736\/revisions"}],"predecessor-version":[{"id":3808,"href":"https:\/\/samaterielagricole.com\/en\/wp-json\/wp\/v2\/product\/3736\/revisions\/3808"}],"wp:featuredmedia":[{"embeddable":true,"href":"https:\/\/samaterielagricole.com\/en\/wp-json\/wp\/v2\/media\/3807"}],"wp:attachment":[{"href":"https:\/\/samaterielagricole.com\/en\/wp-json\/wp\/v2\/media?parent=3736"}],"wp:term":[{"taxonomy":"product_brand","embeddable":true,"href":"https:\/\/samaterielagricole.com\/en\/wp-json\/wp\/v2\/product_brand?post=3736"},{"taxonomy":"product_cat","embeddable":true,"href":"https:\/\/samaterielagricole.com\/en\/wp-json\/wp\/v2\/product_cat?post=3736"},{"taxonomy":"product_tag","embeddable":true,"href":"https:\/\/samaterielagricole.com\/en\/wp-json\/wp\/v2\/product_tag?post=3736"}],"curies":[{"name":"wp","href":"https:\/\/api.w.org\/{rel}","templated":true}]}}