{"id":3735,"date":"2025-09-19T14:09:00","date_gmt":"2025-09-19T12:09:00","guid":{"rendered":"https:\/\/antiquewhite-alligator-594470.hostingersite.com\/?post_type=product&#038;p=3735"},"modified":"2025-09-19T14:09:38","modified_gmt":"2025-09-19T12:09:38","slug":"tracteur-de-pelouse-john-deere-x127","status":"publish","type":"product","link":"https:\/\/samaterielagricole.com\/en\/product\/tracteur-de-pelouse-john-deere-x127\/","title":{"rendered":"Tracteur de pelouse JOHN DEERE X127"},"content":{"rendered":"<p>Les caract\u00e9ristiques techniques du&nbsp;tracteur de tonte John Deere X127 :Moteur Briggs&amp;Stratton 16.9&nbsp;\u00e0 3050 tr\/min.Cylindr\u00e9e&nbsp;: 656 cm\u00b3Transmission hydrostatiqueSyst\u00e8me d&rsquo;entrainement: 2 roues motricesEngagement de l&rsquo;unit\u00e9: M\u00e9caniqueSyst\u00e8me de relevage de l&rsquo;unit\u00e9 de coupe: ManuelHauteur de coupe: 25-101 mmNombre de cylindres: Bicylindre en \u00ab\u00a0V\u00a0\u00bb, soupapes en t\u00eateBac de ramassage en option: 230 litres<\/p>\n\n    <div class=\"xs_social_share_widget xs_share_url after_content \t\tmain_content  wslu-style-1 wslu-share-box-shaped wslu-fill-colored wslu-none wslu-share-horizontal wslu-theme-font-no wslu-main_content\">\n\n\t\t\n        <ul>\n\t\t\t        <\/ul>\n    <\/div>","protected":false},"excerpt":{"rendered":"<p>Offrez vous un&nbsp;tracteur de pelouse JOHN DEERE X127&nbsp;pour entretenir votre gazon !<br \/>\nPassez du mulching au ramassage gr\u00e2ce \u00e0 son bac de 230 litres en option.<\/p>","protected":false},"featured_media":3805,"comment_status":"open","ping_status":"closed","template":"","meta":{"postBodyCss":"","postBodyMargin":[],"postBodyPadding":[],"postBodyBackground":{"backgroundType":"classic","gradient":""}},"product_brand":[],"product_cat":[228],"product_tag":[],"class_list":{"0":"post-3735","1":"product","2":"type-product","3":"status-publish","4":"has-post-thumbnail","6":"product_cat-tondeuses-autoportees","8":"first","9":"instock","10":"shipping-taxable","11":"purchasable","12":"product-type-simple"},"_links":{"self":[{"href":"https:\/\/samaterielagricole.com\/en\/wp-json\/wp\/v2\/product\/3735","targetHints":{"allow":["GET"]}}],"collection":[{"href":"https:\/\/samaterielagricole.com\/en\/wp-json\/wp\/v2\/product"}],"about":[{"href":"https:\/\/samaterielagricole.com\/en\/wp-json\/wp\/v2\/types\/product"}],"replies":[{"embeddable":true,"href":"https:\/\/samaterielagricole.com\/en\/wp-json\/wp\/v2\/comments?post=3735"}],"version-history":[{"count":1,"href":"https:\/\/samaterielagricole.com\/en\/wp-json\/wp\/v2\/product\/3735\/revisions"}],"predecessor-version":[{"id":3806,"href":"https:\/\/samaterielagricole.com\/en\/wp-json\/wp\/v2\/product\/3735\/revisions\/3806"}],"wp:featuredmedia":[{"embeddable":true,"href":"https:\/\/samaterielagricole.com\/en\/wp-json\/wp\/v2\/media\/3805"}],"wp:attachment":[{"href":"https:\/\/samaterielagricole.com\/en\/wp-json\/wp\/v2\/media?parent=3735"}],"wp:term":[{"taxonomy":"product_brand","embeddable":true,"href":"https:\/\/samaterielagricole.com\/en\/wp-json\/wp\/v2\/product_brand?post=3735"},{"taxonomy":"product_cat","embeddable":true,"href":"https:\/\/samaterielagricole.com\/en\/wp-json\/wp\/v2\/product_cat?post=3735"},{"taxonomy":"product_tag","embeddable":true,"href":"https:\/\/samaterielagricole.com\/en\/wp-json\/wp\/v2\/product_tag?post=3735"}],"curies":[{"name":"wp","href":"https:\/\/api.w.org\/{rel}","templated":true}]}}