{"id":3734,"date":"2025-09-19T14:09:00","date_gmt":"2025-09-19T12:09:00","guid":{"rendered":"https:\/\/antiquewhite-alligator-594470.hostingersite.com\/?post_type=product&#038;p=3734"},"modified":"2025-09-19T14:09:32","modified_gmt":"2025-09-19T12:09:32","slug":"tracteur-de-pelouse-john-deere-x147r","status":"publish","type":"product","link":"https:\/\/samaterielagricole.com\/en\/product\/tracteur-de-pelouse-john-deere-x147r\/","title":{"rendered":"Tracteur de pelouse JOHN DEERE X147R"},"content":{"rendered":"<p>Les caract\u00e9ristiques techniques du&nbsp;tracteur de tonte X147R John Deere&nbsp;:Moteur Briggs &amp; StrattonPuissance nominale de 12.36 \u00e0 3050 tr\/minCylindr\u00e9e: 656 cm3Largeur de coupe 92 cm &#8211; 36&Prime;Transmission hydrostatiqueSyst\u00e8me d&rsquo;entrainement: 2 roues motricesRayon de braquage 68,6 cmBac de ramassage de 300 litres<br \/>\nSi simple \u00e0 adopter. Simplicit\u00e9 d&rsquo;utilisation. Simplicit\u00e9 d&rsquo;entretien. Le tracteur de jardin&nbsp;X147R.<\/p>\n\n    <div class=\"xs_social_share_widget xs_share_url after_content \t\tmain_content  wslu-style-1 wslu-share-box-shaped wslu-fill-colored wslu-none wslu-share-horizontal wslu-theme-font-no wslu-main_content\">\n\n\t\t\n        <ul>\n\t\t\t        <\/ul>\n    <\/div>","protected":false},"excerpt":{"rendered":"<p>Ce tracteur de pelouse John Deere X147R&nbsp;\u00e0 ramassage arri\u00e8re, est id\u00e9al pour les surfaces de tonte de 2000 \u00e0 3500 m\u00b2.<\/p>","protected":false},"featured_media":3803,"comment_status":"open","ping_status":"closed","template":"","meta":{"postBodyCss":"","postBodyMargin":[],"postBodyPadding":[],"postBodyBackground":{"backgroundType":"classic","gradient":""}},"product_brand":[],"product_cat":[228],"product_tag":[],"class_list":{"0":"post-3734","1":"product","2":"type-product","3":"status-publish","4":"has-post-thumbnail","6":"product_cat-tondeuses-autoportees","8":"first","9":"instock","10":"shipping-taxable","11":"purchasable","12":"product-type-simple"},"_links":{"self":[{"href":"https:\/\/samaterielagricole.com\/en\/wp-json\/wp\/v2\/product\/3734","targetHints":{"allow":["GET"]}}],"collection":[{"href":"https:\/\/samaterielagricole.com\/en\/wp-json\/wp\/v2\/product"}],"about":[{"href":"https:\/\/samaterielagricole.com\/en\/wp-json\/wp\/v2\/types\/product"}],"replies":[{"embeddable":true,"href":"https:\/\/samaterielagricole.com\/en\/wp-json\/wp\/v2\/comments?post=3734"}],"version-history":[{"count":1,"href":"https:\/\/samaterielagricole.com\/en\/wp-json\/wp\/v2\/product\/3734\/revisions"}],"predecessor-version":[{"id":3804,"href":"https:\/\/samaterielagricole.com\/en\/wp-json\/wp\/v2\/product\/3734\/revisions\/3804"}],"wp:featuredmedia":[{"embeddable":true,"href":"https:\/\/samaterielagricole.com\/en\/wp-json\/wp\/v2\/media\/3803"}],"wp:attachment":[{"href":"https:\/\/samaterielagricole.com\/en\/wp-json\/wp\/v2\/media?parent=3734"}],"wp:term":[{"taxonomy":"product_brand","embeddable":true,"href":"https:\/\/samaterielagricole.com\/en\/wp-json\/wp\/v2\/product_brand?post=3734"},{"taxonomy":"product_cat","embeddable":true,"href":"https:\/\/samaterielagricole.com\/en\/wp-json\/wp\/v2\/product_cat?post=3734"},{"taxonomy":"product_tag","embeddable":true,"href":"https:\/\/samaterielagricole.com\/en\/wp-json\/wp\/v2\/product_tag?post=3734"}],"curies":[{"name":"wp","href":"https:\/\/api.w.org\/{rel}","templated":true}]}}