{"id":3733,"date":"2025-09-19T14:09:00","date_gmt":"2025-09-19T12:09:00","guid":{"rendered":"https:\/\/antiquewhite-alligator-594470.hostingersite.com\/?post_type=product&#038;p=3733"},"modified":"2025-09-19T14:09:31","modified_gmt":"2025-09-19T12:09:31","slug":"tracteur-de-pelouse-john-deere-z335e","status":"publish","type":"product","link":"https:\/\/samaterielagricole.com\/en\/product\/tracteur-de-pelouse-john-deere-z335e\/","title":{"rendered":"Tracteur de pelouse JOHN DEERE Z335E"},"content":{"rendered":"<p>Le&nbsp;tracteur de jardin Z335E \u00e0 braquage 0\u00b0&nbsp;de chez John Deere b\u00e9n\u00e9ficie :Moteur Briggs 656 cm316.5 cv Bicylindre en V \u00e0 soupapes en t\u00eatePuissance nominale 12.3 kW \u00e0 3050 tr\/minLargeur de coupe 107 cm &#8211; Coupe Accel Deep \u00e0 relevage manuelTransmission hydrostatique\u00c9jection lat\u00e9raleRayon de braquage 0\u00b0<\/p>\n\n    <div class=\"xs_social_share_widget xs_share_url after_content \t\tmain_content  wslu-style-1 wslu-share-box-shaped wslu-fill-colored wslu-none wslu-share-horizontal wslu-theme-font-no wslu-main_content\">\n\n\t\t\n        <ul>\n\t\t\t        <\/ul>\n    <\/div>","protected":false},"excerpt":{"rendered":"<p>Le tracteur de jardin \u00e0 braquage 0\u00b0 Z335E de chez John Deere&nbsp;est id\u00e9al pour les tontes aux multiples obstacles : massifs, arbres&#8230; Son confort de tonte va vous s\u00e9duire gr\u00e2ce aux commandes manuelles !<\/p>","protected":false},"featured_media":3801,"comment_status":"open","ping_status":"closed","template":"","meta":{"postBodyCss":"","postBodyMargin":[],"postBodyPadding":[],"postBodyBackground":{"backgroundType":"classic","gradient":""}},"product_brand":[],"product_cat":[228],"product_tag":[],"class_list":{"0":"post-3733","1":"product","2":"type-product","3":"status-publish","4":"has-post-thumbnail","6":"product_cat-tondeuses-autoportees","8":"first","9":"instock","10":"shipping-taxable","11":"purchasable","12":"product-type-simple"},"_links":{"self":[{"href":"https:\/\/samaterielagricole.com\/en\/wp-json\/wp\/v2\/product\/3733","targetHints":{"allow":["GET"]}}],"collection":[{"href":"https:\/\/samaterielagricole.com\/en\/wp-json\/wp\/v2\/product"}],"about":[{"href":"https:\/\/samaterielagricole.com\/en\/wp-json\/wp\/v2\/types\/product"}],"replies":[{"embeddable":true,"href":"https:\/\/samaterielagricole.com\/en\/wp-json\/wp\/v2\/comments?post=3733"}],"version-history":[{"count":1,"href":"https:\/\/samaterielagricole.com\/en\/wp-json\/wp\/v2\/product\/3733\/revisions"}],"predecessor-version":[{"id":3802,"href":"https:\/\/samaterielagricole.com\/en\/wp-json\/wp\/v2\/product\/3733\/revisions\/3802"}],"wp:featuredmedia":[{"embeddable":true,"href":"https:\/\/samaterielagricole.com\/en\/wp-json\/wp\/v2\/media\/3801"}],"wp:attachment":[{"href":"https:\/\/samaterielagricole.com\/en\/wp-json\/wp\/v2\/media?parent=3733"}],"wp:term":[{"taxonomy":"product_brand","embeddable":true,"href":"https:\/\/samaterielagricole.com\/en\/wp-json\/wp\/v2\/product_brand?post=3733"},{"taxonomy":"product_cat","embeddable":true,"href":"https:\/\/samaterielagricole.com\/en\/wp-json\/wp\/v2\/product_cat?post=3733"},{"taxonomy":"product_tag","embeddable":true,"href":"https:\/\/samaterielagricole.com\/en\/wp-json\/wp\/v2\/product_tag?post=3733"}],"curies":[{"name":"wp","href":"https:\/\/api.w.org\/{rel}","templated":true}]}}