{"id":3732,"date":"2025-09-19T14:09:00","date_gmt":"2025-09-19T12:09:00","guid":{"rendered":"https:\/\/antiquewhite-alligator-594470.hostingersite.com\/?post_type=product&#038;p=3732"},"modified":"2025-09-19T14:09:30","modified_gmt":"2025-09-19T12:09:30","slug":"tracteur-de-pelouse-john-deere-x167","status":"publish","type":"product","link":"https:\/\/samaterielagricole.com\/en\/product\/tracteur-de-pelouse-john-deere-x167\/","title":{"rendered":"Tracteur de Pelouse John Deere X167"},"content":{"rendered":"<p>Les caract\u00e9ristiques du\u00a0tracteur tondeuse JOHN DEERE X167Moteur Briggs &amp; StrattonPuisssance nominale: 20,1ch \u00e0 3350 tr\/minCylindr\u00e9e: 724 cm3Largeur de coupe\u00a0 48&Prime;- 122 cmTransmission hydrostatiqueRayon de braquage 50,8 cmBac 230 litresSurface de tonte jusqu&rsquo;\u00e0 6000 m\u00b2Syst\u00e8me automatique de ramassage arri\u00e8re qui lui permet des finitions parfaites<\/p>\n\n    <div class=\"xs_social_share_widget xs_share_url after_content \t\tmain_content  wslu-style-1 wslu-share-box-shaped wslu-fill-colored wslu-none wslu-share-horizontal wslu-theme-font-no wslu-main_content\">\n\n\t\t\n        <ul>\n\t\t\t        <\/ul>\n    <\/div>","protected":false},"excerpt":{"rendered":"<p>Le tracteur de jardin\u00a0X167\u00a0= fiabilit\u00e9, durabilit\u00e9 et puissance gr\u00e2ce \u00e0 sa structure en acier soud\u00e9 et son pont avant en fonte. Tr\u00e8s facile \u00e0 utiliser, gr\u00e2ce \u00e0 son poste de conduite ergonomique et son choix infini de vitesses de d\u00e9placement.<\/p>","protected":false},"featured_media":3799,"comment_status":"open","ping_status":"closed","template":"","meta":{"postBodyCss":"","postBodyMargin":[],"postBodyPadding":[],"postBodyBackground":{"backgroundType":"classic","gradient":""}},"product_brand":[],"product_cat":[228],"product_tag":[],"class_list":{"0":"post-3732","1":"product","2":"type-product","3":"status-publish","4":"has-post-thumbnail","6":"product_cat-tondeuses-autoportees","8":"first","9":"instock","10":"shipping-taxable","11":"purchasable","12":"product-type-simple"},"_links":{"self":[{"href":"https:\/\/samaterielagricole.com\/en\/wp-json\/wp\/v2\/product\/3732","targetHints":{"allow":["GET"]}}],"collection":[{"href":"https:\/\/samaterielagricole.com\/en\/wp-json\/wp\/v2\/product"}],"about":[{"href":"https:\/\/samaterielagricole.com\/en\/wp-json\/wp\/v2\/types\/product"}],"replies":[{"embeddable":true,"href":"https:\/\/samaterielagricole.com\/en\/wp-json\/wp\/v2\/comments?post=3732"}],"version-history":[{"count":1,"href":"https:\/\/samaterielagricole.com\/en\/wp-json\/wp\/v2\/product\/3732\/revisions"}],"predecessor-version":[{"id":3800,"href":"https:\/\/samaterielagricole.com\/en\/wp-json\/wp\/v2\/product\/3732\/revisions\/3800"}],"wp:featuredmedia":[{"embeddable":true,"href":"https:\/\/samaterielagricole.com\/en\/wp-json\/wp\/v2\/media\/3799"}],"wp:attachment":[{"href":"https:\/\/samaterielagricole.com\/en\/wp-json\/wp\/v2\/media?parent=3732"}],"wp:term":[{"taxonomy":"product_brand","embeddable":true,"href":"https:\/\/samaterielagricole.com\/en\/wp-json\/wp\/v2\/product_brand?post=3732"},{"taxonomy":"product_cat","embeddable":true,"href":"https:\/\/samaterielagricole.com\/en\/wp-json\/wp\/v2\/product_cat?post=3732"},{"taxonomy":"product_tag","embeddable":true,"href":"https:\/\/samaterielagricole.com\/en\/wp-json\/wp\/v2\/product_tag?post=3732"}],"curies":[{"name":"wp","href":"https:\/\/api.w.org\/{rel}","templated":true}]}}