{"id":3731,"date":"2025-09-19T14:09:00","date_gmt":"2025-09-19T12:09:00","guid":{"rendered":"https:\/\/antiquewhite-alligator-594470.hostingersite.com\/?post_type=product&#038;p=3731"},"modified":"2025-09-19T14:09:29","modified_gmt":"2025-09-19T12:09:29","slug":"tracteur-de-pelouse-john-deere-x167r","status":"publish","type":"product","link":"https:\/\/samaterielagricole.com\/en\/product\/tracteur-de-pelouse-john-deere-x167r\/","title":{"rendered":"Tracteur de Pelouse John Deere X167R"},"content":{"rendered":"<p>Tous les aspects de la tondeuse autoport\u00e9e John Deere X167R t\u00e9moignent de sa fiabilit\u00e9, sa durabilit\u00e9 et sa puissance, notamment son ch\u00e2ssis m\u00e9cano-soud\u00e9 et son pont avant en fonte. Dot\u00e9 d\u2019un syst\u00e8me automatique de ramassage arri\u00e8re, il permet d\u2019atteindre une finition parfaite. Par ailleurs, il est tr\u00e8s facile \u00e0 utiliser, gr\u00e2ce \u00e0 son poste de conduite ergonomique, ses phares de qualit\u00e9 et son choix infini de vitesses de d\u00e9placement. Simplicit\u00e9 d\u2019acquisition. Simplicit\u00e9 d\u2019utilisation. Simplicit\u00e9 d\u2019entretien. Le tracteur de jardin X167R. Caract\u00e9ristiques de la tondeuse autoport\u00e9e John Deere X167R : Moteur Briggs &amp; Stratton Puissance 16,9cv \u00e0 3050 tr\/min Largeur de coupe 107 cm 42&Prime; Transmission hydrostatique Syst\u00e8me d&rsquo;entrainement: 2 roues motrices Rayon de braquage 71,1cm Ejection arri\u00e8re avec bac de ramassage, largeur 107 cm<\/p>\n\n    <div class=\"xs_social_share_widget xs_share_url after_content \t\tmain_content  wslu-style-1 wslu-share-box-shaped wslu-fill-colored wslu-none wslu-share-horizontal wslu-theme-font-no wslu-main_content\">\n\n\t\t\n        <ul>\n\t\t\t        <\/ul>\n    <\/div>","protected":false},"excerpt":{"rendered":"<p>TONDEUSE AUTOPORT\u00c9E JOHN DEERE X167R &#8211; Jusqu&rsquo;\u00e0 6 000 m\u00b2 &#8211; 107 cm &#8211; Hydro &#8211; Ramassage<\/p>","protected":false},"featured_media":3797,"comment_status":"open","ping_status":"closed","template":"","meta":{"postBodyCss":"","postBodyMargin":[],"postBodyPadding":[],"postBodyBackground":{"backgroundType":"classic","gradient":""}},"product_brand":[],"product_cat":[228],"product_tag":[],"class_list":{"0":"post-3731","1":"product","2":"type-product","3":"status-publish","4":"has-post-thumbnail","6":"product_cat-tondeuses-autoportees","8":"first","9":"instock","10":"shipping-taxable","11":"purchasable","12":"product-type-simple"},"_links":{"self":[{"href":"https:\/\/samaterielagricole.com\/en\/wp-json\/wp\/v2\/product\/3731","targetHints":{"allow":["GET"]}}],"collection":[{"href":"https:\/\/samaterielagricole.com\/en\/wp-json\/wp\/v2\/product"}],"about":[{"href":"https:\/\/samaterielagricole.com\/en\/wp-json\/wp\/v2\/types\/product"}],"replies":[{"embeddable":true,"href":"https:\/\/samaterielagricole.com\/en\/wp-json\/wp\/v2\/comments?post=3731"}],"version-history":[{"count":1,"href":"https:\/\/samaterielagricole.com\/en\/wp-json\/wp\/v2\/product\/3731\/revisions"}],"predecessor-version":[{"id":3798,"href":"https:\/\/samaterielagricole.com\/en\/wp-json\/wp\/v2\/product\/3731\/revisions\/3798"}],"wp:featuredmedia":[{"embeddable":true,"href":"https:\/\/samaterielagricole.com\/en\/wp-json\/wp\/v2\/media\/3797"}],"wp:attachment":[{"href":"https:\/\/samaterielagricole.com\/en\/wp-json\/wp\/v2\/media?parent=3731"}],"wp:term":[{"taxonomy":"product_brand","embeddable":true,"href":"https:\/\/samaterielagricole.com\/en\/wp-json\/wp\/v2\/product_brand?post=3731"},{"taxonomy":"product_cat","embeddable":true,"href":"https:\/\/samaterielagricole.com\/en\/wp-json\/wp\/v2\/product_cat?post=3731"},{"taxonomy":"product_tag","embeddable":true,"href":"https:\/\/samaterielagricole.com\/en\/wp-json\/wp\/v2\/product_tag?post=3731"}],"curies":[{"name":"wp","href":"https:\/\/api.w.org\/{rel}","templated":true}]}}