{"id":3727,"date":"2025-09-19T14:08:59","date_gmt":"2025-09-19T12:08:59","guid":{"rendered":"https:\/\/antiquewhite-alligator-594470.hostingersite.com\/?post_type=product&#038;p=3727"},"modified":"2025-09-19T14:09:26","modified_gmt":"2025-09-19T12:09:26","slug":"tracteur-de-pelouse-john-deere-x350r","status":"publish","type":"product","link":"https:\/\/samaterielagricole.com\/en\/product\/tracteur-de-pelouse-john-deere-x350r\/","title":{"rendered":"Tracteur de pelouse JOHN DEERE X350R"},"content":{"rendered":"<p>Les caract\u00e9ristiques techniques du&nbsp;tracteur de jardin John Deere X350RMoteur Kawasaki 17CV bicylindre en VTransmission hydrostatiqueCoupe convertible&nbsp;107cmBac de ramassage de 300L<br \/>\nC&rsquo;est donc la solution id\u00e9ale pour entretenir votre jardin en toute simplicit\u00e9.<\/p>\n\n    <div class=\"xs_social_share_widget xs_share_url after_content \t\tmain_content  wslu-style-1 wslu-share-box-shaped wslu-fill-colored wslu-none wslu-share-horizontal wslu-theme-font-no wslu-main_content\">\n\n\t\t\n        <ul>\n\t\t\t        <\/ul>\n    <\/div>","protected":false},"excerpt":{"rendered":"<p>Facile \u00e0 utiliser gr\u00e2ce aux p\u00e9dales TwinTouch, go\u00fbtez au confort de ce&nbsp;tracteur de jardin John Deere X350R. Il peut tondre des surfaces allant jusqu&rsquo;\u00e0 10 000 m\u00b2.<\/p>","protected":false},"featured_media":3790,"comment_status":"open","ping_status":"closed","template":"","meta":{"postBodyCss":"","postBodyMargin":[],"postBodyPadding":[],"postBodyBackground":{"backgroundType":"classic","gradient":""}},"product_brand":[],"product_cat":[228],"product_tag":[],"class_list":{"0":"post-3727","1":"product","2":"type-product","3":"status-publish","4":"has-post-thumbnail","6":"product_cat-tondeuses-autoportees","8":"first","9":"instock","10":"shipping-taxable","11":"purchasable","12":"product-type-simple"},"_links":{"self":[{"href":"https:\/\/samaterielagricole.com\/en\/wp-json\/wp\/v2\/product\/3727","targetHints":{"allow":["GET"]}}],"collection":[{"href":"https:\/\/samaterielagricole.com\/en\/wp-json\/wp\/v2\/product"}],"about":[{"href":"https:\/\/samaterielagricole.com\/en\/wp-json\/wp\/v2\/types\/product"}],"replies":[{"embeddable":true,"href":"https:\/\/samaterielagricole.com\/en\/wp-json\/wp\/v2\/comments?post=3727"}],"version-history":[{"count":1,"href":"https:\/\/samaterielagricole.com\/en\/wp-json\/wp\/v2\/product\/3727\/revisions"}],"predecessor-version":[{"id":3791,"href":"https:\/\/samaterielagricole.com\/en\/wp-json\/wp\/v2\/product\/3727\/revisions\/3791"}],"wp:featuredmedia":[{"embeddable":true,"href":"https:\/\/samaterielagricole.com\/en\/wp-json\/wp\/v2\/media\/3790"}],"wp:attachment":[{"href":"https:\/\/samaterielagricole.com\/en\/wp-json\/wp\/v2\/media?parent=3727"}],"wp:term":[{"taxonomy":"product_brand","embeddable":true,"href":"https:\/\/samaterielagricole.com\/en\/wp-json\/wp\/v2\/product_brand?post=3727"},{"taxonomy":"product_cat","embeddable":true,"href":"https:\/\/samaterielagricole.com\/en\/wp-json\/wp\/v2\/product_cat?post=3727"},{"taxonomy":"product_tag","embeddable":true,"href":"https:\/\/samaterielagricole.com\/en\/wp-json\/wp\/v2\/product_tag?post=3727"}],"curies":[{"name":"wp","href":"https:\/\/api.w.org\/{rel}","templated":true}]}}