{"id":3726,"date":"2025-09-19T14:08:59","date_gmt":"2025-09-19T12:08:59","guid":{"rendered":"https:\/\/antiquewhite-alligator-594470.hostingersite.com\/?post_type=product&#038;p=3726"},"modified":"2025-09-19T14:09:24","modified_gmt":"2025-09-19T12:09:24","slug":"tracteur-de-pelouse-john-deere-x370","status":"publish","type":"product","link":"https:\/\/samaterielagricole.com\/en\/product\/tracteur-de-pelouse-john-deere-x370\/","title":{"rendered":"Tracteur de pelouse JOHN DEERE X370"},"content":{"rendered":"<p>Les plus produit du&nbsp;tracteur de jardin John Deere X370&nbsp;:Moteur 18 cv bicylindre en V \u00e0 soupapes en t\u00eateLargeur de coupe 107 ou 122 cm mulchingTransmission hydrostatique<br \/>\nAvantages : conception ergonomique et confort de conduite.<br \/>\nPerformant et sobre, le moteur bicylindre en \u00abV\u00bb va vous donner des frissons.Avantage : puissance accrue \u00e0 moindre co\u00fbt.<br \/>\nPassez rapidement de la tonte au broyage.Avantage : sans outils.<\/p>\n\n    <div class=\"xs_social_share_widget xs_share_url after_content \t\tmain_content  wslu-style-1 wslu-share-box-shaped wslu-fill-colored wslu-none wslu-share-horizontal wslu-theme-font-no wslu-main_content\">\n\n\t\t\n        <ul>\n\t\t\t        <\/ul>\n    <\/div>","protected":false},"excerpt":{"rendered":"<p>Le tracteur de jardin X370 de chez John Deere&nbsp;offre tout le confort dont vous avez besoin ! Direction assist\u00e9e, puissant moteur de 18cv, transmission hydrostatique, essieu fonte. Des qualit\u00e9s John Deere pour tondre jusqu&rsquo;\u00e0 10 000 m\u00b2<\/p>","protected":false},"featured_media":3788,"comment_status":"open","ping_status":"closed","template":"","meta":{"postBodyCss":"","postBodyMargin":[],"postBodyPadding":[],"postBodyBackground":{"backgroundType":"classic","gradient":""}},"product_brand":[],"product_cat":[228],"product_tag":[],"class_list":{"0":"post-3726","1":"product","2":"type-product","3":"status-publish","4":"has-post-thumbnail","6":"product_cat-tondeuses-autoportees","8":"first","9":"instock","10":"shipping-taxable","11":"purchasable","12":"product-type-simple"},"_links":{"self":[{"href":"https:\/\/samaterielagricole.com\/en\/wp-json\/wp\/v2\/product\/3726","targetHints":{"allow":["GET"]}}],"collection":[{"href":"https:\/\/samaterielagricole.com\/en\/wp-json\/wp\/v2\/product"}],"about":[{"href":"https:\/\/samaterielagricole.com\/en\/wp-json\/wp\/v2\/types\/product"}],"replies":[{"embeddable":true,"href":"https:\/\/samaterielagricole.com\/en\/wp-json\/wp\/v2\/comments?post=3726"}],"version-history":[{"count":1,"href":"https:\/\/samaterielagricole.com\/en\/wp-json\/wp\/v2\/product\/3726\/revisions"}],"predecessor-version":[{"id":3789,"href":"https:\/\/samaterielagricole.com\/en\/wp-json\/wp\/v2\/product\/3726\/revisions\/3789"}],"wp:featuredmedia":[{"embeddable":true,"href":"https:\/\/samaterielagricole.com\/en\/wp-json\/wp\/v2\/media\/3788"}],"wp:attachment":[{"href":"https:\/\/samaterielagricole.com\/en\/wp-json\/wp\/v2\/media?parent=3726"}],"wp:term":[{"taxonomy":"product_brand","embeddable":true,"href":"https:\/\/samaterielagricole.com\/en\/wp-json\/wp\/v2\/product_brand?post=3726"},{"taxonomy":"product_cat","embeddable":true,"href":"https:\/\/samaterielagricole.com\/en\/wp-json\/wp\/v2\/product_cat?post=3726"},{"taxonomy":"product_tag","embeddable":true,"href":"https:\/\/samaterielagricole.com\/en\/wp-json\/wp\/v2\/product_tag?post=3726"}],"curies":[{"name":"wp","href":"https:\/\/api.w.org\/{rel}","templated":true}]}}