{"id":3725,"date":"2025-09-19T14:08:59","date_gmt":"2025-09-19T12:08:59","guid":{"rendered":"https:\/\/antiquewhite-alligator-594470.hostingersite.com\/?post_type=product&#038;p=3725"},"modified":"2025-09-19T14:09:24","modified_gmt":"2025-09-19T12:09:24","slug":"tracteur-de-pelouse-john-deere-x380","status":"publish","type":"product","link":"https:\/\/samaterielagricole.com\/en\/product\/tracteur-de-pelouse-john-deere-x380\/","title":{"rendered":"Tracteur de pelouse JOHN DEERE X380"},"content":{"rendered":"<p>Les plus du&nbsp;tracteur de jardin John Deere X380Moteur Kawasaki 23 cv bicylindre en VLargeur de coupe 107 cm \u00ab\u00a0renforc\u00e9e\u00a0\u00bb ( 122cm pour X380 48AD)Transmission hydrostatique<br \/>\nDe nouveaux sommets dans la perfection.<br \/>\nLes tracteurs de jardin s\u00e9rie X300 sont extr\u00eamement maniables et robustes, mais pas seulement !<br \/>\nIls n\u2019\u00e9pargnent aucun brin d\u2019herbe.<br \/>\nManiables m\u00eame dans les espaces les plus exigus, ces tracteurs de jardin sont dot\u00e9s d\u2019un puissant moteur d\u2019une remarquable sobri\u00e9t\u00e9. Leur coupe de pr\u00e9cision ne n\u00e9glige aucun brin d\u2019herbe, pour une finition impeccable.<br \/>\nPour une coupe parfaite.<br \/>\nVous souhaitez une coupe parfaite. Suivant les conditions de travail il peut \u00eatre n\u00e9cessaire de relever le plateau de coupe. Nous avons d\u00e9velopp\u00e9 un moyen plus souple pour relever les plateaux de coupe des tracteurs des s\u00e9ries X300 et X500. L&rsquo;acc\u00e8s direct et l&rsquo;utilisation de ce nouveau syst\u00e8me vous permettent d&rsquo;\u00e9conomiser jusqu&rsquo;\u00e0 50% du temps pass\u00e9 au relevage de la coupe.<\/p>\n\n    <div class=\"xs_social_share_widget xs_share_url after_content \t\tmain_content  wslu-style-1 wslu-share-box-shaped wslu-fill-colored wslu-none wslu-share-horizontal wslu-theme-font-no wslu-main_content\">\n\n\t\t\n        <ul>\n\t\t\t        <\/ul>\n    <\/div>","protected":false},"excerpt":{"rendered":"<p>Le tracteur de jardin John Deere X380 est simple d&rsquo;utilisation gr\u00e2ce aux p\u00e9dales TwinTouch. Un confort optimal aux qualit\u00e9s John Deere pour les surfaces de tonte pouvant atteindre les 10 000m\u00b2<\/p>","protected":false},"featured_media":3786,"comment_status":"open","ping_status":"closed","template":"","meta":{"postBodyCss":"","postBodyMargin":[],"postBodyPadding":[],"postBodyBackground":{"backgroundType":"classic","gradient":""}},"product_brand":[],"product_cat":[228],"product_tag":[],"class_list":{"0":"post-3725","1":"product","2":"type-product","3":"status-publish","4":"has-post-thumbnail","6":"product_cat-tondeuses-autoportees","8":"first","9":"instock","10":"shipping-taxable","11":"purchasable","12":"product-type-simple"},"_links":{"self":[{"href":"https:\/\/samaterielagricole.com\/en\/wp-json\/wp\/v2\/product\/3725","targetHints":{"allow":["GET"]}}],"collection":[{"href":"https:\/\/samaterielagricole.com\/en\/wp-json\/wp\/v2\/product"}],"about":[{"href":"https:\/\/samaterielagricole.com\/en\/wp-json\/wp\/v2\/types\/product"}],"replies":[{"embeddable":true,"href":"https:\/\/samaterielagricole.com\/en\/wp-json\/wp\/v2\/comments?post=3725"}],"version-history":[{"count":1,"href":"https:\/\/samaterielagricole.com\/en\/wp-json\/wp\/v2\/product\/3725\/revisions"}],"predecessor-version":[{"id":3787,"href":"https:\/\/samaterielagricole.com\/en\/wp-json\/wp\/v2\/product\/3725\/revisions\/3787"}],"wp:featuredmedia":[{"embeddable":true,"href":"https:\/\/samaterielagricole.com\/en\/wp-json\/wp\/v2\/media\/3786"}],"wp:attachment":[{"href":"https:\/\/samaterielagricole.com\/en\/wp-json\/wp\/v2\/media?parent=3725"}],"wp:term":[{"taxonomy":"product_brand","embeddable":true,"href":"https:\/\/samaterielagricole.com\/en\/wp-json\/wp\/v2\/product_brand?post=3725"},{"taxonomy":"product_cat","embeddable":true,"href":"https:\/\/samaterielagricole.com\/en\/wp-json\/wp\/v2\/product_cat?post=3725"},{"taxonomy":"product_tag","embeddable":true,"href":"https:\/\/samaterielagricole.com\/en\/wp-json\/wp\/v2\/product_tag?post=3725"}],"curies":[{"name":"wp","href":"https:\/\/api.w.org\/{rel}","templated":true}]}}