{"id":3724,"date":"2025-09-19T14:08:59","date_gmt":"2025-09-19T12:08:59","guid":{"rendered":"https:\/\/antiquewhite-alligator-594470.hostingersite.com\/?post_type=product&#038;p=3724"},"modified":"2025-09-19T14:09:23","modified_gmt":"2025-09-19T12:09:23","slug":"tracteur-de-pelouse-john-deere-z540r","status":"publish","type":"product","link":"https:\/\/samaterielagricole.com\/en\/product\/tracteur-de-pelouse-john-deere-z540r\/","title":{"rendered":"Tracteur de pelouse JOHN DEERE Z540R"},"content":{"rendered":"<p>Caract\u00e9ristiques du&nbsp;tracteur de pelouse&nbsp;\u00e0 barquage 0\u00b0 Z540<br \/>\nMoteur Kawasaki 27 cv, bicylindre<br \/>\nLargeur de coupe 122 cm<br \/>\nTransmission hydrostatique robuste + Moteurs de roues<br \/>\nRayon de braquage 0\u00b0<br \/>\nBac en option : 250 litres<br \/>\nEZtrak, la simplicit\u00e9 faite tondeuse<br \/>\nEZtrak, la simplicit\u00e9 a un nom&nbsp;! Lors de la conception de la s\u00e9rie EZtrak, nos ing\u00e9nieurs ont accord\u00e9 la plus grande attention aux moindres d\u00e9tails. Le r\u00e9sultat de ce travail est une tondeuse \u00e0 rayon de braquage nul con\u00e7ue intelligemment et d&rsquo;une facilit\u00e9 d&rsquo;utilisation enfantineManiabilit\u00e9Gr\u00e2ce \u00e0 leurs leviers de commande intuitifs, les tondeuses EZtrak permettent de changer de direction sur-le-champ pour \u00e9viter n&rsquo;importe quel obstacle simplement et efficacement, ce qui se traduit par un gain de temps et d&rsquo;efforts consentis.Qualit\u00e9Les tondeuses de la s\u00e9rie EZtrak reposent sur une structure en acier soud\u00e9 haute r\u00e9sistance, gage de solidit\u00e9 et de fiabilit\u00e9. \u00c9quip\u00e9 de roulettes \u00e0 l&rsquo;avant en fonte et de roues motrices larges \u00e0 l&rsquo;arri\u00e8re, ce mod\u00e8le garantit une conduite plus souple, une meilleure traction et un confort am\u00e9lior\u00e9 pour le conducteur.Facilit\u00e9 d&rsquo;entretienL&#8217;emplacement du moteur intelligemment pens\u00e9, ou encore la plate-forme conducteur rabattable permettant d&rsquo;acc\u00e9der facilement au carter de coupe sont autant de fonctions rendant les contr\u00f4les d&rsquo;entretien de routine encore plus efficaces. L&rsquo;entretien peut \u00eatre pris en charge en int\u00e9gralit\u00e9 par votre concessionnaire John&nbsp;Deere local.<\/p>\n\n    <div class=\"xs_social_share_widget xs_share_url after_content \t\tmain_content  wslu-style-1 wslu-share-box-shaped wslu-fill-colored wslu-none wslu-share-horizontal wslu-theme-font-no wslu-main_content\">\n\n\t\t\n        <ul>\n\t\t\t        <\/ul>\n    <\/div>","protected":false},"excerpt":{"rendered":"<p>Con\u00e7ue pour entretenir les plus grands terrains, le&nbsp;tracteur tondeuse&nbsp;\u00e0 braquage 0\u00b0 Z540R de chez John Deere est la plus robuste de sa gamme. Le plateau de coupe de 122 cm offre une haute capacit\u00e9 de traitement qui permet de faire face \u00e0 des volumes d&rsquo;herbe importants de fa\u00e7on plus efficace.<\/p>","protected":false},"featured_media":3784,"comment_status":"open","ping_status":"closed","template":"","meta":{"postBodyCss":"","postBodyMargin":[],"postBodyPadding":[],"postBodyBackground":{"backgroundType":"classic","gradient":""}},"product_brand":[],"product_cat":[228],"product_tag":[],"class_list":{"0":"post-3724","1":"product","2":"type-product","3":"status-publish","4":"has-post-thumbnail","6":"product_cat-tondeuses-autoportees","8":"first","9":"instock","10":"shipping-taxable","11":"purchasable","12":"product-type-simple"},"_links":{"self":[{"href":"https:\/\/samaterielagricole.com\/en\/wp-json\/wp\/v2\/product\/3724","targetHints":{"allow":["GET"]}}],"collection":[{"href":"https:\/\/samaterielagricole.com\/en\/wp-json\/wp\/v2\/product"}],"about":[{"href":"https:\/\/samaterielagricole.com\/en\/wp-json\/wp\/v2\/types\/product"}],"replies":[{"embeddable":true,"href":"https:\/\/samaterielagricole.com\/en\/wp-json\/wp\/v2\/comments?post=3724"}],"version-history":[{"count":1,"href":"https:\/\/samaterielagricole.com\/en\/wp-json\/wp\/v2\/product\/3724\/revisions"}],"predecessor-version":[{"id":3785,"href":"https:\/\/samaterielagricole.com\/en\/wp-json\/wp\/v2\/product\/3724\/revisions\/3785"}],"wp:featuredmedia":[{"embeddable":true,"href":"https:\/\/samaterielagricole.com\/en\/wp-json\/wp\/v2\/media\/3784"}],"wp:attachment":[{"href":"https:\/\/samaterielagricole.com\/en\/wp-json\/wp\/v2\/media?parent=3724"}],"wp:term":[{"taxonomy":"product_brand","embeddable":true,"href":"https:\/\/samaterielagricole.com\/en\/wp-json\/wp\/v2\/product_brand?post=3724"},{"taxonomy":"product_cat","embeddable":true,"href":"https:\/\/samaterielagricole.com\/en\/wp-json\/wp\/v2\/product_cat?post=3724"},{"taxonomy":"product_tag","embeddable":true,"href":"https:\/\/samaterielagricole.com\/en\/wp-json\/wp\/v2\/product_tag?post=3724"}],"curies":[{"name":"wp","href":"https:\/\/api.w.org\/{rel}","templated":true}]}}