{"id":3723,"date":"2025-09-19T14:08:59","date_gmt":"2025-09-19T12:08:59","guid":{"rendered":"https:\/\/antiquewhite-alligator-594470.hostingersite.com\/?post_type=product&#038;p=3723"},"modified":"2025-09-19T14:09:20","modified_gmt":"2025-09-19T12:09:20","slug":"tracteur-de-pelouse-john-deere-x590","status":"publish","type":"product","link":"https:\/\/samaterielagricole.com\/en\/product\/tracteur-de-pelouse-john-deere-x590\/","title":{"rendered":"Tracteur de pelouse JOHN DEERE X590"},"content":{"rendered":"<p>Les caract\u00e9ristiques du&nbsp;tracteur de pelouse John Deere X590<br \/>\nMoteur Kawasaki \u00e0 syst\u00e8me John Deere iTorque 26 cv &#8211; 16.4 Kw \u00e0 3350 tr\/mn &#8211;&nbsp;Bicylindre en V &#8211;&nbsp;Cylindr\u00e9e 675 cm3 &#8211;&nbsp;Refroidissement par eau &#8211;&nbsp;Transmission hydrostatique \u00e0 p\u00e9dales Twin Touch &#8211;&nbsp;Nombre de vitesses infini &#8211;&nbsp;Blocage de diff\u00e9rentiel de s\u00e9rie &#8211;&nbsp;R\u00e9gulateur de vitesses de s\u00e9rie &#8211;&nbsp;Vitesse d&rsquo;avancement :&nbsp;Marche AV : 11.3 km\/h, Marche AR : 6.4 km\/h &#8211;&nbsp;Pneus AV : 16&#215;6.5-8, Pneus AR : 23&#215;9.5-12 &#8211;&nbsp;Direction hydrostatique sur 2 roues &#8211;&nbsp;Rayon de braquage 55.9 cm &#8211;&nbsp;Ejection lat\u00e9ale convertible &#8211;&nbsp;Commande du carter \u00e9lectrique &#8211;&nbsp;Relevage du carter hydraulique &#8211;&nbsp;Bac de ramassage en option 250 ou 500 Litres.- Plateau de coupe 137 cm<br \/>\nSur tous les mod\u00e8les de la S\u00e9rie X500 :<br \/>\nEngagement \u00e9lectrique du carter de coupe<br \/>\nR\u00e9gulateur de vitesse<br \/>\nSi\u00e8ge Deluxe \u00e0 dossier sur\u00e9lev\u00e9<br \/>\nKit mulching en option<br \/>\nBac de ramassage en option<br \/>\nTableau de bord de type automobile<\/p>\n\n    <div class=\"xs_social_share_widget xs_share_url after_content \t\tmain_content  wslu-style-1 wslu-share-box-shaped wslu-fill-colored wslu-none wslu-share-horizontal wslu-theme-font-no wslu-main_content\">\n\n\t\t\n        <ul>\n\t\t\t        <\/ul>\n    <\/div>","protected":false},"excerpt":{"rendered":"<p>Le&nbsp;tracteur de pelouse John Deere X590&nbsp;se distingue par ses remarquables performances ainsi que par sa grande polyvalence, qu\u2019il doit \u00e0 son centre de gravit\u00e9 surbaiss\u00e9, \u00e0 son empattement long et \u00e0 son blocage de diff\u00e9rentiel. &#8211; Plateau de coupe 137cm<\/p>","protected":false},"featured_media":3765,"comment_status":"open","ping_status":"closed","template":"","meta":{"postBodyCss":"","postBodyMargin":[],"postBodyPadding":[],"postBodyBackground":{"backgroundType":"classic","gradient":""}},"product_brand":[],"product_cat":[231],"product_tag":[],"class_list":{"0":"post-3723","1":"product","2":"type-product","3":"status-publish","4":"has-post-thumbnail","6":"product_cat-tondeuse-autotractee","8":"first","9":"instock","10":"shipping-taxable","11":"purchasable","12":"product-type-simple"},"_links":{"self":[{"href":"https:\/\/samaterielagricole.com\/en\/wp-json\/wp\/v2\/product\/3723","targetHints":{"allow":["GET"]}}],"collection":[{"href":"https:\/\/samaterielagricole.com\/en\/wp-json\/wp\/v2\/product"}],"about":[{"href":"https:\/\/samaterielagricole.com\/en\/wp-json\/wp\/v2\/types\/product"}],"replies":[{"embeddable":true,"href":"https:\/\/samaterielagricole.com\/en\/wp-json\/wp\/v2\/comments?post=3723"}],"version-history":[{"count":1,"href":"https:\/\/samaterielagricole.com\/en\/wp-json\/wp\/v2\/product\/3723\/revisions"}],"predecessor-version":[{"id":3766,"href":"https:\/\/samaterielagricole.com\/en\/wp-json\/wp\/v2\/product\/3723\/revisions\/3766"}],"wp:featuredmedia":[{"embeddable":true,"href":"https:\/\/samaterielagricole.com\/en\/wp-json\/wp\/v2\/media\/3765"}],"wp:attachment":[{"href":"https:\/\/samaterielagricole.com\/en\/wp-json\/wp\/v2\/media?parent=3723"}],"wp:term":[{"taxonomy":"product_brand","embeddable":true,"href":"https:\/\/samaterielagricole.com\/en\/wp-json\/wp\/v2\/product_brand?post=3723"},{"taxonomy":"product_cat","embeddable":true,"href":"https:\/\/samaterielagricole.com\/en\/wp-json\/wp\/v2\/product_cat?post=3723"},{"taxonomy":"product_tag","embeddable":true,"href":"https:\/\/samaterielagricole.com\/en\/wp-json\/wp\/v2\/product_tag?post=3723"}],"curies":[{"name":"wp","href":"https:\/\/api.w.org\/{rel}","templated":true}]}}