{"id":3682,"date":"2025-09-19T14:08:38","date_gmt":"2025-09-19T12:08:38","guid":{"rendered":"https:\/\/antiquewhite-alligator-594470.hostingersite.com\/?post_type=product&#038;p=3682"},"modified":"2025-09-19T14:09:18","modified_gmt":"2025-09-19T12:09:18","slug":"tondeuse-autotractee-husqvarna-lc141i-avec-batterie-bli20-chargeur-qc80","status":"publish","type":"product","link":"https:\/\/samaterielagricole.com\/en\/product\/tondeuse-autotractee-husqvarna-lc141i-avec-batterie-bli20-chargeur-qc80\/","title":{"rendered":"Tondeuse Autotract\u00e9e Husqvarna LC141I AVEC BATTERIE BLI20 + CHARGEUR QC80"},"content":{"rendered":"<p>Tondeuse sur batterie Lithium-Ion dot\u00e9e d&rsquo;un puissant moteur sans balais. Sans entretien, elle \u00e9met \u00e9galement aucunes \u00e9missions de pollution nuisibles \u00e0 l&rsquo;environnement et \u00e0 la sant\u00e9 de l&rsquo;utilisateur. Sa traction \u00e0 vitesse variable la rend simple \u00e0 manier. Tr\u00e8s facile \u00e0 d\u00e9marrer, elle est \u00e9quip\u00e9e d&rsquo;une commande tr\u00e8s intuitive permettant un d\u00e9marrage instantan\u00e9. Elle est dot\u00e9e du mode SavE qui permet d&rsquo;augmenter l&rsquo;autonomie de la batterie. En option: kit mulching.Nos outils s\u00e9rie 100 Gamme Confort sont con\u00e7us pour vos t\u00e2ches simples et r\u00e9guli\u00e8res, des jardins r\u00e9sidentiels de petites et moyennes surfaces. Nous vous garantissons un r\u00e9sultat parfait, sans compromis sur le rendu et la performance.1 batterie, plusieurs outils: utilisez facilement et rapidement la m\u00eame batterie sur l&rsquo;ensemble de la gamme de produits batterie Husqvarna : coupe-bordures, souffleurs, tron\u00e7onneuses, tondeuses et taille-haies. D\u00e9couvrez les batteries amovibles 36V et chargeurs compatibles en cliquantImportant: le produit est livr\u00e9 avec une batterie BLi20 et un chargeur QC80.Autonomie avec une batterie BLi20: jusqu&rsquo;\u00e0 25min.<\/p>\n\n    <div class=\"xs_social_share_widget xs_share_url after_content \t\tmain_content  wslu-style-1 wslu-share-box-shaped wslu-fill-colored wslu-none wslu-share-horizontal wslu-theme-font-no wslu-main_content\">\n\n\t\t\n        <ul>\n\t\t\t        <\/ul>\n    <\/div>","protected":false},"excerpt":{"rendered":"<p>Tondeuse de la gamme Confort Batterie avec mode de r\u00e9glage centralis\u00e9 livr\u00e9e en pack avec une batterie et un chargeur. Dot\u00e9e d&rsquo;un puissant moteur sans balais.Tr\u00e8s facile \u00e0 d\u00e9marrer, elle est \u00e9quip\u00e9e d&rsquo;une commande tr\u00e8s intuitive permettant un d\u00e9marrage instantan\u00e9. Variateur de puissance et mode SavE pour un temps de fonctionnement optimis\u00e9. Variateur de puissance.<\/p>","protected":false},"featured_media":3760,"comment_status":"open","ping_status":"closed","template":"","meta":{"postBodyCss":"","postBodyMargin":[],"postBodyPadding":[],"postBodyBackground":{"backgroundType":"classic","gradient":""}},"product_brand":[],"product_cat":[231],"product_tag":[],"class_list":{"0":"post-3682","1":"product","2":"type-product","3":"status-publish","4":"has-post-thumbnail","6":"product_cat-tondeuse-autotractee","8":"first","9":"instock","10":"shipping-taxable","11":"purchasable","12":"product-type-simple"},"_links":{"self":[{"href":"https:\/\/samaterielagricole.com\/en\/wp-json\/wp\/v2\/product\/3682","targetHints":{"allow":["GET"]}}],"collection":[{"href":"https:\/\/samaterielagricole.com\/en\/wp-json\/wp\/v2\/product"}],"about":[{"href":"https:\/\/samaterielagricole.com\/en\/wp-json\/wp\/v2\/types\/product"}],"replies":[{"embeddable":true,"href":"https:\/\/samaterielagricole.com\/en\/wp-json\/wp\/v2\/comments?post=3682"}],"version-history":[{"count":1,"href":"https:\/\/samaterielagricole.com\/en\/wp-json\/wp\/v2\/product\/3682\/revisions"}],"predecessor-version":[{"id":3761,"href":"https:\/\/samaterielagricole.com\/en\/wp-json\/wp\/v2\/product\/3682\/revisions\/3761"}],"wp:featuredmedia":[{"embeddable":true,"href":"https:\/\/samaterielagricole.com\/en\/wp-json\/wp\/v2\/media\/3760"}],"wp:attachment":[{"href":"https:\/\/samaterielagricole.com\/en\/wp-json\/wp\/v2\/media?parent=3682"}],"wp:term":[{"taxonomy":"product_brand","embeddable":true,"href":"https:\/\/samaterielagricole.com\/en\/wp-json\/wp\/v2\/product_brand?post=3682"},{"taxonomy":"product_cat","embeddable":true,"href":"https:\/\/samaterielagricole.com\/en\/wp-json\/wp\/v2\/product_cat?post=3682"},{"taxonomy":"product_tag","embeddable":true,"href":"https:\/\/samaterielagricole.com\/en\/wp-json\/wp\/v2\/product_tag?post=3682"}],"curies":[{"name":"wp","href":"https:\/\/api.w.org\/{rel}","templated":true}]}}