{"id":3681,"date":"2025-09-19T14:08:38","date_gmt":"2025-09-19T12:08:38","guid":{"rendered":"https:\/\/antiquewhite-alligator-594470.hostingersite.com\/?post_type=product&#038;p=3681"},"modified":"2025-09-19T14:09:15","modified_gmt":"2025-09-19T12:09:15","slug":"robot-tondeuse-husqvarna-automower-450x-kit-dinstallation-l","status":"publish","type":"product","link":"https:\/\/samaterielagricole.com\/en\/product\/robot-tondeuse-husqvarna-automower-450x-kit-dinstallation-l\/","title":{"rendered":"Robot Tondeuse Husqvarna Automower 450X + Kit d&rsquo;installation L"},"content":{"rendered":"<p>Pour les jardins jusqu&rsquo;\u00e0 5000 m\u00b2. Equip\u00e9 d&rsquo;Automower\u00ae Connect: contr\u00f4lez, configurez et g\u00e9olocalisez votre robot n&rsquo;importe o\u00f9 dans le monde via l&rsquo;application. Son design premium int\u00e8gre des phares LED et des pares-chocs. Les sonars assurent que l&rsquo;Automower\u00ae r\u00e9duit sa vitesse avant d&rsquo;heurter un obstacle. Votre robot ne subit aucun choc ni dommage, \u00e9vite les collisions et demeure intact. Les Automower\u00ae de la s\u00e9rie 400 r\u00e8glent \u00e9lectroniquement la hauteur de coupe, adapte le temps de tonte en fonction de la pousse de l&rsquo;herbe gr\u00e2ce \u00e0 la minuterie adaptative, d\u00e9tectent automatiquement les passages \u00e9troits, g\u00e8rent les pentes jusqu&rsquo;\u00e0 45% d&rsquo;inclinaison, et offrent un retour automatique \u00e0 la station de charge plus rapide et sans laisser de traces au sol (via c\u00e2ble p\u00e9riph\u00e9rique, c\u00e2ble guide ou signal de la station). Ils peuvent aussi \u00eatre d\u00e9marr\u00e9s \u00e0 distance et sont s\u00e9curis\u00e9s par un code PIN et une alarme. Kit d&rsquo;installation L recommand\u00e9 (livr\u00e9 avec le robot tondeuse).<\/p>\n\n    <div class=\"xs_social_share_widget xs_share_url after_content \t\tmain_content  wslu-style-1 wslu-share-box-shaped wslu-fill-colored wslu-none wslu-share-horizontal wslu-theme-font-no wslu-main_content\">\n\n\t\t\n        <ul>\n\t\t\t        <\/ul>\n    <\/div>","protected":false},"excerpt":{"rendered":"<p>Pour les tous les grands jardins sur terrains simples ou complexes jusqu&rsquo;\u00e0 5000m\u00b2 (+\/-20%) Connectivit\u00e9 incluse Kit d&rsquo;installation L recommand\u00e9 (livr\u00e9 avec le robot tondeuse)<\/p>","protected":false},"featured_media":3758,"comment_status":"open","ping_status":"closed","template":"","meta":{"postBodyCss":"","postBodyMargin":[],"postBodyPadding":[],"postBodyBackground":{"backgroundType":"classic","gradient":""}},"product_brand":[],"product_cat":[227],"product_tag":[],"class_list":{"0":"post-3681","1":"product","2":"type-product","3":"status-publish","4":"has-post-thumbnail","6":"product_cat-tondeuses-robots","8":"first","9":"instock","10":"shipping-taxable","11":"purchasable","12":"product-type-simple"},"_links":{"self":[{"href":"https:\/\/samaterielagricole.com\/en\/wp-json\/wp\/v2\/product\/3681","targetHints":{"allow":["GET"]}}],"collection":[{"href":"https:\/\/samaterielagricole.com\/en\/wp-json\/wp\/v2\/product"}],"about":[{"href":"https:\/\/samaterielagricole.com\/en\/wp-json\/wp\/v2\/types\/product"}],"replies":[{"embeddable":true,"href":"https:\/\/samaterielagricole.com\/en\/wp-json\/wp\/v2\/comments?post=3681"}],"version-history":[{"count":1,"href":"https:\/\/samaterielagricole.com\/en\/wp-json\/wp\/v2\/product\/3681\/revisions"}],"predecessor-version":[{"id":3759,"href":"https:\/\/samaterielagricole.com\/en\/wp-json\/wp\/v2\/product\/3681\/revisions\/3759"}],"wp:featuredmedia":[{"embeddable":true,"href":"https:\/\/samaterielagricole.com\/en\/wp-json\/wp\/v2\/media\/3758"}],"wp:attachment":[{"href":"https:\/\/samaterielagricole.com\/en\/wp-json\/wp\/v2\/media?parent=3681"}],"wp:term":[{"taxonomy":"product_brand","embeddable":true,"href":"https:\/\/samaterielagricole.com\/en\/wp-json\/wp\/v2\/product_brand?post=3681"},{"taxonomy":"product_cat","embeddable":true,"href":"https:\/\/samaterielagricole.com\/en\/wp-json\/wp\/v2\/product_cat?post=3681"},{"taxonomy":"product_tag","embeddable":true,"href":"https:\/\/samaterielagricole.com\/en\/wp-json\/wp\/v2\/product_tag?post=3681"}],"curies":[{"name":"wp","href":"https:\/\/api.w.org\/{rel}","templated":true}]}}