{"id":3676,"date":"2025-09-19T14:08:38","date_gmt":"2025-09-19T12:08:38","guid":{"rendered":"https:\/\/antiquewhite-alligator-594470.hostingersite.com\/?post_type=product&#038;p=3676"},"modified":"2025-09-19T14:09:07","modified_gmt":"2025-09-19T12:09:07","slug":"robot-tondeuse-husqvarna-automower-310-pack-s-dinstallation-inclus","status":"publish","type":"product","link":"https:\/\/samaterielagricole.com\/en\/product\/robot-tondeuse-husqvarna-automower-310-pack-s-dinstallation-inclus\/","title":{"rendered":"Robot Tondeuse Husqvarna Automower 310 + Pack S d&rsquo;installation inclus"},"content":{"rendered":"<p>Pour les jardins jusqu&rsquo;\u00e0 1000m\u00b2. Les Automower\u00ae de la s\u00e9rie 300 d\u00e9tectent automatiquement les passages \u00e9troits, g\u00e8rent les pentes jusqu&rsquo;\u00e0 40% d&rsquo;inclinaison et offrent un retour automatique \u00e0 la station de charge plus rapide et sans laisser de traces au sol (via c\u00e2ble p\u00e9riph\u00e9rique, c\u00e2ble guide ou signal de la station). Ils peuvent aussi \u00eatre d\u00e9marr\u00e9s \u00e0 distance et sont s\u00e9curis\u00e9s par un code PIN et une alarme. Kit d&rsquo;installation S recommand\u00e9.<br \/>\nCapacit\u00e9 de tonte<br \/>\n1000 m\u00b2<br \/>\nAutomower\u00ae Connect<br \/>\nEn option<br \/>\nBluetooth<\/p>\n<p>Capacit\u00e9 moyenne horaire (tonte + charge)<br \/>\n56 m\u00b2\/h<br \/>\nC\u00e2bles guide<br \/>\nx1<br \/>\nPente maximale<br \/>\n40% (22\u00b0)<br \/>\nHauteur de coupe<br \/>\n2-6 cm<br \/>\nProtection par code PIN &amp; alarme<\/p>\n<p>inclus avec le robot<br \/>\n1 station de charge + 5 vis d&rsquo;ancrage + 1 transformateur + 1 c\u00e2ble basse tension + 9 lame<\/p>\n\n    <div class=\"xs_social_share_widget xs_share_url after_content \t\tmain_content  wslu-style-1 wslu-share-box-shaped wslu-fill-colored wslu-none wslu-share-horizontal wslu-theme-font-no wslu-main_content\">\n\n\t\t\n        <ul>\n\t\t\t        <\/ul>\n    <\/div>","protected":false},"excerpt":{"rendered":"<p>Pour les petits jardins sur terrains complexes ou les jardins simples jusqu&rsquo;\u00e0 1000m\u00b2 (+\/-20%). Kit d&rsquo;installation S recommand\u00e9 (livr\u00e9 avec le robot tondeuse.)<\/p>","protected":false},"featured_media":3747,"comment_status":"open","ping_status":"closed","template":"","meta":{"postBodyCss":"","postBodyMargin":[],"postBodyPadding":[],"postBodyBackground":{"backgroundType":"classic","gradient":""}},"product_brand":[],"product_cat":[227],"product_tag":[],"class_list":{"0":"post-3676","1":"product","2":"type-product","3":"status-publish","4":"has-post-thumbnail","6":"product_cat-tondeuses-robots","8":"first","9":"instock","10":"shipping-taxable","11":"purchasable","12":"product-type-simple"},"_links":{"self":[{"href":"https:\/\/samaterielagricole.com\/en\/wp-json\/wp\/v2\/product\/3676","targetHints":{"allow":["GET"]}}],"collection":[{"href":"https:\/\/samaterielagricole.com\/en\/wp-json\/wp\/v2\/product"}],"about":[{"href":"https:\/\/samaterielagricole.com\/en\/wp-json\/wp\/v2\/types\/product"}],"replies":[{"embeddable":true,"href":"https:\/\/samaterielagricole.com\/en\/wp-json\/wp\/v2\/comments?post=3676"}],"version-history":[{"count":1,"href":"https:\/\/samaterielagricole.com\/en\/wp-json\/wp\/v2\/product\/3676\/revisions"}],"predecessor-version":[{"id":3749,"href":"https:\/\/samaterielagricole.com\/en\/wp-json\/wp\/v2\/product\/3676\/revisions\/3749"}],"wp:featuredmedia":[{"embeddable":true,"href":"https:\/\/samaterielagricole.com\/en\/wp-json\/wp\/v2\/media\/3747"}],"wp:attachment":[{"href":"https:\/\/samaterielagricole.com\/en\/wp-json\/wp\/v2\/media?parent=3676"}],"wp:term":[{"taxonomy":"product_brand","embeddable":true,"href":"https:\/\/samaterielagricole.com\/en\/wp-json\/wp\/v2\/product_brand?post=3676"},{"taxonomy":"product_cat","embeddable":true,"href":"https:\/\/samaterielagricole.com\/en\/wp-json\/wp\/v2\/product_cat?post=3676"},{"taxonomy":"product_tag","embeddable":true,"href":"https:\/\/samaterielagricole.com\/en\/wp-json\/wp\/v2\/product_tag?post=3676"}],"curies":[{"name":"wp","href":"https:\/\/api.w.org\/{rel}","templated":true}]}}