{"id":3675,"date":"2025-09-19T14:08:38","date_gmt":"2025-09-19T12:08:38","guid":{"rendered":"https:\/\/antiquewhite-alligator-594470.hostingersite.com\/?post_type=product&#038;p=3675"},"modified":"2025-09-19T14:09:07","modified_gmt":"2025-09-19T12:09:07","slug":"robot-tondeuse-husqvarna-automower-305-pack-s-dinstallation-inclus","status":"publish","type":"product","link":"https:\/\/samaterielagricole.com\/en\/product\/robot-tondeuse-husqvarna-automower-305-pack-s-dinstallation-inclus\/","title":{"rendered":"Robot Tondeuse Husqvarna Automower 305 + Pack S d&rsquo;installation inclus"},"content":{"rendered":"<p>L&rsquo;Automower\u00ae 305 est le robot de tonte le plus performant pour les jardins urbains et p\u00e9ri-urbains. \u00c9quip\u00e9 des derni\u00e8res technologies Husqvarna, il assure une tonte parfaite sur tous les types de terrain jusqu&rsquo;\u00e0 600m\u00b2 et dans les passages les plus \u00e9troits. Encore plus intelligent, intuitif, il g\u00e9rera tous les types de configurations de jardins et les pentes jusqu&rsquo;\u00e0 40% d&rsquo;inclinaison. Ses 3 m\u00e9thodes de retour de \u00e0 la station de charge (c\u00e2ble guide, c\u00e2ble p\u00e9riph\u00e9rique et via le signal de la station de charge) lui assure une parfaite autonomie et un retour \u00e0 sa station de charge des plus efficaces. Le mode tonte adaptative lui permet d&rsquo;ajuster son temps de tonte en fonction des conditions m\u00e9t\u00e9orologique pour une pelouse toujours homog\u00e8ne. Equip\u00e9 de la technologie Bluetooth pour un contr\u00f4le via l&rsquo;application Automower\u00ae Connect (port\u00e9e limit\u00e9e \u00e0 30m). \u00c9galement lavable au jet d&rsquo;eau pour un entretien facilit\u00e9. Votre pelouse sera plus rayonnante que jamais pour votre plus grand plaisir et celui de votre jardin. Kit d&rsquo;installation S recommand\u00e9 (livr\u00e9 avec le robot tondeuse)<br \/>\nCapacit\u00e9 de tonte<br \/>\n600 m\u00b2<br \/>\nAutomower\u00ae Connect<br \/>\nEn option<br \/>\nBluetooth<\/p>\n<p>Capacit\u00e9 moyenne horaire (tonte + charge)<br \/>\n56 m\u00b2\/h<br \/>\nC\u00e2bles guide<br \/>\nx1<br \/>\nPente maximale<br \/>\n40% (22\u00b0)<br \/>\nHauteur de coupe<br \/>\n2-5 cm<br \/>\nProtection par code PIN &amp; alarme<\/p>\n\n    <div class=\"xs_social_share_widget xs_share_url after_content \t\tmain_content  wslu-style-1 wslu-share-box-shaped wslu-fill-colored wslu-none wslu-share-horizontal wslu-theme-font-no wslu-main_content\">\n\n\t\t\n        <ul>\n\t\t\t        <\/ul>\n    <\/div>","protected":false},"excerpt":{"rendered":"<p>L&rsquo;Automower\u00ae 305 est le robot de tonte le plus performant pour les jardins urbains et p\u00e9ri-urbains. Kit d&rsquo;installation S recommand\u00e9 (livr\u00e9 avec le robot tondeuse)<\/p>","protected":false},"featured_media":3745,"comment_status":"open","ping_status":"closed","template":"","meta":{"postBodyCss":"","postBodyMargin":[],"postBodyPadding":[],"postBodyBackground":{"backgroundType":"classic","gradient":""}},"product_brand":[],"product_cat":[227],"product_tag":[],"class_list":{"0":"post-3675","1":"product","2":"type-product","3":"status-publish","4":"has-post-thumbnail","6":"product_cat-tondeuses-robots","8":"first","9":"instock","10":"shipping-taxable","11":"purchasable","12":"product-type-simple"},"_links":{"self":[{"href":"https:\/\/samaterielagricole.com\/en\/wp-json\/wp\/v2\/product\/3675","targetHints":{"allow":["GET"]}}],"collection":[{"href":"https:\/\/samaterielagricole.com\/en\/wp-json\/wp\/v2\/product"}],"about":[{"href":"https:\/\/samaterielagricole.com\/en\/wp-json\/wp\/v2\/types\/product"}],"replies":[{"embeddable":true,"href":"https:\/\/samaterielagricole.com\/en\/wp-json\/wp\/v2\/comments?post=3675"}],"version-history":[{"count":1,"href":"https:\/\/samaterielagricole.com\/en\/wp-json\/wp\/v2\/product\/3675\/revisions"}],"predecessor-version":[{"id":3746,"href":"https:\/\/samaterielagricole.com\/en\/wp-json\/wp\/v2\/product\/3675\/revisions\/3746"}],"wp:featuredmedia":[{"embeddable":true,"href":"https:\/\/samaterielagricole.com\/en\/wp-json\/wp\/v2\/media\/3745"}],"wp:attachment":[{"href":"https:\/\/samaterielagricole.com\/en\/wp-json\/wp\/v2\/media?parent=3675"}],"wp:term":[{"taxonomy":"product_brand","embeddable":true,"href":"https:\/\/samaterielagricole.com\/en\/wp-json\/wp\/v2\/product_brand?post=3675"},{"taxonomy":"product_cat","embeddable":true,"href":"https:\/\/samaterielagricole.com\/en\/wp-json\/wp\/v2\/product_cat?post=3675"},{"taxonomy":"product_tag","embeddable":true,"href":"https:\/\/samaterielagricole.com\/en\/wp-json\/wp\/v2\/product_tag?post=3675"}],"curies":[{"name":"wp","href":"https:\/\/api.w.org\/{rel}","templated":true}]}}